{"id":28899,"date":"2022-04-27T09:14:53","date_gmt":"2022-04-27T07:14:53","guid":{"rendered":"https:\/\/verkkokauppa.tahto.com\/?page_id=28899"},"modified":"2022-06-29T13:40:31","modified_gmt":"2022-06-29T11:40:31","slug":"terms-of-use-and-delivery","status":"publish","type":"page","link":"https:\/\/verkkokauppa.tahto.com\/en\/terms-of-use-and-delivery\/","title":{"rendered":"TERMS OF USE AND DELIVERY"},"content":{"rendered":"\t\t<div data-elementor-type=\"wp-page\" data-elementor-id=\"28899\" class=\"elementor elementor-28899 elementor-4118\" data-elementor-post-type=\"page\">\n\t\t\t\t\t\t<section class=\"elementor-section elementor-top-section elementor-element elementor-element-a8cf3b8 elementor-section-boxed elementor-section-height-default elementor-section-height-default\" data-id=\"a8cf3b8\" data-element_type=\"section\">\n\t\t\t\t\t\t<div class=\"elementor-container elementor-column-gap-default\">\n\t\t\t\t\t<div class=\"elementor-column elementor-col-100 elementor-top-column elementor-element elementor-element-425cd03\" data-id=\"425cd03\" data-element_type=\"column\">\n\t\t\t<div class=\"elementor-widget-wrap elementor-element-populated\">\n\t\t\t\t\t\t<div class=\"elementor-element elementor-element-7396fbe elementor-widget elementor-widget-heading\" data-id=\"7396fbe\" data-element_type=\"widget\" data-widget_type=\"heading.default\">\n\t\t\t\t<div class=\"elementor-widget-container\">\n\t\t\t\t\t<h1 class=\"elementor-heading-title elementor-size-default\">TERMS OF USE AND DELIVERY<\/h1>\t\t\t\t<\/div>\n\t\t\t\t<\/div>\n\t\t\t\t<div class=\"elementor-element elementor-element-3e8c09f elementor-widget elementor-widget-text-editor\" data-id=\"3e8c09f\" data-element_type=\"widget\" data-widget_type=\"text-editor.default\">\n\t\t\t\t<div class=\"elementor-widget-container\">\n\t\t\t\t\t\t\t\t\t<section>\n<div>\n<div>\n<div class=\"std\">\n<p><strong>PRICES OF PHOTOGRAPH SEVICES<\/strong><br>For prices of digital files and fees of usage please see our <a href=\"https:\/\/verkkokauppa.tahto.com\/en\/pricelist\/\">Price List<\/a>.<\/p>\n<p><strong>TERMS OF DELIVERY<\/strong><\/p>\n<p>1. Time of delivery<br>Photographs can be downloaded through web link as soon as the payment has been made.&nbsp;<\/p>\n<p>2. Client\u2019s liabilities and obligations&nbsp;<\/p>\n<p>a) The client is responsible for the legality of the context where the pictures are used, for the obtainment of permissions and consents required for their publication, and for the observation of generally established practices and decency upon their publication. The client shall also obtain the permissions needed for any persons, works of art, trademarks and proprietary rights shown in the pictures.<br>b) In order to obtain the publication right, the client shall state in advance the way of use of the picture, the publication or advertising media where the picture will be published, and the end user of the picture.<br>c) Any additional or follow-up use of the picture must be notified in advance to the TAHTO Centre for Finnish Sports Culture. <br>d) Digital picture files must be destroyed immediately after use and may not be stored.<\/p>\n<p>3. Instructions and Restrictions of Publication<br>a) When publishing the pictures the name of the photographer and\/or that of the TAHTO Centre for Finnish Sports Culture shall be mentioned as the source.<br>b) The pictures shall not be manipulated in any way without prior consent of the TAHTO Centre for Finnish Sports Culture.<br>c) The maximum permitted size of a picture published on the Internet is 900&#215;1200 pixels.<\/p>\n<p>4. Methods of payment<br>Payments shall be made upon placing the order. The following methods of payment are accepted:<br>&#8211; Online banks in Finland: Nordea, Osuuspankki, Danske Bank, S\u00e4\u00e4st\u00f6pankki, Oma S\u00e4\u00e4st\u00f6pankki, POP Pankki, Aktia, Handelsbanken, \u00c5landsbanken, S-Pankki<br>&#8211; Major credit cards<br>&#8211; PayPal <br>Payment services via online banks and credit card companies are provided by Paytrail Oyj (2122839-7). The transaction is made between the buyer (customer) and Paytrail. Paytrail then transfers the sum to the TAHTO Centre for Finnish Sports Culture (merchant). For the buyer the service works as normal online payment operation. The TAHTO Centre for Finnish Sports Culture is responsible only for marketing and delivery of products. Reclamations can be addressed either to the Sports Museum of Finland or to Paytrail.<\/p>\n<p>Paytrail Oyj<br>Business ID: 2122839-7<br>Address: <br>Innova 2 <br>Lutakonaukio 7<br>40100 Jyv\u00e4skyl\u00e4 <br>FINLAND<br>Tel. +358 600 41005<\/p>\n<p>5. Reclamations<br>Reclamations concerning digital products (photographs) must be made immediately upon reception of the digital file.<\/p>\n<p>6. Force majeure <br>TAHTO Centre for Finnish Sports Culture is not liable for prevention, impediment or delay of deliveries caused by circumstances beyond its control, such as Acts of God (including fire, flood, earthquake, storm, hurricane or other natural disaster), war, invasion, act of foreign enemies, hostilities (regardless of whether war is declared), civil war, rebellion, revolution, insurrection, military or usurped power or confiscation, terrorist activities, nationalisation, government sanction, blockage, embargo, labor dispute, strike, lockout or interruption or failure of electricity or telephone service.<\/p>\n<p>7. Settlement of disputes<br>Disputes that may arise in connection with this online sales agreement shall be settled according to Finnish law.<\/p>\n<p>8. Contact address<br>TAHTO Centre for Finnish Sports Culture <br>Verkkokauppa<br>Paavo Nurmen tie 1<br>00250 HELSINKI<br>FINLAND<br>tahto@tahto.com<\/p>\n<\/div>\n<\/div>\n<\/div>\n<\/section>\t\t\t\t\t\t\t\t<\/div>\n\t\t\t\t<\/div>\n\t\t\t\t\t<\/div>\n\t\t<\/div>\n\t\t\t\t\t<\/div>\n\t\t<\/section>\n\t\t\t\t<\/div>\n\t\t","protected":false},"excerpt":{"rendered":"<p>TERMS OF USE AND DELIVERY PRICES OF PHOTOGRAPH SEVICESFor prices of digital files and fees of usage please see our Price List. TERMS OF DELIVERY 1. Time of deliveryPhotographs can be downloaded through web link as soon as the payment has been made.&nbsp; 2. Client\u2019s liabilities and obligations&nbsp; a) The client is responsible for the [&hellip;]<\/p>\n","protected":false},"author":1,"featured_media":0,"parent":0,"menu_order":0,"comment_status":"closed","ping_status":"closed","template":"elementor_header_footer","meta":{"footnotes":""},"class_list":["post-28899","page","type-page","status-publish","hentry"],"yoast_head":"<!-- This site is optimized with the Yoast SEO plugin v27.2 - https:\/\/yoast.com\/product\/yoast-seo-wordpress\/ -->\n<title>TERMS OF USE AND DELIVERY - TAHTO Shop<\/title>\n<meta name=\"robots\" content=\"index, follow, max-snippet:-1, max-image-preview:large, max-video-preview:-1\" \/>\n<link rel=\"canonical\" href=\"https:\/\/verkkokauppa.tahto.com\/en\/terms-of-use-and-delivery\/\" \/>\n<meta property=\"og:locale\" content=\"en_US\" \/>\n<meta property=\"og:type\" content=\"article\" \/>\n<meta property=\"og:title\" content=\"TERMS OF USE AND DELIVERY - TAHTO Shop\" \/>\n<meta property=\"og:description\" content=\"TERMS OF USE AND DELIVERY PRICES OF PHOTOGRAPH SEVICESFor prices of digital files and fees of usage please see our Price List. TERMS OF DELIVERY 1. Time of deliveryPhotographs can be downloaded through web link as soon as the payment has been made.&nbsp; 2. Client\u2019s liabilities and obligations&nbsp; a) The client is responsible for the [&hellip;]\" \/>\n<meta property=\"og:url\" content=\"https:\/\/verkkokauppa.tahto.com\/en\/terms-of-use-and-delivery\/\" \/>\n<meta property=\"og:site_name\" content=\"TAHTO Shop\" \/>\n<meta property=\"article:publisher\" content=\"https:\/\/www.facebook.com\/Urheilumuseo\" \/>\n<meta property=\"article:modified_time\" content=\"2022-06-29T11:40:31+00:00\" \/>\n<meta name=\"twitter:card\" content=\"summary_large_image\" \/>\n<meta name=\"twitter:label1\" content=\"Est. reading time\" \/>\n\t<meta name=\"twitter:data1\" content=\"3 minutes\" \/>\n<script type=\"application\/ld+json\" class=\"yoast-schema-graph\">{\"@context\":\"https:\/\/schema.org\",\"@graph\":[{\"@type\":\"WebPage\",\"@id\":\"https:\/\/verkkokauppa.tahto.com\/en\/terms-of-use-and-delivery\/\",\"url\":\"https:\/\/verkkokauppa.tahto.com\/en\/terms-of-use-and-delivery\/\",\"name\":\"TERMS OF USE AND DELIVERY - TAHTO Shop\",\"isPartOf\":{\"@id\":\"https:\/\/verkkokauppa.tahto.com\/#website\"},\"datePublished\":\"2022-04-27T07:14:53+00:00\",\"dateModified\":\"2022-06-29T11:40:31+00:00\",\"breadcrumb\":{\"@id\":\"https:\/\/verkkokauppa.tahto.com\/en\/terms-of-use-and-delivery\/#breadcrumb\"},\"inLanguage\":\"en-US\",\"potentialAction\":[{\"@type\":\"ReadAction\",\"target\":[\"https:\/\/verkkokauppa.tahto.com\/en\/terms-of-use-and-delivery\/\"]}]},{\"@type\":\"BreadcrumbList\",\"@id\":\"https:\/\/verkkokauppa.tahto.com\/en\/terms-of-use-and-delivery\/#breadcrumb\",\"itemListElement\":[{\"@type\":\"ListItem\",\"position\":1,\"name\":\"Etusivu\",\"item\":\"https:\/\/verkkokauppa.tahto.com\/en\/\"},{\"@type\":\"ListItem\",\"position\":2,\"name\":\"TERMS OF USE AND DELIVERY\"}]},{\"@type\":\"WebSite\",\"@id\":\"https:\/\/verkkokauppa.tahto.com\/#website\",\"url\":\"https:\/\/verkkokauppa.tahto.com\/\",\"name\":\"TAHTO Shop\",\"description\":\"\",\"publisher\":{\"@id\":\"https:\/\/verkkokauppa.tahto.com\/#organization\"},\"potentialAction\":[{\"@type\":\"SearchAction\",\"target\":{\"@type\":\"EntryPoint\",\"urlTemplate\":\"https:\/\/verkkokauppa.tahto.com\/?s={search_term_string}\"},\"query-input\":{\"@type\":\"PropertyValueSpecification\",\"valueRequired\":true,\"valueName\":\"search_term_string\"}}],\"inLanguage\":\"en-US\"},{\"@type\":\"Organization\",\"@id\":\"https:\/\/verkkokauppa.tahto.com\/#organization\",\"name\":\"TAHTO Urheilun ja liikunnan kulttuurikeskus\",\"url\":\"https:\/\/verkkokauppa.tahto.com\/\",\"logo\":{\"@type\":\"ImageObject\",\"inLanguage\":\"en-US\",\"@id\":\"https:\/\/verkkokauppa.tahto.com\/#\/schema\/logo\/image\/\",\"url\":\"https:\/\/verkkokauppa.tahto.com\/wp-content\/uploads\/2022\/05\/cropped-cropped-TAHTO-logo_MV-plain-17.png\",\"contentUrl\":\"https:\/\/verkkokauppa.tahto.com\/wp-content\/uploads\/2022\/05\/cropped-cropped-TAHTO-logo_MV-plain-17.png\",\"width\":1442,\"height\":311,\"caption\":\"TAHTO Urheilun ja liikunnan kulttuurikeskus\"},\"image\":{\"@id\":\"https:\/\/verkkokauppa.tahto.com\/#\/schema\/logo\/image\/\"},\"sameAs\":[\"https:\/\/www.facebook.com\/Urheilumuseo\"]}]}<\/script>\n<!-- \/ Yoast SEO plugin. -->","yoast_head_json":{"title":"TERMS OF USE AND DELIVERY - TAHTO Shop","robots":{"index":"index","follow":"follow","max-snippet":"max-snippet:-1","max-image-preview":"max-image-preview:large","max-video-preview":"max-video-preview:-1"},"canonical":"https:\/\/verkkokauppa.tahto.com\/en\/terms-of-use-and-delivery\/","og_locale":"en_US","og_type":"article","og_title":"TERMS OF USE AND DELIVERY - TAHTO Shop","og_description":"TERMS OF USE AND DELIVERY PRICES OF PHOTOGRAPH SEVICESFor prices of digital files and fees of usage please see our Price List. TERMS OF DELIVERY 1. Time of deliveryPhotographs can be downloaded through web link as soon as the payment has been made.&nbsp; 2. Client\u2019s liabilities and obligations&nbsp; a) The client is responsible for the [&hellip;]","og_url":"https:\/\/verkkokauppa.tahto.com\/en\/terms-of-use-and-delivery\/","og_site_name":"TAHTO Shop","article_publisher":"https:\/\/www.facebook.com\/Urheilumuseo","article_modified_time":"2022-06-29T11:40:31+00:00","twitter_card":"summary_large_image","twitter_misc":{"Est. reading time":"3 minutes"},"schema":{"@context":"https:\/\/schema.org","@graph":[{"@type":"WebPage","@id":"https:\/\/verkkokauppa.tahto.com\/en\/terms-of-use-and-delivery\/","url":"https:\/\/verkkokauppa.tahto.com\/en\/terms-of-use-and-delivery\/","name":"TERMS OF USE AND DELIVERY - TAHTO Shop","isPartOf":{"@id":"https:\/\/verkkokauppa.tahto.com\/#website"},"datePublished":"2022-04-27T07:14:53+00:00","dateModified":"2022-06-29T11:40:31+00:00","breadcrumb":{"@id":"https:\/\/verkkokauppa.tahto.com\/en\/terms-of-use-and-delivery\/#breadcrumb"},"inLanguage":"en-US","potentialAction":[{"@type":"ReadAction","target":["https:\/\/verkkokauppa.tahto.com\/en\/terms-of-use-and-delivery\/"]}]},{"@type":"BreadcrumbList","@id":"https:\/\/verkkokauppa.tahto.com\/en\/terms-of-use-and-delivery\/#breadcrumb","itemListElement":[{"@type":"ListItem","position":1,"name":"Etusivu","item":"https:\/\/verkkokauppa.tahto.com\/en\/"},{"@type":"ListItem","position":2,"name":"TERMS OF USE AND DELIVERY"}]},{"@type":"WebSite","@id":"https:\/\/verkkokauppa.tahto.com\/#website","url":"https:\/\/verkkokauppa.tahto.com\/","name":"TAHTO Shop","description":"","publisher":{"@id":"https:\/\/verkkokauppa.tahto.com\/#organization"},"potentialAction":[{"@type":"SearchAction","target":{"@type":"EntryPoint","urlTemplate":"https:\/\/verkkokauppa.tahto.com\/?s={search_term_string}"},"query-input":{"@type":"PropertyValueSpecification","valueRequired":true,"valueName":"search_term_string"}}],"inLanguage":"en-US"},{"@type":"Organization","@id":"https:\/\/verkkokauppa.tahto.com\/#organization","name":"TAHTO Urheilun ja liikunnan kulttuurikeskus","url":"https:\/\/verkkokauppa.tahto.com\/","logo":{"@type":"ImageObject","inLanguage":"en-US","@id":"https:\/\/verkkokauppa.tahto.com\/#\/schema\/logo\/image\/","url":"https:\/\/verkkokauppa.tahto.com\/wp-content\/uploads\/2022\/05\/cropped-cropped-TAHTO-logo_MV-plain-17.png","contentUrl":"https:\/\/verkkokauppa.tahto.com\/wp-content\/uploads\/2022\/05\/cropped-cropped-TAHTO-logo_MV-plain-17.png","width":1442,"height":311,"caption":"TAHTO Urheilun ja liikunnan kulttuurikeskus"},"image":{"@id":"https:\/\/verkkokauppa.tahto.com\/#\/schema\/logo\/image\/"},"sameAs":["https:\/\/www.facebook.com\/Urheilumuseo"]}]}},"_links":{"self":[{"href":"https:\/\/verkkokauppa.tahto.com\/en\/wp-json\/wp\/v2\/pages\/28899","targetHints":{"allow":["GET"]}}],"collection":[{"href":"https:\/\/verkkokauppa.tahto.com\/en\/wp-json\/wp\/v2\/pages"}],"about":[{"href":"https:\/\/verkkokauppa.tahto.com\/en\/wp-json\/wp\/v2\/types\/page"}],"author":[{"embeddable":true,"href":"https:\/\/verkkokauppa.tahto.com\/en\/wp-json\/wp\/v2\/users\/1"}],"replies":[{"embeddable":true,"href":"https:\/\/verkkokauppa.tahto.com\/en\/wp-json\/wp\/v2\/comments?post=28899"}],"version-history":[{"count":35,"href":"https:\/\/verkkokauppa.tahto.com\/en\/wp-json\/wp\/v2\/pages\/28899\/revisions"}],"predecessor-version":[{"id":29064,"href":"https:\/\/verkkokauppa.tahto.com\/en\/wp-json\/wp\/v2\/pages\/28899\/revisions\/29064"}],"wp:attachment":[{"href":"https:\/\/verkkokauppa.tahto.com\/en\/wp-json\/wp\/v2\/media?parent=28899"}],"curies":[{"name":"wp","href":"https:\/\/api.w.org\/{rel}","templated":true}]}}