{"id":14581,"date":"2016-06-23T09:32:12","date_gmt":"2016-06-23T09:32:12","guid":{"rendered":"https:\/\/verkkokauppa.tahto.com\/tuote\/samuel-lee-and-john-mccormack-speak-with-soviet-swimmers-at-summer-olympics-in-helsinki-1952\/"},"modified":"2016-06-23T09:32:12","modified_gmt":"2016-06-23T09:32:12","slug":"samuel-lee-and-john-mccormack-speak-with-soviet-swimmers-at-summer-olympics-in-helsinki-1952","status":"publish","type":"product","link":"https:\/\/verkkokauppa.tahto.com\/en\/tuote\/samuel-lee-and-john-mccormack-speak-with-soviet-swimmers-at-summer-olympics-in-helsinki-1952\/","title":{"rendered":"Samuel Lee and John McCormack speak with Soviet swimmers at the Summer Olympics in Helsinki 1952"},"content":{"rendered":"","protected":false},"excerpt":{"rendered":"<p>1952 Summer Olympics in Helsinki. Divers Samuel &#8220;Sammy&#8221; Lee (fourth from the left) and John McCormack of the United States (sixth from the right, sitting) speak with Soviet swimmers at the Swimming Stadium.<\/p>\n","protected":false},"featured_media":14575,"comment_status":"open","ping_status":"closed","template":"","meta":[],"product_brand":[],"product_cat":[512,520,524,641],"product_tag":[],"class_list":{"0":"post-14581","1":"product","2":"type-product","3":"status-publish","4":"has-post-thumbnail","6":"product_cat-sports-photos-en","7":"product_cat-summer-olympics-en","8":"product_cat-helsinki-1952-en","9":"product_cat-swimming-and-diving-en","10":"pa_image_period-1950_luku-en","11":"pa_image_year-1952-en","12":"wcpa_has_options","14":"first","15":"instock","16":"taxable","17":"shipping-taxable","18":"purchasable","19":"product-type-variable"},"wcpa_form_fields":{"rules":{"pric_overide_base_price":true,"pric_overide_base_price_if_gt_zero":true,"pric_overide_base_price_fully":true,"pric_cal_option_once":false,"pric_use_as_fee":false,"bind_quantity":false,"quantity_bind_formula":false},"fields":[{"type":"text","elementId":"wcpa-text-1677651898896","label":"NB","value":"TAHTO does not deliver paper images, only digital files!","pricingType":"fixed","name":"text-1677651898896","subtype":"text","cl_rule":"show","col":"5","relations":false,"form_id":28703,"form_rules":{"pric_cal_option_once":false,"exclude_from_discount":false,"pric_use_as_fee":false,"fee_label":"Fee","render_after_acb":false,"disp_hide_options_price":false}},{"type":"select","elementId":"wcpa-select-1652694402930","label":"Photo use case","placeholder":"Select","enablePrice":true,"priceOptions":"different_for_all","pricingType":"multiply","name":"select-1652694402930","cl_rule":"show","col":6,"values":[{"label":"Print \/ digital publications ( 50 \u20ac )","value":"printti","price":"50","pimage":"","pimage_id":"","pthumb":""}],"relations":false,"price":0,"form_id":28703,"form_rules":{"pric_cal_option_once":false,"exclude_from_discount":false,"pric_use_as_fee":false,"fee_label":"Fee","render_after_acb":false,"disp_hide_options_price":false}}]},"yoast_head":"<!-- This site is optimized with the Yoast SEO plugin v27.2 - https:\/\/yoast.com\/product\/yoast-seo-wordpress\/ -->\n<title>Samuel Lee and John McCormack speak with Soviet swimmers at the Summer Olympics in Helsinki 1952 - TAHTO Shop<\/title>\n<meta name=\"robots\" content=\"index, follow, max-snippet:-1, max-image-preview:large, max-video-preview:-1\" \/>\n<link rel=\"canonical\" href=\"https:\/\/verkkokauppa.tahto.com\/en\/tuote\/samuel-lee-and-john-mccormack-speak-with-soviet-swimmers-at-summer-olympics-in-helsinki-1952\/\" \/>\n<meta property=\"og:locale\" content=\"en_US\" \/>\n<meta property=\"og:type\" content=\"article\" \/>\n<meta property=\"og:title\" content=\"Samuel Lee and John McCormack speak with Soviet swimmers at the Summer Olympics in Helsinki 1952 - TAHTO Shop\" \/>\n<meta property=\"og:description\" content=\"1952 Summer Olympics in Helsinki. Divers Samuel &quot;Sammy&quot; Lee (fourth from the left) and John McCormack of the United States (sixth from the right, sitting) speak with Soviet swimmers at the Swimming Stadium.\" \/>\n<meta property=\"og:url\" content=\"https:\/\/verkkokauppa.tahto.com\/en\/tuote\/samuel-lee-and-john-mccormack-speak-with-soviet-swimmers-at-summer-olympics-in-helsinki-1952\/\" \/>\n<meta property=\"og:site_name\" content=\"TAHTO Shop\" \/>\n<meta property=\"article:publisher\" content=\"https:\/\/www.facebook.com\/Urheilumuseo\" \/>\n<meta property=\"og:image\" content=\"https:\/\/verkkokauppa.tahto.com\/wp-content\/uploads\/2016\/06\/ok_1550-scaled.jpg\" \/>\n\t<meta property=\"og:image:width\" content=\"2560\" \/>\n\t<meta property=\"og:image:height\" content=\"2064\" \/>\n\t<meta property=\"og:image:type\" content=\"image\/jpeg\" \/>\n<meta name=\"twitter:card\" content=\"summary_large_image\" \/>\n<script type=\"application\/ld+json\" class=\"yoast-schema-graph\">{\"@context\":\"https:\/\/schema.org\",\"@graph\":[{\"@type\":\"WebPage\",\"@id\":\"https:\/\/verkkokauppa.tahto.com\/en\/tuote\/samuel-lee-and-john-mccormack-speak-with-soviet-swimmers-at-summer-olympics-in-helsinki-1952\/\",\"url\":\"https:\/\/verkkokauppa.tahto.com\/en\/tuote\/samuel-lee-and-john-mccormack-speak-with-soviet-swimmers-at-summer-olympics-in-helsinki-1952\/\",\"name\":\"Samuel Lee and John McCormack speak with Soviet swimmers at the Summer Olympics in Helsinki 1952 - TAHTO Shop\",\"isPartOf\":{\"@id\":\"https:\/\/verkkokauppa.tahto.com\/#website\"},\"primaryImageOfPage\":{\"@id\":\"https:\/\/verkkokauppa.tahto.com\/en\/tuote\/samuel-lee-and-john-mccormack-speak-with-soviet-swimmers-at-summer-olympics-in-helsinki-1952\/#primaryimage\"},\"image\":{\"@id\":\"https:\/\/verkkokauppa.tahto.com\/en\/tuote\/samuel-lee-and-john-mccormack-speak-with-soviet-swimmers-at-summer-olympics-in-helsinki-1952\/#primaryimage\"},\"thumbnailUrl\":\"https:\/\/verkkokauppa.tahto.com\/wp-content\/uploads\/2016\/06\/ok_1550-scaled.jpg\",\"datePublished\":\"2016-06-23T09:32:12+00:00\",\"breadcrumb\":{\"@id\":\"https:\/\/verkkokauppa.tahto.com\/en\/tuote\/samuel-lee-and-john-mccormack-speak-with-soviet-swimmers-at-summer-olympics-in-helsinki-1952\/#breadcrumb\"},\"inLanguage\":\"en-US\",\"potentialAction\":[{\"@type\":\"ReadAction\",\"target\":[\"https:\/\/verkkokauppa.tahto.com\/en\/tuote\/samuel-lee-and-john-mccormack-speak-with-soviet-swimmers-at-summer-olympics-in-helsinki-1952\/\"]}]},{\"@type\":\"ImageObject\",\"inLanguage\":\"en-US\",\"@id\":\"https:\/\/verkkokauppa.tahto.com\/en\/tuote\/samuel-lee-and-john-mccormack-speak-with-soviet-swimmers-at-summer-olympics-in-helsinki-1952\/#primaryimage\",\"url\":\"https:\/\/verkkokauppa.tahto.com\/wp-content\/uploads\/2016\/06\/ok_1550-scaled.jpg\",\"contentUrl\":\"https:\/\/verkkokauppa.tahto.com\/wp-content\/uploads\/2016\/06\/ok_1550-scaled.jpg\",\"width\":2560,\"height\":2064,\"caption\":\"Yhdysvaltain ja Neuvostoliiton uimahypp\u00e4\u00e4j\u00e4t keskustelevat Helsingin olympialaisissa 1952-0\"},{\"@type\":\"BreadcrumbList\",\"@id\":\"https:\/\/verkkokauppa.tahto.com\/en\/tuote\/samuel-lee-and-john-mccormack-speak-with-soviet-swimmers-at-summer-olympics-in-helsinki-1952\/#breadcrumb\",\"itemListElement\":[{\"@type\":\"ListItem\",\"position\":1,\"name\":\"Etusivu\",\"item\":\"https:\/\/verkkokauppa.tahto.com\/en\/\"},{\"@type\":\"ListItem\",\"position\":2,\"name\":\"Kauppa\",\"item\":\"https:\/\/verkkokauppa.tahto.com\/kauppa\/\"},{\"@type\":\"ListItem\",\"position\":3,\"name\":\"Samuel Lee and John McCormack speak with Soviet swimmers at the Summer Olympics in Helsinki 1952\"}]},{\"@type\":\"WebSite\",\"@id\":\"https:\/\/verkkokauppa.tahto.com\/#website\",\"url\":\"https:\/\/verkkokauppa.tahto.com\/\",\"name\":\"TAHTO Shop\",\"description\":\"\",\"publisher\":{\"@id\":\"https:\/\/verkkokauppa.tahto.com\/#organization\"},\"potentialAction\":[{\"@type\":\"SearchAction\",\"target\":{\"@type\":\"EntryPoint\",\"urlTemplate\":\"https:\/\/verkkokauppa.tahto.com\/?s={search_term_string}\"},\"query-input\":{\"@type\":\"PropertyValueSpecification\",\"valueRequired\":true,\"valueName\":\"search_term_string\"}}],\"inLanguage\":\"en-US\"},{\"@type\":\"Organization\",\"@id\":\"https:\/\/verkkokauppa.tahto.com\/#organization\",\"name\":\"TAHTO Urheilun ja liikunnan kulttuurikeskus\",\"url\":\"https:\/\/verkkokauppa.tahto.com\/\",\"logo\":{\"@type\":\"ImageObject\",\"inLanguage\":\"en-US\",\"@id\":\"https:\/\/verkkokauppa.tahto.com\/#\/schema\/logo\/image\/\",\"url\":\"https:\/\/verkkokauppa.tahto.com\/wp-content\/uploads\/2022\/05\/cropped-cropped-TAHTO-logo_MV-plain-17.png\",\"contentUrl\":\"https:\/\/verkkokauppa.tahto.com\/wp-content\/uploads\/2022\/05\/cropped-cropped-TAHTO-logo_MV-plain-17.png\",\"width\":1442,\"height\":311,\"caption\":\"TAHTO Urheilun ja liikunnan kulttuurikeskus\"},\"image\":{\"@id\":\"https:\/\/verkkokauppa.tahto.com\/#\/schema\/logo\/image\/\"},\"sameAs\":[\"https:\/\/www.facebook.com\/Urheilumuseo\"]}]}<\/script>\n<!-- \/ Yoast SEO plugin. -->","yoast_head_json":{"title":"Samuel Lee and John McCormack speak with Soviet swimmers at the Summer Olympics in Helsinki 1952 - TAHTO Shop","robots":{"index":"index","follow":"follow","max-snippet":"max-snippet:-1","max-image-preview":"max-image-preview:large","max-video-preview":"max-video-preview:-1"},"canonical":"https:\/\/verkkokauppa.tahto.com\/en\/tuote\/samuel-lee-and-john-mccormack-speak-with-soviet-swimmers-at-summer-olympics-in-helsinki-1952\/","og_locale":"en_US","og_type":"article","og_title":"Samuel Lee and John McCormack speak with Soviet swimmers at the Summer Olympics in Helsinki 1952 - TAHTO Shop","og_description":"1952 Summer Olympics in Helsinki. Divers Samuel \"Sammy\" Lee (fourth from the left) and John McCormack of the United States (sixth from the right, sitting) speak with Soviet swimmers at the Swimming Stadium.","og_url":"https:\/\/verkkokauppa.tahto.com\/en\/tuote\/samuel-lee-and-john-mccormack-speak-with-soviet-swimmers-at-summer-olympics-in-helsinki-1952\/","og_site_name":"TAHTO Shop","article_publisher":"https:\/\/www.facebook.com\/Urheilumuseo","og_image":[{"width":2560,"height":2064,"url":"https:\/\/verkkokauppa.tahto.com\/wp-content\/uploads\/2016\/06\/ok_1550-scaled.jpg","type":"image\/jpeg"}],"twitter_card":"summary_large_image","schema":{"@context":"https:\/\/schema.org","@graph":[{"@type":"WebPage","@id":"https:\/\/verkkokauppa.tahto.com\/en\/tuote\/samuel-lee-and-john-mccormack-speak-with-soviet-swimmers-at-summer-olympics-in-helsinki-1952\/","url":"https:\/\/verkkokauppa.tahto.com\/en\/tuote\/samuel-lee-and-john-mccormack-speak-with-soviet-swimmers-at-summer-olympics-in-helsinki-1952\/","name":"Samuel Lee and John McCormack speak with Soviet swimmers at the Summer Olympics in Helsinki 1952 - TAHTO Shop","isPartOf":{"@id":"https:\/\/verkkokauppa.tahto.com\/#website"},"primaryImageOfPage":{"@id":"https:\/\/verkkokauppa.tahto.com\/en\/tuote\/samuel-lee-and-john-mccormack-speak-with-soviet-swimmers-at-summer-olympics-in-helsinki-1952\/#primaryimage"},"image":{"@id":"https:\/\/verkkokauppa.tahto.com\/en\/tuote\/samuel-lee-and-john-mccormack-speak-with-soviet-swimmers-at-summer-olympics-in-helsinki-1952\/#primaryimage"},"thumbnailUrl":"https:\/\/verkkokauppa.tahto.com\/wp-content\/uploads\/2016\/06\/ok_1550-scaled.jpg","datePublished":"2016-06-23T09:32:12+00:00","breadcrumb":{"@id":"https:\/\/verkkokauppa.tahto.com\/en\/tuote\/samuel-lee-and-john-mccormack-speak-with-soviet-swimmers-at-summer-olympics-in-helsinki-1952\/#breadcrumb"},"inLanguage":"en-US","potentialAction":[{"@type":"ReadAction","target":["https:\/\/verkkokauppa.tahto.com\/en\/tuote\/samuel-lee-and-john-mccormack-speak-with-soviet-swimmers-at-summer-olympics-in-helsinki-1952\/"]}]},{"@type":"ImageObject","inLanguage":"en-US","@id":"https:\/\/verkkokauppa.tahto.com\/en\/tuote\/samuel-lee-and-john-mccormack-speak-with-soviet-swimmers-at-summer-olympics-in-helsinki-1952\/#primaryimage","url":"https:\/\/verkkokauppa.tahto.com\/wp-content\/uploads\/2016\/06\/ok_1550-scaled.jpg","contentUrl":"https:\/\/verkkokauppa.tahto.com\/wp-content\/uploads\/2016\/06\/ok_1550-scaled.jpg","width":2560,"height":2064,"caption":"Yhdysvaltain ja Neuvostoliiton uimahypp\u00e4\u00e4j\u00e4t keskustelevat Helsingin olympialaisissa 1952-0"},{"@type":"BreadcrumbList","@id":"https:\/\/verkkokauppa.tahto.com\/en\/tuote\/samuel-lee-and-john-mccormack-speak-with-soviet-swimmers-at-summer-olympics-in-helsinki-1952\/#breadcrumb","itemListElement":[{"@type":"ListItem","position":1,"name":"Etusivu","item":"https:\/\/verkkokauppa.tahto.com\/en\/"},{"@type":"ListItem","position":2,"name":"Kauppa","item":"https:\/\/verkkokauppa.tahto.com\/kauppa\/"},{"@type":"ListItem","position":3,"name":"Samuel Lee and John McCormack speak with Soviet swimmers at the Summer Olympics in Helsinki 1952"}]},{"@type":"WebSite","@id":"https:\/\/verkkokauppa.tahto.com\/#website","url":"https:\/\/verkkokauppa.tahto.com\/","name":"TAHTO Shop","description":"","publisher":{"@id":"https:\/\/verkkokauppa.tahto.com\/#organization"},"potentialAction":[{"@type":"SearchAction","target":{"@type":"EntryPoint","urlTemplate":"https:\/\/verkkokauppa.tahto.com\/?s={search_term_string}"},"query-input":{"@type":"PropertyValueSpecification","valueRequired":true,"valueName":"search_term_string"}}],"inLanguage":"en-US"},{"@type":"Organization","@id":"https:\/\/verkkokauppa.tahto.com\/#organization","name":"TAHTO Urheilun ja liikunnan kulttuurikeskus","url":"https:\/\/verkkokauppa.tahto.com\/","logo":{"@type":"ImageObject","inLanguage":"en-US","@id":"https:\/\/verkkokauppa.tahto.com\/#\/schema\/logo\/image\/","url":"https:\/\/verkkokauppa.tahto.com\/wp-content\/uploads\/2022\/05\/cropped-cropped-TAHTO-logo_MV-plain-17.png","contentUrl":"https:\/\/verkkokauppa.tahto.com\/wp-content\/uploads\/2022\/05\/cropped-cropped-TAHTO-logo_MV-plain-17.png","width":1442,"height":311,"caption":"TAHTO Urheilun ja liikunnan kulttuurikeskus"},"image":{"@id":"https:\/\/verkkokauppa.tahto.com\/#\/schema\/logo\/image\/"},"sameAs":["https:\/\/www.facebook.com\/Urheilumuseo"]}]}},"_links":{"self":[{"href":"https:\/\/verkkokauppa.tahto.com\/en\/wp-json\/wp\/v2\/product\/14581","targetHints":{"allow":["GET"]}}],"collection":[{"href":"https:\/\/verkkokauppa.tahto.com\/en\/wp-json\/wp\/v2\/product"}],"about":[{"href":"https:\/\/verkkokauppa.tahto.com\/en\/wp-json\/wp\/v2\/types\/product"}],"replies":[{"embeddable":true,"href":"https:\/\/verkkokauppa.tahto.com\/en\/wp-json\/wp\/v2\/comments?post=14581"}],"wp:featuredmedia":[{"embeddable":true,"href":"https:\/\/verkkokauppa.tahto.com\/en\/wp-json\/wp\/v2\/media\/14575"}],"wp:attachment":[{"href":"https:\/\/verkkokauppa.tahto.com\/en\/wp-json\/wp\/v2\/media?parent=14581"}],"wp:term":[{"taxonomy":"product_brand","embeddable":true,"href":"https:\/\/verkkokauppa.tahto.com\/en\/wp-json\/wp\/v2\/product_brand?post=14581"},{"taxonomy":"product_cat","embeddable":true,"href":"https:\/\/verkkokauppa.tahto.com\/en\/wp-json\/wp\/v2\/product_cat?post=14581"},{"taxonomy":"product_tag","embeddable":true,"href":"https:\/\/verkkokauppa.tahto.com\/en\/wp-json\/wp\/v2\/product_tag?post=14581"}],"curies":[{"name":"wp","href":"https:\/\/api.w.org\/{rel}","templated":true}]}}