{"id":15748,"date":"2017-01-20T14:05:46","date_gmt":"2017-01-20T14:05:46","guid":{"rendered":"https:\/\/verkkokauppa.tahto.com\/tuote\/pekka-tiilikainen\/"},"modified":"2017-01-20T14:05:46","modified_gmt":"2017-01-20T14:05:46","slug":"pekka-tiilikainen","status":"publish","type":"product","link":"https:\/\/verkkokauppa.tahto.com\/en\/tuote\/pekka-tiilikainen\/","title":{"rendered":"Pekka Tiilikainen"},"content":{"rendered":"","protected":false},"excerpt":{"rendered":"<p>Pekka Tiilikainen v\u00e4litti Yleisradion p\u00e4\u00e4selostajana sodan j\u00e4lkeisen Suomen suuret urheiluhetket nelj\u00e4ll\u00e4 vuosikymmenell\u00e4 saaden tunteikkaasta tyylist\u00e4\u00e4n arvonimen \u201dSinivalkoinen \u00e4\u00e4ni\u201d. Tiilikaisesta tuli vuonna 1939 Yleisradion vakituinen selostaja, ja vuodet 1945\u20131971 h\u00e4n toimi p\u00e4\u00e4selostajana. <\/p>\n","protected":false},"featured_media":15744,"comment_status":"open","ping_status":"closed","template":"","meta":[],"product_brand":[],"product_cat":[512],"product_tag":[],"class_list":{"0":"post-15748","1":"product","2":"type-product","3":"status-publish","4":"has-post-thumbnail","6":"product_cat-sports-photos-en","7":"wcpa_has_options","9":"first","10":"instock","11":"taxable","12":"shipping-taxable","13":"purchasable","14":"product-type-variable"},"wcpa_form_fields":{"rules":{"pric_overide_base_price":true,"pric_overide_base_price_if_gt_zero":true,"pric_overide_base_price_fully":true,"pric_cal_option_once":false,"pric_use_as_fee":false,"bind_quantity":false,"quantity_bind_formula":false},"fields":[{"type":"text","elementId":"wcpa-text-1677651898896","label":"NB","value":"TAHTO does not deliver paper images, only digital files!","pricingType":"fixed","name":"text-1677651898896","subtype":"text","cl_rule":"show","col":"5","relations":false,"form_id":28703,"form_rules":{"pric_cal_option_once":false,"exclude_from_discount":false,"pric_use_as_fee":false,"fee_label":"Fee","render_after_acb":false,"disp_hide_options_price":false}},{"type":"select","elementId":"wcpa-select-1652694402930","label":"Photo use case","placeholder":"Select","enablePrice":true,"priceOptions":"different_for_all","pricingType":"multiply","name":"select-1652694402930","cl_rule":"show","col":6,"values":[{"label":"Print \/ digital publications ( 50 \u20ac )","value":"printti","price":"50","pimage":"","pimage_id":"","pthumb":""}],"relations":false,"price":0,"form_id":28703,"form_rules":{"pric_cal_option_once":false,"exclude_from_discount":false,"pric_use_as_fee":false,"fee_label":"Fee","render_after_acb":false,"disp_hide_options_price":false}}]},"yoast_head":"<!-- This site is optimized with the Yoast SEO plugin v27.2 - https:\/\/yoast.com\/product\/yoast-seo-wordpress\/ -->\n<title>Pekka Tiilikainen - TAHTO Shop<\/title>\n<meta name=\"robots\" content=\"index, follow, max-snippet:-1, max-image-preview:large, max-video-preview:-1\" \/>\n<link rel=\"canonical\" href=\"https:\/\/verkkokauppa.tahto.com\/en\/tuote\/pekka-tiilikainen\/\" \/>\n<meta property=\"og:locale\" content=\"en_US\" \/>\n<meta property=\"og:type\" content=\"article\" \/>\n<meta property=\"og:title\" content=\"Pekka Tiilikainen - TAHTO Shop\" \/>\n<meta property=\"og:description\" content=\"Pekka Tiilikainen v\u00e4litti Yleisradion p\u00e4\u00e4selostajana sodan j\u00e4lkeisen Suomen suuret urheiluhetket nelj\u00e4ll\u00e4 vuosikymmenell\u00e4 saaden tunteikkaasta tyylist\u00e4\u00e4n arvonimen \u201dSinivalkoinen \u00e4\u00e4ni\u201d. Tiilikaisesta tuli vuonna 1939 Yleisradion vakituinen selostaja, ja vuodet 1945\u20131971 h\u00e4n toimi p\u00e4\u00e4selostajana.\" \/>\n<meta property=\"og:url\" content=\"https:\/\/verkkokauppa.tahto.com\/en\/tuote\/pekka-tiilikainen\/\" \/>\n<meta property=\"og:site_name\" content=\"TAHTO Shop\" \/>\n<meta property=\"article:publisher\" content=\"https:\/\/www.facebook.com\/Urheilumuseo\" \/>\n<meta property=\"og:image\" content=\"https:\/\/verkkokauppa.tahto.com\/wp-content\/uploads\/2017\/01\/3546_49_tiilikainen-scaled.jpg\" \/>\n\t<meta property=\"og:image:width\" content=\"2451\" \/>\n\t<meta property=\"og:image:height\" content=\"2560\" \/>\n\t<meta property=\"og:image:type\" content=\"image\/jpeg\" \/>\n<meta name=\"twitter:card\" content=\"summary_large_image\" \/>\n<script type=\"application\/ld+json\" class=\"yoast-schema-graph\">{\"@context\":\"https:\/\/schema.org\",\"@graph\":[{\"@type\":\"WebPage\",\"@id\":\"https:\/\/verkkokauppa.tahto.com\/en\/tuote\/pekka-tiilikainen\/\",\"url\":\"https:\/\/verkkokauppa.tahto.com\/en\/tuote\/pekka-tiilikainen\/\",\"name\":\"Pekka Tiilikainen - TAHTO Shop\",\"isPartOf\":{\"@id\":\"https:\/\/verkkokauppa.tahto.com\/#website\"},\"primaryImageOfPage\":{\"@id\":\"https:\/\/verkkokauppa.tahto.com\/en\/tuote\/pekka-tiilikainen\/#primaryimage\"},\"image\":{\"@id\":\"https:\/\/verkkokauppa.tahto.com\/en\/tuote\/pekka-tiilikainen\/#primaryimage\"},\"thumbnailUrl\":\"https:\/\/verkkokauppa.tahto.com\/wp-content\/uploads\/2017\/01\/3546_49_tiilikainen-scaled.jpg\",\"datePublished\":\"2017-01-20T14:05:46+00:00\",\"breadcrumb\":{\"@id\":\"https:\/\/verkkokauppa.tahto.com\/en\/tuote\/pekka-tiilikainen\/#breadcrumb\"},\"inLanguage\":\"en-US\",\"potentialAction\":[{\"@type\":\"ReadAction\",\"target\":[\"https:\/\/verkkokauppa.tahto.com\/en\/tuote\/pekka-tiilikainen\/\"]}]},{\"@type\":\"ImageObject\",\"inLanguage\":\"en-US\",\"@id\":\"https:\/\/verkkokauppa.tahto.com\/en\/tuote\/pekka-tiilikainen\/#primaryimage\",\"url\":\"https:\/\/verkkokauppa.tahto.com\/wp-content\/uploads\/2017\/01\/3546_49_tiilikainen-scaled.jpg\",\"contentUrl\":\"https:\/\/verkkokauppa.tahto.com\/wp-content\/uploads\/2017\/01\/3546_49_tiilikainen-scaled.jpg\",\"width\":2451,\"height\":2560,\"caption\":\"Pekka Tiilikainen-0\"},{\"@type\":\"BreadcrumbList\",\"@id\":\"https:\/\/verkkokauppa.tahto.com\/en\/tuote\/pekka-tiilikainen\/#breadcrumb\",\"itemListElement\":[{\"@type\":\"ListItem\",\"position\":1,\"name\":\"Etusivu\",\"item\":\"https:\/\/verkkokauppa.tahto.com\/en\/\"},{\"@type\":\"ListItem\",\"position\":2,\"name\":\"Kauppa\",\"item\":\"https:\/\/verkkokauppa.tahto.com\/kauppa\/\"},{\"@type\":\"ListItem\",\"position\":3,\"name\":\"Pekka Tiilikainen\"}]},{\"@type\":\"WebSite\",\"@id\":\"https:\/\/verkkokauppa.tahto.com\/#website\",\"url\":\"https:\/\/verkkokauppa.tahto.com\/\",\"name\":\"TAHTO Shop\",\"description\":\"\",\"publisher\":{\"@id\":\"https:\/\/verkkokauppa.tahto.com\/#organization\"},\"potentialAction\":[{\"@type\":\"SearchAction\",\"target\":{\"@type\":\"EntryPoint\",\"urlTemplate\":\"https:\/\/verkkokauppa.tahto.com\/?s={search_term_string}\"},\"query-input\":{\"@type\":\"PropertyValueSpecification\",\"valueRequired\":true,\"valueName\":\"search_term_string\"}}],\"inLanguage\":\"en-US\"},{\"@type\":\"Organization\",\"@id\":\"https:\/\/verkkokauppa.tahto.com\/#organization\",\"name\":\"TAHTO Urheilun ja liikunnan kulttuurikeskus\",\"url\":\"https:\/\/verkkokauppa.tahto.com\/\",\"logo\":{\"@type\":\"ImageObject\",\"inLanguage\":\"en-US\",\"@id\":\"https:\/\/verkkokauppa.tahto.com\/#\/schema\/logo\/image\/\",\"url\":\"https:\/\/verkkokauppa.tahto.com\/wp-content\/uploads\/2022\/05\/cropped-cropped-TAHTO-logo_MV-plain-17.png\",\"contentUrl\":\"https:\/\/verkkokauppa.tahto.com\/wp-content\/uploads\/2022\/05\/cropped-cropped-TAHTO-logo_MV-plain-17.png\",\"width\":1442,\"height\":311,\"caption\":\"TAHTO Urheilun ja liikunnan kulttuurikeskus\"},\"image\":{\"@id\":\"https:\/\/verkkokauppa.tahto.com\/#\/schema\/logo\/image\/\"},\"sameAs\":[\"https:\/\/www.facebook.com\/Urheilumuseo\"]}]}<\/script>\n<!-- \/ Yoast SEO plugin. -->","yoast_head_json":{"title":"Pekka Tiilikainen - TAHTO Shop","robots":{"index":"index","follow":"follow","max-snippet":"max-snippet:-1","max-image-preview":"max-image-preview:large","max-video-preview":"max-video-preview:-1"},"canonical":"https:\/\/verkkokauppa.tahto.com\/en\/tuote\/pekka-tiilikainen\/","og_locale":"en_US","og_type":"article","og_title":"Pekka Tiilikainen - TAHTO Shop","og_description":"Pekka Tiilikainen v\u00e4litti Yleisradion p\u00e4\u00e4selostajana sodan j\u00e4lkeisen Suomen suuret urheiluhetket nelj\u00e4ll\u00e4 vuosikymmenell\u00e4 saaden tunteikkaasta tyylist\u00e4\u00e4n arvonimen \u201dSinivalkoinen \u00e4\u00e4ni\u201d. Tiilikaisesta tuli vuonna 1939 Yleisradion vakituinen selostaja, ja vuodet 1945\u20131971 h\u00e4n toimi p\u00e4\u00e4selostajana.","og_url":"https:\/\/verkkokauppa.tahto.com\/en\/tuote\/pekka-tiilikainen\/","og_site_name":"TAHTO Shop","article_publisher":"https:\/\/www.facebook.com\/Urheilumuseo","og_image":[{"width":2451,"height":2560,"url":"https:\/\/verkkokauppa.tahto.com\/wp-content\/uploads\/2017\/01\/3546_49_tiilikainen-scaled.jpg","type":"image\/jpeg"}],"twitter_card":"summary_large_image","schema":{"@context":"https:\/\/schema.org","@graph":[{"@type":"WebPage","@id":"https:\/\/verkkokauppa.tahto.com\/en\/tuote\/pekka-tiilikainen\/","url":"https:\/\/verkkokauppa.tahto.com\/en\/tuote\/pekka-tiilikainen\/","name":"Pekka Tiilikainen - TAHTO Shop","isPartOf":{"@id":"https:\/\/verkkokauppa.tahto.com\/#website"},"primaryImageOfPage":{"@id":"https:\/\/verkkokauppa.tahto.com\/en\/tuote\/pekka-tiilikainen\/#primaryimage"},"image":{"@id":"https:\/\/verkkokauppa.tahto.com\/en\/tuote\/pekka-tiilikainen\/#primaryimage"},"thumbnailUrl":"https:\/\/verkkokauppa.tahto.com\/wp-content\/uploads\/2017\/01\/3546_49_tiilikainen-scaled.jpg","datePublished":"2017-01-20T14:05:46+00:00","breadcrumb":{"@id":"https:\/\/verkkokauppa.tahto.com\/en\/tuote\/pekka-tiilikainen\/#breadcrumb"},"inLanguage":"en-US","potentialAction":[{"@type":"ReadAction","target":["https:\/\/verkkokauppa.tahto.com\/en\/tuote\/pekka-tiilikainen\/"]}]},{"@type":"ImageObject","inLanguage":"en-US","@id":"https:\/\/verkkokauppa.tahto.com\/en\/tuote\/pekka-tiilikainen\/#primaryimage","url":"https:\/\/verkkokauppa.tahto.com\/wp-content\/uploads\/2017\/01\/3546_49_tiilikainen-scaled.jpg","contentUrl":"https:\/\/verkkokauppa.tahto.com\/wp-content\/uploads\/2017\/01\/3546_49_tiilikainen-scaled.jpg","width":2451,"height":2560,"caption":"Pekka Tiilikainen-0"},{"@type":"BreadcrumbList","@id":"https:\/\/verkkokauppa.tahto.com\/en\/tuote\/pekka-tiilikainen\/#breadcrumb","itemListElement":[{"@type":"ListItem","position":1,"name":"Etusivu","item":"https:\/\/verkkokauppa.tahto.com\/en\/"},{"@type":"ListItem","position":2,"name":"Kauppa","item":"https:\/\/verkkokauppa.tahto.com\/kauppa\/"},{"@type":"ListItem","position":3,"name":"Pekka Tiilikainen"}]},{"@type":"WebSite","@id":"https:\/\/verkkokauppa.tahto.com\/#website","url":"https:\/\/verkkokauppa.tahto.com\/","name":"TAHTO Shop","description":"","publisher":{"@id":"https:\/\/verkkokauppa.tahto.com\/#organization"},"potentialAction":[{"@type":"SearchAction","target":{"@type":"EntryPoint","urlTemplate":"https:\/\/verkkokauppa.tahto.com\/?s={search_term_string}"},"query-input":{"@type":"PropertyValueSpecification","valueRequired":true,"valueName":"search_term_string"}}],"inLanguage":"en-US"},{"@type":"Organization","@id":"https:\/\/verkkokauppa.tahto.com\/#organization","name":"TAHTO Urheilun ja liikunnan kulttuurikeskus","url":"https:\/\/verkkokauppa.tahto.com\/","logo":{"@type":"ImageObject","inLanguage":"en-US","@id":"https:\/\/verkkokauppa.tahto.com\/#\/schema\/logo\/image\/","url":"https:\/\/verkkokauppa.tahto.com\/wp-content\/uploads\/2022\/05\/cropped-cropped-TAHTO-logo_MV-plain-17.png","contentUrl":"https:\/\/verkkokauppa.tahto.com\/wp-content\/uploads\/2022\/05\/cropped-cropped-TAHTO-logo_MV-plain-17.png","width":1442,"height":311,"caption":"TAHTO Urheilun ja liikunnan kulttuurikeskus"},"image":{"@id":"https:\/\/verkkokauppa.tahto.com\/#\/schema\/logo\/image\/"},"sameAs":["https:\/\/www.facebook.com\/Urheilumuseo"]}]}},"_links":{"self":[{"href":"https:\/\/verkkokauppa.tahto.com\/en\/wp-json\/wp\/v2\/product\/15748","targetHints":{"allow":["GET"]}}],"collection":[{"href":"https:\/\/verkkokauppa.tahto.com\/en\/wp-json\/wp\/v2\/product"}],"about":[{"href":"https:\/\/verkkokauppa.tahto.com\/en\/wp-json\/wp\/v2\/types\/product"}],"replies":[{"embeddable":true,"href":"https:\/\/verkkokauppa.tahto.com\/en\/wp-json\/wp\/v2\/comments?post=15748"}],"wp:featuredmedia":[{"embeddable":true,"href":"https:\/\/verkkokauppa.tahto.com\/en\/wp-json\/wp\/v2\/media\/15744"}],"wp:attachment":[{"href":"https:\/\/verkkokauppa.tahto.com\/en\/wp-json\/wp\/v2\/media?parent=15748"}],"wp:term":[{"taxonomy":"product_brand","embeddable":true,"href":"https:\/\/verkkokauppa.tahto.com\/en\/wp-json\/wp\/v2\/product_brand?post=15748"},{"taxonomy":"product_cat","embeddable":true,"href":"https:\/\/verkkokauppa.tahto.com\/en\/wp-json\/wp\/v2\/product_cat?post=15748"},{"taxonomy":"product_tag","embeddable":true,"href":"https:\/\/verkkokauppa.tahto.com\/en\/wp-json\/wp\/v2\/product_tag?post=15748"}],"curies":[{"name":"wp","href":"https:\/\/api.w.org\/{rel}","templated":true}]}}