{"id":16053,"date":"2017-02-17T10:25:59","date_gmt":"2017-02-17T08:25:59","guid":{"rendered":"https:\/\/verkkokauppa.tahto.com\/tuote\/urheilun-vuosikirja-2017\/"},"modified":"2017-02-17T10:25:59","modified_gmt":"2017-02-17T10:25:59","slug":"urheilun-vuosikirja-2017","status":"publish","type":"product","link":"https:\/\/verkkokauppa.tahto.com\/en\/tuote\/urheilun-vuosikirja-2017\/","title":{"rendered":"Urheilun vuosikirja 2017"},"content":{"rendered":"","protected":false},"excerpt":{"rendered":"<p>Urheilun vuosikirja 2017 on nopeak\u00e4ytt\u00f6inen tietopaketti ja hakuteos, joka esittelee Suomen ja kansainv\u00e4lisen urheilun<br \/>\nhuippuhetket sanoin, kuvin ja tuloksin p\u00e4iv\u00e4st\u00e4 p\u00e4iv\u00e4\u00e4n 1.1.\u201331.12.2016.<br \/>\nErityisartikkelina Rion olympiakisojen huippuhetket ja tulokset.<\/p>\n<p>Tulokset, taulukot ja tilastot yli 80 urheilumuodosta Suomesta ja maailmalta.<\/p>\n<p>Urheilun vuosikirja on ilmestynyt vuodesta 1979 l\u00e4htien.<br \/>\nT\u00e4m\u00e4 kirja on teossarjan osa 38.<\/p>\n<p>Nyt on mahdollisuus tilata kirja ennakkoon! <\/p>\n","protected":false},"featured_media":16051,"comment_status":"open","ping_status":"closed","template":"","meta":[],"product_brand":[],"product_cat":[516],"product_tag":[],"class_list":{"0":"post-16053","1":"product","2":"type-product","3":"status-publish","4":"has-post-thumbnail","6":"product_cat-julkaisusarja-en","7":"pa_book_authors-toimittanutvesatikander-en","8":"pa_book_isbn-978_952_6644_11_0-en","9":"pa_book_keywords-ec-urheilutilastot_urheilutul-en","10":"pa_book_language-suomi-en","11":"pa_book_pages-370-en","12":"pa_book_publisher-suomenurheilumuseosaatio-en","13":"pa_book_year-2017-en","15":"first","16":"outofstock","17":"sale","18":"taxable","19":"shipping-taxable","20":"purchasable","21":"product-type-simple"},"wcpa_form_fields":null,"yoast_head":"<!-- This site is optimized with the Yoast SEO plugin v27.2 - https:\/\/yoast.com\/product\/yoast-seo-wordpress\/ -->\n<title>Urheilun vuosikirja 2017 - TAHTO Shop<\/title>\n<meta name=\"robots\" content=\"index, follow, max-snippet:-1, max-image-preview:large, max-video-preview:-1\" \/>\n<link rel=\"canonical\" href=\"https:\/\/verkkokauppa.tahto.com\/en\/tuote\/urheilun-vuosikirja-2017\/\" \/>\n<meta property=\"og:locale\" content=\"en_US\" \/>\n<meta property=\"og:type\" content=\"article\" \/>\n<meta property=\"og:title\" content=\"Urheilun vuosikirja 2017 - TAHTO Shop\" \/>\n<meta property=\"og:description\" content=\"Urheilun vuosikirja 2017 on nopeak\u00e4ytt\u00f6inen tietopaketti ja hakuteos, joka esittelee Suomen ja kansainv\u00e4lisen urheilun huippuhetket sanoin, kuvin ja tuloksin p\u00e4iv\u00e4st\u00e4 p\u00e4iv\u00e4\u00e4n 1.1.\u201331.12.2016. Erityisartikkelina Rion olympiakisojen huippuhetket ja tulokset.  Tulokset, taulukot ja tilastot yli 80 urheilumuodosta Suomesta ja maailmalta.  Urheilun vuosikirja on ilmestynyt vuodesta 1979 l\u00e4htien. T\u00e4m\u00e4 kirja on teossarjan osa 38.  Nyt on mahdollisuus tilata kirja ennakkoon!\" \/>\n<meta property=\"og:url\" content=\"https:\/\/verkkokauppa.tahto.com\/en\/tuote\/urheilun-vuosikirja-2017\/\" \/>\n<meta property=\"og:site_name\" content=\"TAHTO Shop\" \/>\n<meta property=\"article:publisher\" content=\"https:\/\/www.facebook.com\/Urheilumuseo\" \/>\n<meta property=\"article:modified_time\" content=\"2017-02-17T10:25:59+00:00\" \/>\n<meta property=\"og:image\" content=\"https:\/\/verkkokauppa.tahto.com\/wp-content\/uploads\/2017\/02\/uvk2017_kansi.jpg\" \/>\n\t<meta property=\"og:image:width\" content=\"1404\" \/>\n\t<meta property=\"og:image:height\" content=\"2362\" \/>\n\t<meta property=\"og:image:type\" content=\"image\/jpeg\" \/>\n<meta name=\"twitter:card\" content=\"summary_large_image\" \/>\n<script type=\"application\/ld+json\" class=\"yoast-schema-graph\">{\"@context\":\"https:\/\/schema.org\",\"@graph\":[{\"@type\":\"WebPage\",\"@id\":\"https:\/\/verkkokauppa.tahto.com\/en\/tuote\/urheilun-vuosikirja-2017\/\",\"url\":\"https:\/\/verkkokauppa.tahto.com\/en\/tuote\/urheilun-vuosikirja-2017\/\",\"name\":\"Urheilun vuosikirja 2017 - TAHTO Shop\",\"isPartOf\":{\"@id\":\"https:\/\/verkkokauppa.tahto.com\/#website\"},\"primaryImageOfPage\":{\"@id\":\"https:\/\/verkkokauppa.tahto.com\/en\/tuote\/urheilun-vuosikirja-2017\/#primaryimage\"},\"image\":{\"@id\":\"https:\/\/verkkokauppa.tahto.com\/en\/tuote\/urheilun-vuosikirja-2017\/#primaryimage\"},\"thumbnailUrl\":\"https:\/\/verkkokauppa.tahto.com\/wp-content\/uploads\/2017\/02\/uvk2017_kansi.jpg\",\"datePublished\":\"2017-02-17T08:25:59+00:00\",\"dateModified\":\"2017-02-17T10:25:59+00:00\",\"breadcrumb\":{\"@id\":\"https:\/\/verkkokauppa.tahto.com\/en\/tuote\/urheilun-vuosikirja-2017\/#breadcrumb\"},\"inLanguage\":\"en-US\",\"potentialAction\":[{\"@type\":\"ReadAction\",\"target\":[\"https:\/\/verkkokauppa.tahto.com\/en\/tuote\/urheilun-vuosikirja-2017\/\"]}]},{\"@type\":\"ImageObject\",\"inLanguage\":\"en-US\",\"@id\":\"https:\/\/verkkokauppa.tahto.com\/en\/tuote\/urheilun-vuosikirja-2017\/#primaryimage\",\"url\":\"https:\/\/verkkokauppa.tahto.com\/wp-content\/uploads\/2017\/02\/uvk2017_kansi.jpg\",\"contentUrl\":\"https:\/\/verkkokauppa.tahto.com\/wp-content\/uploads\/2017\/02\/uvk2017_kansi.jpg\",\"width\":1404,\"height\":2362},{\"@type\":\"BreadcrumbList\",\"@id\":\"https:\/\/verkkokauppa.tahto.com\/en\/tuote\/urheilun-vuosikirja-2017\/#breadcrumb\",\"itemListElement\":[{\"@type\":\"ListItem\",\"position\":1,\"name\":\"Etusivu\",\"item\":\"https:\/\/verkkokauppa.tahto.com\/en\/\"},{\"@type\":\"ListItem\",\"position\":2,\"name\":\"Kauppa\",\"item\":\"https:\/\/verkkokauppa.tahto.com\/kauppa\/\"},{\"@type\":\"ListItem\",\"position\":3,\"name\":\"Urheilun vuosikirja 2017\"}]},{\"@type\":\"WebSite\",\"@id\":\"https:\/\/verkkokauppa.tahto.com\/#website\",\"url\":\"https:\/\/verkkokauppa.tahto.com\/\",\"name\":\"TAHTO Shop\",\"description\":\"\",\"publisher\":{\"@id\":\"https:\/\/verkkokauppa.tahto.com\/#organization\"},\"potentialAction\":[{\"@type\":\"SearchAction\",\"target\":{\"@type\":\"EntryPoint\",\"urlTemplate\":\"https:\/\/verkkokauppa.tahto.com\/?s={search_term_string}\"},\"query-input\":{\"@type\":\"PropertyValueSpecification\",\"valueRequired\":true,\"valueName\":\"search_term_string\"}}],\"inLanguage\":\"en-US\"},{\"@type\":\"Organization\",\"@id\":\"https:\/\/verkkokauppa.tahto.com\/#organization\",\"name\":\"TAHTO Urheilun ja liikunnan kulttuurikeskus\",\"url\":\"https:\/\/verkkokauppa.tahto.com\/\",\"logo\":{\"@type\":\"ImageObject\",\"inLanguage\":\"en-US\",\"@id\":\"https:\/\/verkkokauppa.tahto.com\/#\/schema\/logo\/image\/\",\"url\":\"https:\/\/verkkokauppa.tahto.com\/wp-content\/uploads\/2022\/05\/cropped-cropped-TAHTO-logo_MV-plain-17.png\",\"contentUrl\":\"https:\/\/verkkokauppa.tahto.com\/wp-content\/uploads\/2022\/05\/cropped-cropped-TAHTO-logo_MV-plain-17.png\",\"width\":1442,\"height\":311,\"caption\":\"TAHTO Urheilun ja liikunnan kulttuurikeskus\"},\"image\":{\"@id\":\"https:\/\/verkkokauppa.tahto.com\/#\/schema\/logo\/image\/\"},\"sameAs\":[\"https:\/\/www.facebook.com\/Urheilumuseo\"]}]}<\/script>\n<!-- \/ Yoast SEO plugin. -->","yoast_head_json":{"title":"Urheilun vuosikirja 2017 - TAHTO Shop","robots":{"index":"index","follow":"follow","max-snippet":"max-snippet:-1","max-image-preview":"max-image-preview:large","max-video-preview":"max-video-preview:-1"},"canonical":"https:\/\/verkkokauppa.tahto.com\/en\/tuote\/urheilun-vuosikirja-2017\/","og_locale":"en_US","og_type":"article","og_title":"Urheilun vuosikirja 2017 - TAHTO Shop","og_description":"Urheilun vuosikirja 2017 on nopeak\u00e4ytt\u00f6inen tietopaketti ja hakuteos, joka esittelee Suomen ja kansainv\u00e4lisen urheilun huippuhetket sanoin, kuvin ja tuloksin p\u00e4iv\u00e4st\u00e4 p\u00e4iv\u00e4\u00e4n 1.1.\u201331.12.2016. Erityisartikkelina Rion olympiakisojen huippuhetket ja tulokset.  Tulokset, taulukot ja tilastot yli 80 urheilumuodosta Suomesta ja maailmalta.  Urheilun vuosikirja on ilmestynyt vuodesta 1979 l\u00e4htien. T\u00e4m\u00e4 kirja on teossarjan osa 38.  Nyt on mahdollisuus tilata kirja ennakkoon!","og_url":"https:\/\/verkkokauppa.tahto.com\/en\/tuote\/urheilun-vuosikirja-2017\/","og_site_name":"TAHTO Shop","article_publisher":"https:\/\/www.facebook.com\/Urheilumuseo","article_modified_time":"2017-02-17T10:25:59+00:00","og_image":[{"width":1404,"height":2362,"url":"https:\/\/verkkokauppa.tahto.com\/wp-content\/uploads\/2017\/02\/uvk2017_kansi.jpg","type":"image\/jpeg"}],"twitter_card":"summary_large_image","schema":{"@context":"https:\/\/schema.org","@graph":[{"@type":"WebPage","@id":"https:\/\/verkkokauppa.tahto.com\/en\/tuote\/urheilun-vuosikirja-2017\/","url":"https:\/\/verkkokauppa.tahto.com\/en\/tuote\/urheilun-vuosikirja-2017\/","name":"Urheilun vuosikirja 2017 - TAHTO Shop","isPartOf":{"@id":"https:\/\/verkkokauppa.tahto.com\/#website"},"primaryImageOfPage":{"@id":"https:\/\/verkkokauppa.tahto.com\/en\/tuote\/urheilun-vuosikirja-2017\/#primaryimage"},"image":{"@id":"https:\/\/verkkokauppa.tahto.com\/en\/tuote\/urheilun-vuosikirja-2017\/#primaryimage"},"thumbnailUrl":"https:\/\/verkkokauppa.tahto.com\/wp-content\/uploads\/2017\/02\/uvk2017_kansi.jpg","datePublished":"2017-02-17T08:25:59+00:00","dateModified":"2017-02-17T10:25:59+00:00","breadcrumb":{"@id":"https:\/\/verkkokauppa.tahto.com\/en\/tuote\/urheilun-vuosikirja-2017\/#breadcrumb"},"inLanguage":"en-US","potentialAction":[{"@type":"ReadAction","target":["https:\/\/verkkokauppa.tahto.com\/en\/tuote\/urheilun-vuosikirja-2017\/"]}]},{"@type":"ImageObject","inLanguage":"en-US","@id":"https:\/\/verkkokauppa.tahto.com\/en\/tuote\/urheilun-vuosikirja-2017\/#primaryimage","url":"https:\/\/verkkokauppa.tahto.com\/wp-content\/uploads\/2017\/02\/uvk2017_kansi.jpg","contentUrl":"https:\/\/verkkokauppa.tahto.com\/wp-content\/uploads\/2017\/02\/uvk2017_kansi.jpg","width":1404,"height":2362},{"@type":"BreadcrumbList","@id":"https:\/\/verkkokauppa.tahto.com\/en\/tuote\/urheilun-vuosikirja-2017\/#breadcrumb","itemListElement":[{"@type":"ListItem","position":1,"name":"Etusivu","item":"https:\/\/verkkokauppa.tahto.com\/en\/"},{"@type":"ListItem","position":2,"name":"Kauppa","item":"https:\/\/verkkokauppa.tahto.com\/kauppa\/"},{"@type":"ListItem","position":3,"name":"Urheilun vuosikirja 2017"}]},{"@type":"WebSite","@id":"https:\/\/verkkokauppa.tahto.com\/#website","url":"https:\/\/verkkokauppa.tahto.com\/","name":"TAHTO Shop","description":"","publisher":{"@id":"https:\/\/verkkokauppa.tahto.com\/#organization"},"potentialAction":[{"@type":"SearchAction","target":{"@type":"EntryPoint","urlTemplate":"https:\/\/verkkokauppa.tahto.com\/?s={search_term_string}"},"query-input":{"@type":"PropertyValueSpecification","valueRequired":true,"valueName":"search_term_string"}}],"inLanguage":"en-US"},{"@type":"Organization","@id":"https:\/\/verkkokauppa.tahto.com\/#organization","name":"TAHTO Urheilun ja liikunnan kulttuurikeskus","url":"https:\/\/verkkokauppa.tahto.com\/","logo":{"@type":"ImageObject","inLanguage":"en-US","@id":"https:\/\/verkkokauppa.tahto.com\/#\/schema\/logo\/image\/","url":"https:\/\/verkkokauppa.tahto.com\/wp-content\/uploads\/2022\/05\/cropped-cropped-TAHTO-logo_MV-plain-17.png","contentUrl":"https:\/\/verkkokauppa.tahto.com\/wp-content\/uploads\/2022\/05\/cropped-cropped-TAHTO-logo_MV-plain-17.png","width":1442,"height":311,"caption":"TAHTO Urheilun ja liikunnan kulttuurikeskus"},"image":{"@id":"https:\/\/verkkokauppa.tahto.com\/#\/schema\/logo\/image\/"},"sameAs":["https:\/\/www.facebook.com\/Urheilumuseo"]}]}},"_links":{"self":[{"href":"https:\/\/verkkokauppa.tahto.com\/en\/wp-json\/wp\/v2\/product\/16053","targetHints":{"allow":["GET"]}}],"collection":[{"href":"https:\/\/verkkokauppa.tahto.com\/en\/wp-json\/wp\/v2\/product"}],"about":[{"href":"https:\/\/verkkokauppa.tahto.com\/en\/wp-json\/wp\/v2\/types\/product"}],"replies":[{"embeddable":true,"href":"https:\/\/verkkokauppa.tahto.com\/en\/wp-json\/wp\/v2\/comments?post=16053"}],"wp:featuredmedia":[{"embeddable":true,"href":"https:\/\/verkkokauppa.tahto.com\/en\/wp-json\/wp\/v2\/media\/16051"}],"wp:attachment":[{"href":"https:\/\/verkkokauppa.tahto.com\/en\/wp-json\/wp\/v2\/media?parent=16053"}],"wp:term":[{"taxonomy":"product_brand","embeddable":true,"href":"https:\/\/verkkokauppa.tahto.com\/en\/wp-json\/wp\/v2\/product_brand?post=16053"},{"taxonomy":"product_cat","embeddable":true,"href":"https:\/\/verkkokauppa.tahto.com\/en\/wp-json\/wp\/v2\/product_cat?post=16053"},{"taxonomy":"product_tag","embeddable":true,"href":"https:\/\/verkkokauppa.tahto.com\/en\/wp-json\/wp\/v2\/product_tag?post=16053"}],"curies":[{"name":"wp","href":"https:\/\/api.w.org\/{rel}","templated":true}]}}