{"id":28433,"date":"2020-03-10T08:37:09","date_gmt":"2020-03-10T06:37:09","guid":{"rendered":"https:\/\/verkkokauppa.tahto.com\/tuote\/urheilun-vuosikirja-2020\/"},"modified":"2020-03-10T08:37:09","modified_gmt":"2020-03-10T08:37:09","slug":"urheilun-vuosikirja-2020","status":"publish","type":"product","link":"https:\/\/verkkokauppa.tahto.com\/en\/tuote\/urheilun-vuosikirja-2020\/","title":{"rendered":"ALE! Urheilun vuosikirja 2020"},"content":{"rendered":"","protected":false},"excerpt":{"rendered":"<p>Urheilun vuosikirja 2020 on nopeak\u00e4ytt\u00f6inen tietopaketti ja hakuteos, joka esittelee suomalaisen ja kansainv\u00e4lisen urheilun huippuhetket sanoin, kuvin ja tuloksin p\u00e4iv\u00e4st\u00e4 p\u00e4iv\u00e4\u00e4n 1.1.\u201331.12.2019.<\/p>\n<p>Tulokset, taulukot ja tilastot yli 80 urheilumuodosta Suomesta ja maailmalta.<\/p>\n<p>Urheilun vuosikirja on ilmestynyt vuodesta 1979 l\u00e4htien.<br \/>\nT\u00e4m\u00e4 kirja on teossarjan osa 41.<\/p>\n<p>Vesa Tikander on Urheilumuseon erikoistutkija.<\/p>\n","protected":false},"featured_media":28431,"comment_status":"open","ping_status":"closed","template":"","meta":[],"product_brand":[],"product_cat":[516],"product_tag":[],"class_list":{"0":"post-28433","1":"product","2":"type-product","3":"status-publish","4":"has-post-thumbnail","6":"product_cat-julkaisusarja-en","7":"pa_book_authors-tikander_vesa-en","8":"pa_book_isbn-978_952_6644_16_5-en","9":"pa_book_issn-0782_3843-en","10":"pa_book_keywords-25-urheilu_urheilutilastot_ur-en","11":"pa_book_language-suomi-en","12":"pa_book_pages-372-en","13":"pa_book_publisher-suomenurheilumuseosaatio-en","14":"pa_book_year-2020-en","16":"first","17":"instock","18":"sale","19":"taxable","20":"shipping-taxable","21":"purchasable","22":"product-type-simple"},"wcpa_form_fields":null,"yoast_head":"<!-- This site is optimized with the Yoast SEO plugin v27.2 - https:\/\/yoast.com\/product\/yoast-seo-wordpress\/ -->\n<title>ALE! Urheilun vuosikirja 2020 - TAHTO Shop<\/title>\n<meta name=\"robots\" content=\"index, follow, max-snippet:-1, max-image-preview:large, max-video-preview:-1\" \/>\n<link rel=\"canonical\" href=\"https:\/\/verkkokauppa.tahto.com\/en\/tuote\/urheilun-vuosikirja-2020\/\" \/>\n<meta property=\"og:locale\" content=\"en_US\" \/>\n<meta property=\"og:type\" content=\"article\" \/>\n<meta property=\"og:title\" content=\"ALE! Urheilun vuosikirja 2020 - TAHTO Shop\" \/>\n<meta property=\"og:description\" content=\"Urheilun vuosikirja 2020 on nopeak\u00e4ytt\u00f6inen tietopaketti ja hakuteos, joka esittelee suomalaisen ja kansainv\u00e4lisen urheilun huippuhetket sanoin, kuvin ja tuloksin p\u00e4iv\u00e4st\u00e4 p\u00e4iv\u00e4\u00e4n 1.1.\u201331.12.2019.  Tulokset, taulukot ja tilastot yli 80 urheilumuodosta Suomesta ja maailmalta.  Urheilun vuosikirja on ilmestynyt vuodesta 1979 l\u00e4htien. T\u00e4m\u00e4 kirja on teossarjan osa 41.  Vesa Tikander on Urheilumuseon erikoistutkija.\" \/>\n<meta property=\"og:url\" content=\"https:\/\/verkkokauppa.tahto.com\/en\/tuote\/urheilun-vuosikirja-2020\/\" \/>\n<meta property=\"og:site_name\" content=\"TAHTO Shop\" \/>\n<meta property=\"article:publisher\" content=\"https:\/\/www.facebook.com\/Urheilumuseo\" \/>\n<meta property=\"article:modified_time\" content=\"2020-03-10T08:37:09+00:00\" \/>\n<meta property=\"og:image\" content=\"https:\/\/verkkokauppa.tahto.com\/wp-content\/uploads\/2020\/03\/uvk2020_kansi.png\" \/>\n\t<meta property=\"og:image:width\" content=\"536\" \/>\n\t<meta property=\"og:image:height\" content=\"897\" \/>\n\t<meta property=\"og:image:type\" content=\"image\/png\" \/>\n<meta name=\"twitter:card\" content=\"summary_large_image\" \/>\n<script type=\"application\/ld+json\" class=\"yoast-schema-graph\">{\"@context\":\"https:\/\/schema.org\",\"@graph\":[{\"@type\":\"WebPage\",\"@id\":\"https:\/\/verkkokauppa.tahto.com\/en\/tuote\/urheilun-vuosikirja-2020\/\",\"url\":\"https:\/\/verkkokauppa.tahto.com\/en\/tuote\/urheilun-vuosikirja-2020\/\",\"name\":\"ALE! Urheilun vuosikirja 2020 - TAHTO Shop\",\"isPartOf\":{\"@id\":\"https:\/\/verkkokauppa.tahto.com\/#website\"},\"primaryImageOfPage\":{\"@id\":\"https:\/\/verkkokauppa.tahto.com\/en\/tuote\/urheilun-vuosikirja-2020\/#primaryimage\"},\"image\":{\"@id\":\"https:\/\/verkkokauppa.tahto.com\/en\/tuote\/urheilun-vuosikirja-2020\/#primaryimage\"},\"thumbnailUrl\":\"https:\/\/verkkokauppa.tahto.com\/wp-content\/uploads\/2020\/03\/uvk2020_kansi.png\",\"datePublished\":\"2020-03-10T06:37:09+00:00\",\"dateModified\":\"2020-03-10T08:37:09+00:00\",\"breadcrumb\":{\"@id\":\"https:\/\/verkkokauppa.tahto.com\/en\/tuote\/urheilun-vuosikirja-2020\/#breadcrumb\"},\"inLanguage\":\"en-US\",\"potentialAction\":[{\"@type\":\"ReadAction\",\"target\":[\"https:\/\/verkkokauppa.tahto.com\/en\/tuote\/urheilun-vuosikirja-2020\/\"]}]},{\"@type\":\"ImageObject\",\"inLanguage\":\"en-US\",\"@id\":\"https:\/\/verkkokauppa.tahto.com\/en\/tuote\/urheilun-vuosikirja-2020\/#primaryimage\",\"url\":\"https:\/\/verkkokauppa.tahto.com\/wp-content\/uploads\/2020\/03\/uvk2020_kansi.png\",\"contentUrl\":\"https:\/\/verkkokauppa.tahto.com\/wp-content\/uploads\/2020\/03\/uvk2020_kansi.png\",\"width\":536,\"height\":897},{\"@type\":\"BreadcrumbList\",\"@id\":\"https:\/\/verkkokauppa.tahto.com\/en\/tuote\/urheilun-vuosikirja-2020\/#breadcrumb\",\"itemListElement\":[{\"@type\":\"ListItem\",\"position\":1,\"name\":\"Etusivu\",\"item\":\"https:\/\/verkkokauppa.tahto.com\/en\/\"},{\"@type\":\"ListItem\",\"position\":2,\"name\":\"Kauppa\",\"item\":\"https:\/\/verkkokauppa.tahto.com\/kauppa\/\"},{\"@type\":\"ListItem\",\"position\":3,\"name\":\"ALE! Urheilun vuosikirja 2020\"}]},{\"@type\":\"WebSite\",\"@id\":\"https:\/\/verkkokauppa.tahto.com\/#website\",\"url\":\"https:\/\/verkkokauppa.tahto.com\/\",\"name\":\"TAHTO Shop\",\"description\":\"\",\"publisher\":{\"@id\":\"https:\/\/verkkokauppa.tahto.com\/#organization\"},\"potentialAction\":[{\"@type\":\"SearchAction\",\"target\":{\"@type\":\"EntryPoint\",\"urlTemplate\":\"https:\/\/verkkokauppa.tahto.com\/?s={search_term_string}\"},\"query-input\":{\"@type\":\"PropertyValueSpecification\",\"valueRequired\":true,\"valueName\":\"search_term_string\"}}],\"inLanguage\":\"en-US\"},{\"@type\":\"Organization\",\"@id\":\"https:\/\/verkkokauppa.tahto.com\/#organization\",\"name\":\"TAHTO Urheilun ja liikunnan kulttuurikeskus\",\"url\":\"https:\/\/verkkokauppa.tahto.com\/\",\"logo\":{\"@type\":\"ImageObject\",\"inLanguage\":\"en-US\",\"@id\":\"https:\/\/verkkokauppa.tahto.com\/#\/schema\/logo\/image\/\",\"url\":\"https:\/\/verkkokauppa.tahto.com\/wp-content\/uploads\/2022\/05\/cropped-cropped-TAHTO-logo_MV-plain-17.png\",\"contentUrl\":\"https:\/\/verkkokauppa.tahto.com\/wp-content\/uploads\/2022\/05\/cropped-cropped-TAHTO-logo_MV-plain-17.png\",\"width\":1442,\"height\":311,\"caption\":\"TAHTO Urheilun ja liikunnan kulttuurikeskus\"},\"image\":{\"@id\":\"https:\/\/verkkokauppa.tahto.com\/#\/schema\/logo\/image\/\"},\"sameAs\":[\"https:\/\/www.facebook.com\/Urheilumuseo\"]}]}<\/script>\n<!-- \/ Yoast SEO plugin. -->","yoast_head_json":{"title":"ALE! Urheilun vuosikirja 2020 - TAHTO Shop","robots":{"index":"index","follow":"follow","max-snippet":"max-snippet:-1","max-image-preview":"max-image-preview:large","max-video-preview":"max-video-preview:-1"},"canonical":"https:\/\/verkkokauppa.tahto.com\/en\/tuote\/urheilun-vuosikirja-2020\/","og_locale":"en_US","og_type":"article","og_title":"ALE! Urheilun vuosikirja 2020 - TAHTO Shop","og_description":"Urheilun vuosikirja 2020 on nopeak\u00e4ytt\u00f6inen tietopaketti ja hakuteos, joka esittelee suomalaisen ja kansainv\u00e4lisen urheilun huippuhetket sanoin, kuvin ja tuloksin p\u00e4iv\u00e4st\u00e4 p\u00e4iv\u00e4\u00e4n 1.1.\u201331.12.2019.  Tulokset, taulukot ja tilastot yli 80 urheilumuodosta Suomesta ja maailmalta.  Urheilun vuosikirja on ilmestynyt vuodesta 1979 l\u00e4htien. T\u00e4m\u00e4 kirja on teossarjan osa 41.  Vesa Tikander on Urheilumuseon erikoistutkija.","og_url":"https:\/\/verkkokauppa.tahto.com\/en\/tuote\/urheilun-vuosikirja-2020\/","og_site_name":"TAHTO Shop","article_publisher":"https:\/\/www.facebook.com\/Urheilumuseo","article_modified_time":"2020-03-10T08:37:09+00:00","og_image":[{"width":536,"height":897,"url":"https:\/\/verkkokauppa.tahto.com\/wp-content\/uploads\/2020\/03\/uvk2020_kansi.png","type":"image\/png"}],"twitter_card":"summary_large_image","schema":{"@context":"https:\/\/schema.org","@graph":[{"@type":"WebPage","@id":"https:\/\/verkkokauppa.tahto.com\/en\/tuote\/urheilun-vuosikirja-2020\/","url":"https:\/\/verkkokauppa.tahto.com\/en\/tuote\/urheilun-vuosikirja-2020\/","name":"ALE! Urheilun vuosikirja 2020 - TAHTO Shop","isPartOf":{"@id":"https:\/\/verkkokauppa.tahto.com\/#website"},"primaryImageOfPage":{"@id":"https:\/\/verkkokauppa.tahto.com\/en\/tuote\/urheilun-vuosikirja-2020\/#primaryimage"},"image":{"@id":"https:\/\/verkkokauppa.tahto.com\/en\/tuote\/urheilun-vuosikirja-2020\/#primaryimage"},"thumbnailUrl":"https:\/\/verkkokauppa.tahto.com\/wp-content\/uploads\/2020\/03\/uvk2020_kansi.png","datePublished":"2020-03-10T06:37:09+00:00","dateModified":"2020-03-10T08:37:09+00:00","breadcrumb":{"@id":"https:\/\/verkkokauppa.tahto.com\/en\/tuote\/urheilun-vuosikirja-2020\/#breadcrumb"},"inLanguage":"en-US","potentialAction":[{"@type":"ReadAction","target":["https:\/\/verkkokauppa.tahto.com\/en\/tuote\/urheilun-vuosikirja-2020\/"]}]},{"@type":"ImageObject","inLanguage":"en-US","@id":"https:\/\/verkkokauppa.tahto.com\/en\/tuote\/urheilun-vuosikirja-2020\/#primaryimage","url":"https:\/\/verkkokauppa.tahto.com\/wp-content\/uploads\/2020\/03\/uvk2020_kansi.png","contentUrl":"https:\/\/verkkokauppa.tahto.com\/wp-content\/uploads\/2020\/03\/uvk2020_kansi.png","width":536,"height":897},{"@type":"BreadcrumbList","@id":"https:\/\/verkkokauppa.tahto.com\/en\/tuote\/urheilun-vuosikirja-2020\/#breadcrumb","itemListElement":[{"@type":"ListItem","position":1,"name":"Etusivu","item":"https:\/\/verkkokauppa.tahto.com\/en\/"},{"@type":"ListItem","position":2,"name":"Kauppa","item":"https:\/\/verkkokauppa.tahto.com\/kauppa\/"},{"@type":"ListItem","position":3,"name":"ALE! Urheilun vuosikirja 2020"}]},{"@type":"WebSite","@id":"https:\/\/verkkokauppa.tahto.com\/#website","url":"https:\/\/verkkokauppa.tahto.com\/","name":"TAHTO Shop","description":"","publisher":{"@id":"https:\/\/verkkokauppa.tahto.com\/#organization"},"potentialAction":[{"@type":"SearchAction","target":{"@type":"EntryPoint","urlTemplate":"https:\/\/verkkokauppa.tahto.com\/?s={search_term_string}"},"query-input":{"@type":"PropertyValueSpecification","valueRequired":true,"valueName":"search_term_string"}}],"inLanguage":"en-US"},{"@type":"Organization","@id":"https:\/\/verkkokauppa.tahto.com\/#organization","name":"TAHTO Urheilun ja liikunnan kulttuurikeskus","url":"https:\/\/verkkokauppa.tahto.com\/","logo":{"@type":"ImageObject","inLanguage":"en-US","@id":"https:\/\/verkkokauppa.tahto.com\/#\/schema\/logo\/image\/","url":"https:\/\/verkkokauppa.tahto.com\/wp-content\/uploads\/2022\/05\/cropped-cropped-TAHTO-logo_MV-plain-17.png","contentUrl":"https:\/\/verkkokauppa.tahto.com\/wp-content\/uploads\/2022\/05\/cropped-cropped-TAHTO-logo_MV-plain-17.png","width":1442,"height":311,"caption":"TAHTO Urheilun ja liikunnan kulttuurikeskus"},"image":{"@id":"https:\/\/verkkokauppa.tahto.com\/#\/schema\/logo\/image\/"},"sameAs":["https:\/\/www.facebook.com\/Urheilumuseo"]}]}},"_links":{"self":[{"href":"https:\/\/verkkokauppa.tahto.com\/en\/wp-json\/wp\/v2\/product\/28433","targetHints":{"allow":["GET"]}}],"collection":[{"href":"https:\/\/verkkokauppa.tahto.com\/en\/wp-json\/wp\/v2\/product"}],"about":[{"href":"https:\/\/verkkokauppa.tahto.com\/en\/wp-json\/wp\/v2\/types\/product"}],"replies":[{"embeddable":true,"href":"https:\/\/verkkokauppa.tahto.com\/en\/wp-json\/wp\/v2\/comments?post=28433"}],"wp:featuredmedia":[{"embeddable":true,"href":"https:\/\/verkkokauppa.tahto.com\/en\/wp-json\/wp\/v2\/media\/28431"}],"wp:attachment":[{"href":"https:\/\/verkkokauppa.tahto.com\/en\/wp-json\/wp\/v2\/media?parent=28433"}],"wp:term":[{"taxonomy":"product_brand","embeddable":true,"href":"https:\/\/verkkokauppa.tahto.com\/en\/wp-json\/wp\/v2\/product_brand?post=28433"},{"taxonomy":"product_cat","embeddable":true,"href":"https:\/\/verkkokauppa.tahto.com\/en\/wp-json\/wp\/v2\/product_cat?post=28433"},{"taxonomy":"product_tag","embeddable":true,"href":"https:\/\/verkkokauppa.tahto.com\/en\/wp-json\/wp\/v2\/product_tag?post=28433"}],"curies":[{"name":"wp","href":"https:\/\/api.w.org\/{rel}","templated":true}]}}