{"id":28495,"date":"2021-04-09T06:52:58","date_gmt":"2021-04-09T04:52:58","guid":{"rendered":"https:\/\/verkkokauppa.tahto.com\/tuote\/paasylippu-aikuinen\/"},"modified":"2021-04-09T06:52:58","modified_gmt":"2021-04-09T06:52:58","slug":"paasylippu-aikuinen","status":"publish","type":"product","link":"https:\/\/verkkokauppa.tahto.com\/en\/tuote\/paasylippu-aikuinen\/","title":{"rendered":"Yhteislippu, Urheilumuseo ja Olympiastadionin torni, aikuinen (ei ladattava tuote)"},"content":{"rendered":"","protected":false},"excerpt":{"rendered":"<p>P\u00e4\u00e4sylippu sis\u00e4lt\u00e4\u00e4 yhden aikuisen normaalihintaisen sis\u00e4\u00e4np\u00e4\u00e4syn Urheilumuseoon ja Stadionin torniin. Lippu on voimassa vuoden 2022 loppuun.<br \/>\nOta lippu mukaan vierailulle! <\/p>\n<p>Lippu noudettuna museokaupasta 18,00 \u20ac. Postitettuna tilaukseen lis\u00e4t\u00e4\u00e4n postikulut 5,90 \u20ac.<\/p>\n","protected":false},"featured_media":29018,"comment_status":"open","ping_status":"closed","template":"","meta":[],"product_brand":[],"product_cat":[],"product_tag":[],"class_list":{"0":"post-28495","1":"product","2":"type-product","3":"status-publish","4":"has-post-thumbnail","7":"first","8":"instock","9":"taxable","10":"shipping-taxable","11":"purchasable","12":"product-type-simple"},"wcpa_form_fields":null,"yoast_head":"<!-- This site is optimized with the Yoast SEO plugin v27.2 - https:\/\/yoast.com\/product\/yoast-seo-wordpress\/ -->\n<title>Yhteislippu, Urheilumuseo ja Olympiastadionin torni, aikuinen (ei ladattava tuote) - TAHTO Shop<\/title>\n<meta name=\"robots\" content=\"index, follow, max-snippet:-1, max-image-preview:large, max-video-preview:-1\" \/>\n<link rel=\"canonical\" href=\"https:\/\/verkkokauppa.tahto.com\/en\/tuote\/paasylippu-aikuinen\/\" \/>\n<meta property=\"og:locale\" content=\"en_US\" \/>\n<meta property=\"og:type\" content=\"article\" \/>\n<meta property=\"og:title\" content=\"Yhteislippu, Urheilumuseo ja Olympiastadionin torni, aikuinen (ei ladattava tuote) - TAHTO Shop\" \/>\n<meta property=\"og:description\" content=\"P\u00e4\u00e4sylippu sis\u00e4lt\u00e4\u00e4 yhden aikuisen normaalihintaisen sis\u00e4\u00e4np\u00e4\u00e4syn Urheilumuseoon ja Stadionin torniin. Lippu on voimassa vuoden 2022 loppuun. Ota lippu mukaan vierailulle!   Lippu noudettuna museokaupasta 18,00 \u20ac. Postitettuna tilaukseen lis\u00e4t\u00e4\u00e4n postikulut 5,90 \u20ac.\" \/>\n<meta property=\"og:url\" content=\"https:\/\/verkkokauppa.tahto.com\/en\/tuote\/paasylippu-aikuinen\/\" \/>\n<meta property=\"og:site_name\" content=\"TAHTO Shop\" \/>\n<meta property=\"article:publisher\" content=\"https:\/\/www.facebook.com\/Urheilumuseo\" \/>\n<meta property=\"article:modified_time\" content=\"2021-04-09T06:52:58+00:00\" \/>\n<meta property=\"og:image\" content=\"https:\/\/verkkokauppa.tahto.com\/wp-content\/uploads\/2021\/04\/Lippu_aikuinen-scaled.jpg\" \/>\n\t<meta property=\"og:image:width\" content=\"2288\" \/>\n\t<meta property=\"og:image:height\" content=\"2560\" \/>\n\t<meta property=\"og:image:type\" content=\"image\/jpeg\" \/>\n<meta name=\"twitter:card\" content=\"summary_large_image\" \/>\n<script type=\"application\/ld+json\" class=\"yoast-schema-graph\">{\"@context\":\"https:\/\/schema.org\",\"@graph\":[{\"@type\":\"WebPage\",\"@id\":\"https:\/\/verkkokauppa.tahto.com\/en\/tuote\/paasylippu-aikuinen\/\",\"url\":\"https:\/\/verkkokauppa.tahto.com\/en\/tuote\/paasylippu-aikuinen\/\",\"name\":\"Yhteislippu, Urheilumuseo ja Olympiastadionin torni, aikuinen (ei ladattava tuote) - TAHTO Shop\",\"isPartOf\":{\"@id\":\"https:\/\/verkkokauppa.tahto.com\/#website\"},\"primaryImageOfPage\":{\"@id\":\"https:\/\/verkkokauppa.tahto.com\/en\/tuote\/paasylippu-aikuinen\/#primaryimage\"},\"image\":{\"@id\":\"https:\/\/verkkokauppa.tahto.com\/en\/tuote\/paasylippu-aikuinen\/#primaryimage\"},\"thumbnailUrl\":\"https:\/\/verkkokauppa.tahto.com\/wp-content\/uploads\/2021\/04\/Lippu_aikuinen-scaled.jpg\",\"datePublished\":\"2021-04-09T04:52:58+00:00\",\"dateModified\":\"2021-04-09T06:52:58+00:00\",\"breadcrumb\":{\"@id\":\"https:\/\/verkkokauppa.tahto.com\/en\/tuote\/paasylippu-aikuinen\/#breadcrumb\"},\"inLanguage\":\"en-US\",\"potentialAction\":[{\"@type\":\"ReadAction\",\"target\":[\"https:\/\/verkkokauppa.tahto.com\/en\/tuote\/paasylippu-aikuinen\/\"]}]},{\"@type\":\"ImageObject\",\"inLanguage\":\"en-US\",\"@id\":\"https:\/\/verkkokauppa.tahto.com\/en\/tuote\/paasylippu-aikuinen\/#primaryimage\",\"url\":\"https:\/\/verkkokauppa.tahto.com\/wp-content\/uploads\/2021\/04\/Lippu_aikuinen-scaled.jpg\",\"contentUrl\":\"https:\/\/verkkokauppa.tahto.com\/wp-content\/uploads\/2021\/04\/Lippu_aikuinen-scaled.jpg\",\"width\":2288,\"height\":2560},{\"@type\":\"BreadcrumbList\",\"@id\":\"https:\/\/verkkokauppa.tahto.com\/en\/tuote\/paasylippu-aikuinen\/#breadcrumb\",\"itemListElement\":[{\"@type\":\"ListItem\",\"position\":1,\"name\":\"Etusivu\",\"item\":\"https:\/\/verkkokauppa.tahto.com\/en\/\"},{\"@type\":\"ListItem\",\"position\":2,\"name\":\"Kauppa\",\"item\":\"https:\/\/verkkokauppa.tahto.com\/kauppa\/\"},{\"@type\":\"ListItem\",\"position\":3,\"name\":\"Yhteislippu, Urheilumuseo ja Olympiastadionin torni, aikuinen (ei ladattava tuote)\"}]},{\"@type\":\"WebSite\",\"@id\":\"https:\/\/verkkokauppa.tahto.com\/#website\",\"url\":\"https:\/\/verkkokauppa.tahto.com\/\",\"name\":\"TAHTO Shop\",\"description\":\"\",\"publisher\":{\"@id\":\"https:\/\/verkkokauppa.tahto.com\/#organization\"},\"potentialAction\":[{\"@type\":\"SearchAction\",\"target\":{\"@type\":\"EntryPoint\",\"urlTemplate\":\"https:\/\/verkkokauppa.tahto.com\/?s={search_term_string}\"},\"query-input\":{\"@type\":\"PropertyValueSpecification\",\"valueRequired\":true,\"valueName\":\"search_term_string\"}}],\"inLanguage\":\"en-US\"},{\"@type\":\"Organization\",\"@id\":\"https:\/\/verkkokauppa.tahto.com\/#organization\",\"name\":\"TAHTO Urheilun ja liikunnan kulttuurikeskus\",\"url\":\"https:\/\/verkkokauppa.tahto.com\/\",\"logo\":{\"@type\":\"ImageObject\",\"inLanguage\":\"en-US\",\"@id\":\"https:\/\/verkkokauppa.tahto.com\/#\/schema\/logo\/image\/\",\"url\":\"https:\/\/verkkokauppa.tahto.com\/wp-content\/uploads\/2022\/05\/cropped-cropped-TAHTO-logo_MV-plain-17.png\",\"contentUrl\":\"https:\/\/verkkokauppa.tahto.com\/wp-content\/uploads\/2022\/05\/cropped-cropped-TAHTO-logo_MV-plain-17.png\",\"width\":1442,\"height\":311,\"caption\":\"TAHTO Urheilun ja liikunnan kulttuurikeskus\"},\"image\":{\"@id\":\"https:\/\/verkkokauppa.tahto.com\/#\/schema\/logo\/image\/\"},\"sameAs\":[\"https:\/\/www.facebook.com\/Urheilumuseo\"]}]}<\/script>\n<!-- \/ Yoast SEO plugin. -->","yoast_head_json":{"title":"Yhteislippu, Urheilumuseo ja Olympiastadionin torni, aikuinen (ei ladattava tuote) - TAHTO Shop","robots":{"index":"index","follow":"follow","max-snippet":"max-snippet:-1","max-image-preview":"max-image-preview:large","max-video-preview":"max-video-preview:-1"},"canonical":"https:\/\/verkkokauppa.tahto.com\/en\/tuote\/paasylippu-aikuinen\/","og_locale":"en_US","og_type":"article","og_title":"Yhteislippu, Urheilumuseo ja Olympiastadionin torni, aikuinen (ei ladattava tuote) - TAHTO Shop","og_description":"P\u00e4\u00e4sylippu sis\u00e4lt\u00e4\u00e4 yhden aikuisen normaalihintaisen sis\u00e4\u00e4np\u00e4\u00e4syn Urheilumuseoon ja Stadionin torniin. Lippu on voimassa vuoden 2022 loppuun. Ota lippu mukaan vierailulle!   Lippu noudettuna museokaupasta 18,00 \u20ac. Postitettuna tilaukseen lis\u00e4t\u00e4\u00e4n postikulut 5,90 \u20ac.","og_url":"https:\/\/verkkokauppa.tahto.com\/en\/tuote\/paasylippu-aikuinen\/","og_site_name":"TAHTO Shop","article_publisher":"https:\/\/www.facebook.com\/Urheilumuseo","article_modified_time":"2021-04-09T06:52:58+00:00","og_image":[{"width":2288,"height":2560,"url":"https:\/\/verkkokauppa.tahto.com\/wp-content\/uploads\/2021\/04\/Lippu_aikuinen-scaled.jpg","type":"image\/jpeg"}],"twitter_card":"summary_large_image","schema":{"@context":"https:\/\/schema.org","@graph":[{"@type":"WebPage","@id":"https:\/\/verkkokauppa.tahto.com\/en\/tuote\/paasylippu-aikuinen\/","url":"https:\/\/verkkokauppa.tahto.com\/en\/tuote\/paasylippu-aikuinen\/","name":"Yhteislippu, Urheilumuseo ja Olympiastadionin torni, aikuinen (ei ladattava tuote) - TAHTO Shop","isPartOf":{"@id":"https:\/\/verkkokauppa.tahto.com\/#website"},"primaryImageOfPage":{"@id":"https:\/\/verkkokauppa.tahto.com\/en\/tuote\/paasylippu-aikuinen\/#primaryimage"},"image":{"@id":"https:\/\/verkkokauppa.tahto.com\/en\/tuote\/paasylippu-aikuinen\/#primaryimage"},"thumbnailUrl":"https:\/\/verkkokauppa.tahto.com\/wp-content\/uploads\/2021\/04\/Lippu_aikuinen-scaled.jpg","datePublished":"2021-04-09T04:52:58+00:00","dateModified":"2021-04-09T06:52:58+00:00","breadcrumb":{"@id":"https:\/\/verkkokauppa.tahto.com\/en\/tuote\/paasylippu-aikuinen\/#breadcrumb"},"inLanguage":"en-US","potentialAction":[{"@type":"ReadAction","target":["https:\/\/verkkokauppa.tahto.com\/en\/tuote\/paasylippu-aikuinen\/"]}]},{"@type":"ImageObject","inLanguage":"en-US","@id":"https:\/\/verkkokauppa.tahto.com\/en\/tuote\/paasylippu-aikuinen\/#primaryimage","url":"https:\/\/verkkokauppa.tahto.com\/wp-content\/uploads\/2021\/04\/Lippu_aikuinen-scaled.jpg","contentUrl":"https:\/\/verkkokauppa.tahto.com\/wp-content\/uploads\/2021\/04\/Lippu_aikuinen-scaled.jpg","width":2288,"height":2560},{"@type":"BreadcrumbList","@id":"https:\/\/verkkokauppa.tahto.com\/en\/tuote\/paasylippu-aikuinen\/#breadcrumb","itemListElement":[{"@type":"ListItem","position":1,"name":"Etusivu","item":"https:\/\/verkkokauppa.tahto.com\/en\/"},{"@type":"ListItem","position":2,"name":"Kauppa","item":"https:\/\/verkkokauppa.tahto.com\/kauppa\/"},{"@type":"ListItem","position":3,"name":"Yhteislippu, Urheilumuseo ja Olympiastadionin torni, aikuinen (ei ladattava tuote)"}]},{"@type":"WebSite","@id":"https:\/\/verkkokauppa.tahto.com\/#website","url":"https:\/\/verkkokauppa.tahto.com\/","name":"TAHTO Shop","description":"","publisher":{"@id":"https:\/\/verkkokauppa.tahto.com\/#organization"},"potentialAction":[{"@type":"SearchAction","target":{"@type":"EntryPoint","urlTemplate":"https:\/\/verkkokauppa.tahto.com\/?s={search_term_string}"},"query-input":{"@type":"PropertyValueSpecification","valueRequired":true,"valueName":"search_term_string"}}],"inLanguage":"en-US"},{"@type":"Organization","@id":"https:\/\/verkkokauppa.tahto.com\/#organization","name":"TAHTO Urheilun ja liikunnan kulttuurikeskus","url":"https:\/\/verkkokauppa.tahto.com\/","logo":{"@type":"ImageObject","inLanguage":"en-US","@id":"https:\/\/verkkokauppa.tahto.com\/#\/schema\/logo\/image\/","url":"https:\/\/verkkokauppa.tahto.com\/wp-content\/uploads\/2022\/05\/cropped-cropped-TAHTO-logo_MV-plain-17.png","contentUrl":"https:\/\/verkkokauppa.tahto.com\/wp-content\/uploads\/2022\/05\/cropped-cropped-TAHTO-logo_MV-plain-17.png","width":1442,"height":311,"caption":"TAHTO Urheilun ja liikunnan kulttuurikeskus"},"image":{"@id":"https:\/\/verkkokauppa.tahto.com\/#\/schema\/logo\/image\/"},"sameAs":["https:\/\/www.facebook.com\/Urheilumuseo"]}]}},"_links":{"self":[{"href":"https:\/\/verkkokauppa.tahto.com\/en\/wp-json\/wp\/v2\/product\/28495","targetHints":{"allow":["GET"]}}],"collection":[{"href":"https:\/\/verkkokauppa.tahto.com\/en\/wp-json\/wp\/v2\/product"}],"about":[{"href":"https:\/\/verkkokauppa.tahto.com\/en\/wp-json\/wp\/v2\/types\/product"}],"replies":[{"embeddable":true,"href":"https:\/\/verkkokauppa.tahto.com\/en\/wp-json\/wp\/v2\/comments?post=28495"}],"wp:featuredmedia":[{"embeddable":true,"href":"https:\/\/verkkokauppa.tahto.com\/en\/wp-json\/wp\/v2\/media\/29018"}],"wp:attachment":[{"href":"https:\/\/verkkokauppa.tahto.com\/en\/wp-json\/wp\/v2\/media?parent=28495"}],"wp:term":[{"taxonomy":"product_brand","embeddable":true,"href":"https:\/\/verkkokauppa.tahto.com\/en\/wp-json\/wp\/v2\/product_brand?post=28495"},{"taxonomy":"product_cat","embeddable":true,"href":"https:\/\/verkkokauppa.tahto.com\/en\/wp-json\/wp\/v2\/product_cat?post=28495"},{"taxonomy":"product_tag","embeddable":true,"href":"https:\/\/verkkokauppa.tahto.com\/en\/wp-json\/wp\/v2\/product_tag?post=28495"}],"curies":[{"name":"wp","href":"https:\/\/api.w.org\/{rel}","templated":true}]}}