{"id":28499,"date":"2021-04-09T07:06:08","date_gmt":"2021-04-09T05:06:08","guid":{"rendered":"https:\/\/verkkokauppa.tahto.com\/tuote\/design-by-urheilumuseo-korvakorut\/"},"modified":"2021-04-09T07:06:08","modified_gmt":"2021-04-09T07:06:08","slug":"design-by-urheilumuseo-korvakorut","status":"publish","type":"product","link":"https:\/\/verkkokauppa.tahto.com\/en\/tuote\/design-by-urheilumuseo-korvakorut\/","title":{"rendered":"Design by Urheilumuseo korvakorut"},"content":{"rendered":"","protected":false},"excerpt":{"rendered":"<p>Koivuvanerista valmistetut, ainutlaatuiset korvakorut ovat Urheilumuseon oma tuotos ja <a href=\"https:\/\/samaskoru.fi\/\">Samaskorun<\/a> valmistamat. Korvakorut on pakattu l\u00e4pin\u00e4kyv\u00e4\u00e4n organzapussiin. T\u00e4ydelliset lahjaksi tai omaan k\u00e4ytt\u00f6\u00f6n. <\/p>\n","protected":false},"featured_media":29128,"comment_status":"open","ping_status":"closed","template":"","meta":[],"product_brand":[],"product_cat":[],"product_tag":[],"class_list":{"0":"post-28499","1":"product","2":"type-product","3":"status-publish","4":"has-post-thumbnail","7":"first","8":"instock","9":"taxable","10":"shipping-taxable","11":"purchasable","12":"product-type-simple"},"wcpa_form_fields":null,"yoast_head":"<!-- This site is optimized with the Yoast SEO plugin v27.2 - https:\/\/yoast.com\/product\/yoast-seo-wordpress\/ -->\n<title>Design by Urheilumuseo korvakorut - TAHTO Shop<\/title>\n<meta name=\"robots\" content=\"index, follow, max-snippet:-1, max-image-preview:large, max-video-preview:-1\" \/>\n<link rel=\"canonical\" href=\"https:\/\/verkkokauppa.tahto.com\/en\/tuote\/design-by-urheilumuseo-korvakorut\/\" \/>\n<meta property=\"og:locale\" content=\"en_US\" \/>\n<meta property=\"og:type\" content=\"article\" \/>\n<meta property=\"og:title\" content=\"Design by Urheilumuseo korvakorut - TAHTO Shop\" \/>\n<meta property=\"og:description\" content=\"Koivuvanerista valmistetut, ainutlaatuiset korvakorut ovat Urheilumuseon oma tuotos ja Samaskorun valmistamat. Korvakorut on pakattu l\u00e4pin\u00e4kyv\u00e4\u00e4n organzapussiin. T\u00e4ydelliset lahjaksi tai omaan k\u00e4ytt\u00f6\u00f6n.\" \/>\n<meta property=\"og:url\" content=\"https:\/\/verkkokauppa.tahto.com\/en\/tuote\/design-by-urheilumuseo-korvakorut\/\" \/>\n<meta property=\"og:site_name\" content=\"TAHTO Shop\" \/>\n<meta property=\"article:publisher\" content=\"https:\/\/www.facebook.com\/Urheilumuseo\" \/>\n<meta property=\"article:modified_time\" content=\"2021-04-09T07:06:08+00:00\" \/>\n<meta property=\"og:image\" content=\"https:\/\/verkkokauppa.tahto.com\/wp-content\/uploads\/2021\/04\/LJVUHV-.png\" \/>\n\t<meta property=\"og:image:width\" content=\"3000\" \/>\n\t<meta property=\"og:image:height\" content=\"3000\" \/>\n\t<meta property=\"og:image:type\" content=\"image\/png\" \/>\n<meta name=\"twitter:card\" content=\"summary_large_image\" \/>\n<script type=\"application\/ld+json\" class=\"yoast-schema-graph\">{\"@context\":\"https:\/\/schema.org\",\"@graph\":[{\"@type\":\"WebPage\",\"@id\":\"https:\/\/verkkokauppa.tahto.com\/en\/tuote\/design-by-urheilumuseo-korvakorut\/\",\"url\":\"https:\/\/verkkokauppa.tahto.com\/en\/tuote\/design-by-urheilumuseo-korvakorut\/\",\"name\":\"Design by Urheilumuseo korvakorut - TAHTO Shop\",\"isPartOf\":{\"@id\":\"https:\/\/verkkokauppa.tahto.com\/#website\"},\"primaryImageOfPage\":{\"@id\":\"https:\/\/verkkokauppa.tahto.com\/en\/tuote\/design-by-urheilumuseo-korvakorut\/#primaryimage\"},\"image\":{\"@id\":\"https:\/\/verkkokauppa.tahto.com\/en\/tuote\/design-by-urheilumuseo-korvakorut\/#primaryimage\"},\"thumbnailUrl\":\"https:\/\/verkkokauppa.tahto.com\/wp-content\/uploads\/2021\/04\/LJVUHV-.png\",\"datePublished\":\"2021-04-09T05:06:08+00:00\",\"dateModified\":\"2021-04-09T07:06:08+00:00\",\"breadcrumb\":{\"@id\":\"https:\/\/verkkokauppa.tahto.com\/en\/tuote\/design-by-urheilumuseo-korvakorut\/#breadcrumb\"},\"inLanguage\":\"en-US\",\"potentialAction\":[{\"@type\":\"ReadAction\",\"target\":[\"https:\/\/verkkokauppa.tahto.com\/en\/tuote\/design-by-urheilumuseo-korvakorut\/\"]}]},{\"@type\":\"ImageObject\",\"inLanguage\":\"en-US\",\"@id\":\"https:\/\/verkkokauppa.tahto.com\/en\/tuote\/design-by-urheilumuseo-korvakorut\/#primaryimage\",\"url\":\"https:\/\/verkkokauppa.tahto.com\/wp-content\/uploads\/2021\/04\/LJVUHV-.png\",\"contentUrl\":\"https:\/\/verkkokauppa.tahto.com\/wp-content\/uploads\/2021\/04\/LJVUHV-.png\",\"width\":3000,\"height\":3000,\"caption\":\"KORUT\"},{\"@type\":\"BreadcrumbList\",\"@id\":\"https:\/\/verkkokauppa.tahto.com\/en\/tuote\/design-by-urheilumuseo-korvakorut\/#breadcrumb\",\"itemListElement\":[{\"@type\":\"ListItem\",\"position\":1,\"name\":\"Etusivu\",\"item\":\"https:\/\/verkkokauppa.tahto.com\/en\/\"},{\"@type\":\"ListItem\",\"position\":2,\"name\":\"Kauppa\",\"item\":\"https:\/\/verkkokauppa.tahto.com\/kauppa\/\"},{\"@type\":\"ListItem\",\"position\":3,\"name\":\"Design by Urheilumuseo korvakorut\"}]},{\"@type\":\"WebSite\",\"@id\":\"https:\/\/verkkokauppa.tahto.com\/#website\",\"url\":\"https:\/\/verkkokauppa.tahto.com\/\",\"name\":\"TAHTO Shop\",\"description\":\"\",\"publisher\":{\"@id\":\"https:\/\/verkkokauppa.tahto.com\/#organization\"},\"potentialAction\":[{\"@type\":\"SearchAction\",\"target\":{\"@type\":\"EntryPoint\",\"urlTemplate\":\"https:\/\/verkkokauppa.tahto.com\/?s={search_term_string}\"},\"query-input\":{\"@type\":\"PropertyValueSpecification\",\"valueRequired\":true,\"valueName\":\"search_term_string\"}}],\"inLanguage\":\"en-US\"},{\"@type\":\"Organization\",\"@id\":\"https:\/\/verkkokauppa.tahto.com\/#organization\",\"name\":\"TAHTO Urheilun ja liikunnan kulttuurikeskus\",\"url\":\"https:\/\/verkkokauppa.tahto.com\/\",\"logo\":{\"@type\":\"ImageObject\",\"inLanguage\":\"en-US\",\"@id\":\"https:\/\/verkkokauppa.tahto.com\/#\/schema\/logo\/image\/\",\"url\":\"https:\/\/verkkokauppa.tahto.com\/wp-content\/uploads\/2022\/05\/cropped-cropped-TAHTO-logo_MV-plain-17.png\",\"contentUrl\":\"https:\/\/verkkokauppa.tahto.com\/wp-content\/uploads\/2022\/05\/cropped-cropped-TAHTO-logo_MV-plain-17.png\",\"width\":1442,\"height\":311,\"caption\":\"TAHTO Urheilun ja liikunnan kulttuurikeskus\"},\"image\":{\"@id\":\"https:\/\/verkkokauppa.tahto.com\/#\/schema\/logo\/image\/\"},\"sameAs\":[\"https:\/\/www.facebook.com\/Urheilumuseo\"]}]}<\/script>\n<!-- \/ Yoast SEO plugin. -->","yoast_head_json":{"title":"Design by Urheilumuseo korvakorut - TAHTO Shop","robots":{"index":"index","follow":"follow","max-snippet":"max-snippet:-1","max-image-preview":"max-image-preview:large","max-video-preview":"max-video-preview:-1"},"canonical":"https:\/\/verkkokauppa.tahto.com\/en\/tuote\/design-by-urheilumuseo-korvakorut\/","og_locale":"en_US","og_type":"article","og_title":"Design by Urheilumuseo korvakorut - TAHTO Shop","og_description":"Koivuvanerista valmistetut, ainutlaatuiset korvakorut ovat Urheilumuseon oma tuotos ja Samaskorun valmistamat. Korvakorut on pakattu l\u00e4pin\u00e4kyv\u00e4\u00e4n organzapussiin. T\u00e4ydelliset lahjaksi tai omaan k\u00e4ytt\u00f6\u00f6n.","og_url":"https:\/\/verkkokauppa.tahto.com\/en\/tuote\/design-by-urheilumuseo-korvakorut\/","og_site_name":"TAHTO Shop","article_publisher":"https:\/\/www.facebook.com\/Urheilumuseo","article_modified_time":"2021-04-09T07:06:08+00:00","og_image":[{"width":3000,"height":3000,"url":"https:\/\/verkkokauppa.tahto.com\/wp-content\/uploads\/2021\/04\/LJVUHV-.png","type":"image\/png"}],"twitter_card":"summary_large_image","schema":{"@context":"https:\/\/schema.org","@graph":[{"@type":"WebPage","@id":"https:\/\/verkkokauppa.tahto.com\/en\/tuote\/design-by-urheilumuseo-korvakorut\/","url":"https:\/\/verkkokauppa.tahto.com\/en\/tuote\/design-by-urheilumuseo-korvakorut\/","name":"Design by Urheilumuseo korvakorut - TAHTO Shop","isPartOf":{"@id":"https:\/\/verkkokauppa.tahto.com\/#website"},"primaryImageOfPage":{"@id":"https:\/\/verkkokauppa.tahto.com\/en\/tuote\/design-by-urheilumuseo-korvakorut\/#primaryimage"},"image":{"@id":"https:\/\/verkkokauppa.tahto.com\/en\/tuote\/design-by-urheilumuseo-korvakorut\/#primaryimage"},"thumbnailUrl":"https:\/\/verkkokauppa.tahto.com\/wp-content\/uploads\/2021\/04\/LJVUHV-.png","datePublished":"2021-04-09T05:06:08+00:00","dateModified":"2021-04-09T07:06:08+00:00","breadcrumb":{"@id":"https:\/\/verkkokauppa.tahto.com\/en\/tuote\/design-by-urheilumuseo-korvakorut\/#breadcrumb"},"inLanguage":"en-US","potentialAction":[{"@type":"ReadAction","target":["https:\/\/verkkokauppa.tahto.com\/en\/tuote\/design-by-urheilumuseo-korvakorut\/"]}]},{"@type":"ImageObject","inLanguage":"en-US","@id":"https:\/\/verkkokauppa.tahto.com\/en\/tuote\/design-by-urheilumuseo-korvakorut\/#primaryimage","url":"https:\/\/verkkokauppa.tahto.com\/wp-content\/uploads\/2021\/04\/LJVUHV-.png","contentUrl":"https:\/\/verkkokauppa.tahto.com\/wp-content\/uploads\/2021\/04\/LJVUHV-.png","width":3000,"height":3000,"caption":"KORUT"},{"@type":"BreadcrumbList","@id":"https:\/\/verkkokauppa.tahto.com\/en\/tuote\/design-by-urheilumuseo-korvakorut\/#breadcrumb","itemListElement":[{"@type":"ListItem","position":1,"name":"Etusivu","item":"https:\/\/verkkokauppa.tahto.com\/en\/"},{"@type":"ListItem","position":2,"name":"Kauppa","item":"https:\/\/verkkokauppa.tahto.com\/kauppa\/"},{"@type":"ListItem","position":3,"name":"Design by Urheilumuseo korvakorut"}]},{"@type":"WebSite","@id":"https:\/\/verkkokauppa.tahto.com\/#website","url":"https:\/\/verkkokauppa.tahto.com\/","name":"TAHTO Shop","description":"","publisher":{"@id":"https:\/\/verkkokauppa.tahto.com\/#organization"},"potentialAction":[{"@type":"SearchAction","target":{"@type":"EntryPoint","urlTemplate":"https:\/\/verkkokauppa.tahto.com\/?s={search_term_string}"},"query-input":{"@type":"PropertyValueSpecification","valueRequired":true,"valueName":"search_term_string"}}],"inLanguage":"en-US"},{"@type":"Organization","@id":"https:\/\/verkkokauppa.tahto.com\/#organization","name":"TAHTO Urheilun ja liikunnan kulttuurikeskus","url":"https:\/\/verkkokauppa.tahto.com\/","logo":{"@type":"ImageObject","inLanguage":"en-US","@id":"https:\/\/verkkokauppa.tahto.com\/#\/schema\/logo\/image\/","url":"https:\/\/verkkokauppa.tahto.com\/wp-content\/uploads\/2022\/05\/cropped-cropped-TAHTO-logo_MV-plain-17.png","contentUrl":"https:\/\/verkkokauppa.tahto.com\/wp-content\/uploads\/2022\/05\/cropped-cropped-TAHTO-logo_MV-plain-17.png","width":1442,"height":311,"caption":"TAHTO Urheilun ja liikunnan kulttuurikeskus"},"image":{"@id":"https:\/\/verkkokauppa.tahto.com\/#\/schema\/logo\/image\/"},"sameAs":["https:\/\/www.facebook.com\/Urheilumuseo"]}]}},"_links":{"self":[{"href":"https:\/\/verkkokauppa.tahto.com\/en\/wp-json\/wp\/v2\/product\/28499","targetHints":{"allow":["GET"]}}],"collection":[{"href":"https:\/\/verkkokauppa.tahto.com\/en\/wp-json\/wp\/v2\/product"}],"about":[{"href":"https:\/\/verkkokauppa.tahto.com\/en\/wp-json\/wp\/v2\/types\/product"}],"replies":[{"embeddable":true,"href":"https:\/\/verkkokauppa.tahto.com\/en\/wp-json\/wp\/v2\/comments?post=28499"}],"wp:featuredmedia":[{"embeddable":true,"href":"https:\/\/verkkokauppa.tahto.com\/en\/wp-json\/wp\/v2\/media\/29128"}],"wp:attachment":[{"href":"https:\/\/verkkokauppa.tahto.com\/en\/wp-json\/wp\/v2\/media?parent=28499"}],"wp:term":[{"taxonomy":"product_brand","embeddable":true,"href":"https:\/\/verkkokauppa.tahto.com\/en\/wp-json\/wp\/v2\/product_brand?post=28499"},{"taxonomy":"product_cat","embeddable":true,"href":"https:\/\/verkkokauppa.tahto.com\/en\/wp-json\/wp\/v2\/product_cat?post=28499"},{"taxonomy":"product_tag","embeddable":true,"href":"https:\/\/verkkokauppa.tahto.com\/en\/wp-json\/wp\/v2\/product_tag?post=28499"}],"curies":[{"name":"wp","href":"https:\/\/api.w.org\/{rel}","templated":true}]}}