{"id":28507,"date":"2021-10-18T10:32:24","date_gmt":"2021-10-18T08:32:24","guid":{"rendered":"https:\/\/verkkokauppa.tahto.com\/tuote\/hiljainen-mestari\/"},"modified":"2021-10-18T10:32:24","modified_gmt":"2021-10-18T10:32:24","slug":"hiljainen-mestari","status":"publish","type":"product","link":"https:\/\/verkkokauppa.tahto.com\/en\/tuote\/hiljainen-mestari\/","title":{"rendered":"Hiljainen mestari"},"content":{"rendered":"<p>Suomen menestynein ampumahiiht\u00e4j\u00e4 Heikki Ikola (s. 1947) oli hiljainen mestari, joka ei halunnut korostaa itse\u00e4\u00e4n. H\u00e4n oli huipulla 1970-luvulla ja 1980-luvun alussa saavuttaen yhteens\u00e4 kymmenen MM- ja olympiamitalia. Vain olympialaisten kultamitali j\u00e4i kaksinkertaiselta Vuoden urheilijalta puuttumaan.  <\/p>\n<p>Kirjassa seurataan Ikolan lapsuutta Etel\u00e4-Pohjanmaalla Jurvassa ja Kanadan Timminsiss\u00e4 ja sen j\u00e4lkeen urheilijauran alkua sek\u00e4 huippuvuosia ampumahiiht\u00e4j\u00e4n\u00e4. Palvelu aktiiviupseerina Porin prikaatissa S\u00e4kyl\u00e4ss\u00e4 tarjosi Ikolalle hyv\u00e4t harjoitteluolosuhteet. Vuoden 1981 Lahden MM-kisojen j\u00e4lkeen Ikola l\u00e4hti tavoittelemaan puuttuvaa olympiakultaa. Eritt\u00e4in kova harjoittelu kostautui. Ikola valmensi itsens\u00e4 uuvuksiin. <\/p>\n<p>Urheilijauransa j\u00e4lkeen Ikola jatkoi armeijan palveluksessa ja kouluttautui ampumahiihdon valmentajaksi. Suomen Ampumahiihtoliitto kutsui Ikolan t\u00f6ihin, ja t\u00e4m\u00e4 valmensikin pitk\u00e4st\u00e4 aikaa suomalaisen ampumahiiht\u00e4j\u00e4n \u2013 Harri Elorannan \u2013 palkintokorokkeelle 1992 Albertvillen talviolympialaisissa. Valmentajapesti liiton kanssa p\u00e4\u00e4ttyi sill\u00e4 er\u00e4\u00e4 erimielisyyksiin. Ikola jatkoi valmentamista paikallisesti. Kirjassa Ikola pohtii syit\u00e4 sille, miksi ampumahiiht\u00e4j\u00e4mme eiv\u00e4t ole \u2013 Kaisa M\u00e4k\u00e4r\u00e4ist\u00e4 lukuun ottamatta \u2013 menestyneet kansainv\u00e4lisesti.<br \/>\nKilpailu- ja harjoitusmatkojen kulisseissa sattui ja tapahtui. Teoksesta selvi\u00e4\u00e4, miksi Suomen ampumahiihtomaajoukkue joutui poliisien saartamaksi harjoitusleirill\u00e4 Italiassa joulukuussa 1979 valmistautuessaan 1980 Lake Placidin talviolympialaisiin.<\/p>\n","protected":false},"excerpt":{"rendered":"<p>Suomen menestynein ampumahiiht\u00e4j\u00e4 Heikki Ikola (s. 1947) oli hiljainen mestari, joka ei halunnut korostaa itse\u00e4\u00e4n. H\u00e4n oli huipulla 1970-luvulla ja 1980-luvun alussa saavuttaen yhteens\u00e4 kymmenen MM- ja olympiamitalia. Vain olympialaisten kultamitali j\u00e4i kaksinkertaiselta Vuoden urheilijalta puuttumaan.  <\/p>\n<p>Kirjassa seurataan Ikolan lapsuutta Etel\u00e4-Pohjanmaalla Jurvassa ja Kanadan Timminsiss\u00e4 ja sen j\u00e4lkeen urheilijauran alkua sek\u00e4 huippuvuosia ampumahiiht\u00e4j\u00e4n\u00e4. Palvelu aktiiviupseerina Porin prikaatissa S\u00e4kyl\u00e4ss\u00e4 tarjosi Ikolalle hyv\u00e4t harjoitteluolosuhteet. Vuoden 1981 Lahden MM-kisojen j\u00e4lkeen Ikola l\u00e4hti tavoittelemaan puuttuvaa olympiakultaa. Eritt\u00e4in kova harjoittelu kostautui. Ikola valmensi itsens\u00e4 uuvuksiin. <\/p>\n<p>Urheilijauransa j\u00e4lkeen Ikola jatkoi armeijan palveluksessa ja kouluttautui ampumahiihdon valmentajaksi. Suomen Ampumahiihtoliitto kutsui Ikolan t\u00f6ihin, ja t\u00e4m\u00e4 valmensikin pitk\u00e4st\u00e4 aikaa suomalaisen ampumahiiht\u00e4j\u00e4n \u2013 Harri Elorannan \u2013 palkintokorokkeelle 1992 Albertvillen talviolympialaisissa. Valmentajapesti liiton kanssa p\u00e4\u00e4ttyi sill\u00e4 er\u00e4\u00e4 erimielisyyksiin. Ikola jatkoi valmentamista paikallisesti. Kirjassa Ikola pohtii syit\u00e4 sille, miksi ampumahiiht\u00e4j\u00e4mme eiv\u00e4t ole \u2013 Kaisa M\u00e4k\u00e4r\u00e4ist\u00e4 lukuun ottamatta \u2013 menestyneet kansainv\u00e4lisesti.<br \/>\nKilpailu- ja harjoitusmatkojen kulisseissa sattui ja tapahtui. Teoksesta selvi\u00e4\u00e4, miksi Suomen ampumahiihtomaajoukkue joutui poliisien saartamaksi harjoitusleirill\u00e4 Italiassa joulukuussa 1979 valmistautuessaan 1980 Lake Placidin talviolympialaisiin.<\/p>\n","protected":false},"featured_media":28505,"comment_status":"open","ping_status":"closed","template":"","meta":[],"product_brand":[],"product_cat":[516],"product_tag":[],"class_list":{"0":"post-28507","1":"product","2":"type-product","3":"status-publish","4":"has-post-thumbnail","6":"product_cat-julkaisusarja-en","7":"pa_book_authors-timomikkila-en","8":"pa_book_isbn-978_952_6644_18_9-en","9":"pa_book_issn-0782_3843-en","10":"pa_book_keywords-26-heikkiikola_ampumahiihto_u-en","11":"pa_book_language-suomi-en","12":"pa_book_pages-174-en","13":"pa_book_publisher-suomenurheilumuseosaatio-en","14":"pa_book_year-2021-en","16":"first","17":"outofstock","18":"sale","19":"taxable","20":"shipping-taxable","21":"purchasable","22":"product-type-simple"},"wcpa_form_fields":null,"yoast_head":"<!-- This site is optimized with the Yoast SEO plugin v27.2 - https:\/\/yoast.com\/product\/yoast-seo-wordpress\/ -->\n<title>Hiljainen mestari - TAHTO Shop<\/title>\n<meta name=\"robots\" content=\"index, follow, max-snippet:-1, max-image-preview:large, max-video-preview:-1\" \/>\n<link rel=\"canonical\" href=\"https:\/\/verkkokauppa.tahto.com\/tuote\/hiljainen-mestari\/\" \/>\n<meta property=\"og:locale\" content=\"en_US\" \/>\n<meta property=\"og:type\" content=\"article\" \/>\n<meta property=\"og:title\" content=\"Hiljainen mestari - TAHTO Shop\" \/>\n<meta property=\"og:description\" content=\"Suomen menestynein ampumahiiht\u00e4j\u00e4 Heikki Ikola (s. 1947) oli hiljainen mestari, joka ei halunnut korostaa itse\u00e4\u00e4n. H\u00e4n oli huipulla 1970-luvulla ja 1980-luvun alussa saavuttaen yhteens\u00e4 kymmenen MM- ja olympiamitalia. Vain olympialaisten kultamitali j\u00e4i kaksinkertaiselta Vuoden urheilijalta puuttumaan.   Kirjassa seurataan Ikolan lapsuutta Etel\u00e4-Pohjanmaalla Jurvassa ja Kanadan Timminsiss\u00e4 ja sen j\u00e4lkeen urheilijauran alkua sek\u00e4 huippuvuosia ampumahiiht\u00e4j\u00e4n\u00e4. Palvelu aktiiviupseerina Porin prikaatissa S\u00e4kyl\u00e4ss\u00e4 tarjosi Ikolalle hyv\u00e4t harjoitteluolosuhteet. Vuoden 1981 Lahden MM-kisojen j\u00e4lkeen Ikola l\u00e4hti tavoittelemaan puuttuvaa olympiakultaa. Eritt\u00e4in kova harjoittelu kostautui. Ikola valmensi itsens\u00e4 uuvuksiin.   Urheilijauransa j\u00e4lkeen Ikola jatkoi armeijan palveluksessa ja kouluttautui ampumahiihdon valmentajaksi. Suomen Ampumahiihtoliitto kutsui Ikolan t\u00f6ihin, ja t\u00e4m\u00e4 valmensikin pitk\u00e4st\u00e4 aikaa suomalaisen ampumahiiht\u00e4j\u00e4n \u2013 Harri Elorannan \u2013 palkintokorokkeelle 1992 Albertvillen talviolympialaisissa. Valmentajapesti liiton kanssa p\u00e4\u00e4ttyi sill\u00e4 er\u00e4\u00e4 erimielisyyksiin. Ikola jatkoi valmentamista paikallisesti. Kirjassa Ikola pohtii syit\u00e4 sille, miksi ampumahiiht\u00e4j\u00e4mme eiv\u00e4t ole \u2013 Kaisa M\u00e4k\u00e4r\u00e4ist\u00e4 lukuun ottamatta \u2013 menestyneet kansainv\u00e4lisesti.  Kilpailu- ja harjoitusmatkojen kulisseissa sattui ja tapahtui. Teoksesta selvi\u00e4\u00e4, miksi Suomen ampumahiihtomaajoukkue joutui poliisien saartamaksi harjoitusleirill\u00e4 Italiassa joulukuussa 1979 valmistautuessaan 1980 Lake Placidin talviolympialaisiin.\" \/>\n<meta property=\"og:url\" content=\"https:\/\/verkkokauppa.tahto.com\/tuote\/hiljainen-mestari\/\" \/>\n<meta property=\"og:site_name\" content=\"TAHTO Shop\" \/>\n<meta property=\"article:publisher\" content=\"https:\/\/www.facebook.com\/Urheilumuseo\" \/>\n<meta property=\"article:modified_time\" content=\"2021-10-18T10:32:24+00:00\" \/>\n<meta property=\"og:image\" content=\"https:\/\/verkkokauppa.tahto.com\/wp-content\/uploads\/2021\/10\/ikola_kansi-scaled.jpg\" \/>\n\t<meta property=\"og:image:width\" content=\"1768\" \/>\n\t<meta property=\"og:image:height\" content=\"2560\" \/>\n\t<meta property=\"og:image:type\" content=\"image\/jpeg\" \/>\n<meta name=\"twitter:card\" content=\"summary_large_image\" \/>\n<meta name=\"twitter:label1\" content=\"Est. reading time\" \/>\n\t<meta name=\"twitter:data1\" content=\"1 minute\" \/>\n<script type=\"application\/ld+json\" class=\"yoast-schema-graph\">{\"@context\":\"https:\/\/schema.org\",\"@graph\":[{\"@type\":\"WebPage\",\"@id\":\"https:\/\/verkkokauppa.tahto.com\/tuote\/hiljainen-mestari\/\",\"url\":\"https:\/\/verkkokauppa.tahto.com\/tuote\/hiljainen-mestari\/\",\"name\":\"Hiljainen mestari - TAHTO Shop\",\"isPartOf\":{\"@id\":\"https:\/\/verkkokauppa.tahto.com\/#website\"},\"primaryImageOfPage\":{\"@id\":\"https:\/\/verkkokauppa.tahto.com\/tuote\/hiljainen-mestari\/#primaryimage\"},\"image\":{\"@id\":\"https:\/\/verkkokauppa.tahto.com\/tuote\/hiljainen-mestari\/#primaryimage\"},\"thumbnailUrl\":\"https:\/\/verkkokauppa.tahto.com\/wp-content\/uploads\/2021\/10\/ikola_kansi-scaled.jpg\",\"datePublished\":\"2021-10-18T08:32:24+00:00\",\"dateModified\":\"2021-10-18T10:32:24+00:00\",\"breadcrumb\":{\"@id\":\"https:\/\/verkkokauppa.tahto.com\/tuote\/hiljainen-mestari\/#breadcrumb\"},\"inLanguage\":\"en-US\",\"potentialAction\":[{\"@type\":\"ReadAction\",\"target\":[\"https:\/\/verkkokauppa.tahto.com\/tuote\/hiljainen-mestari\/\"]}]},{\"@type\":\"ImageObject\",\"inLanguage\":\"en-US\",\"@id\":\"https:\/\/verkkokauppa.tahto.com\/tuote\/hiljainen-mestari\/#primaryimage\",\"url\":\"https:\/\/verkkokauppa.tahto.com\/wp-content\/uploads\/2021\/10\/ikola_kansi-scaled.jpg\",\"contentUrl\":\"https:\/\/verkkokauppa.tahto.com\/wp-content\/uploads\/2021\/10\/ikola_kansi-scaled.jpg\",\"width\":1768,\"height\":2560},{\"@type\":\"BreadcrumbList\",\"@id\":\"https:\/\/verkkokauppa.tahto.com\/tuote\/hiljainen-mestari\/#breadcrumb\",\"itemListElement\":[{\"@type\":\"ListItem\",\"position\":1,\"name\":\"Etusivu\",\"item\":\"https:\/\/verkkokauppa.tahto.com\/en\/\"},{\"@type\":\"ListItem\",\"position\":2,\"name\":\"Kauppa\",\"item\":\"https:\/\/verkkokauppa.tahto.com\/kauppa\/\"},{\"@type\":\"ListItem\",\"position\":3,\"name\":\"Hiljainen mestari\"}]},{\"@type\":\"WebSite\",\"@id\":\"https:\/\/verkkokauppa.tahto.com\/#website\",\"url\":\"https:\/\/verkkokauppa.tahto.com\/\",\"name\":\"TAHTO Shop\",\"description\":\"\",\"publisher\":{\"@id\":\"https:\/\/verkkokauppa.tahto.com\/#organization\"},\"potentialAction\":[{\"@type\":\"SearchAction\",\"target\":{\"@type\":\"EntryPoint\",\"urlTemplate\":\"https:\/\/verkkokauppa.tahto.com\/?s={search_term_string}\"},\"query-input\":{\"@type\":\"PropertyValueSpecification\",\"valueRequired\":true,\"valueName\":\"search_term_string\"}}],\"inLanguage\":\"en-US\"},{\"@type\":\"Organization\",\"@id\":\"https:\/\/verkkokauppa.tahto.com\/#organization\",\"name\":\"TAHTO Urheilun ja liikunnan kulttuurikeskus\",\"url\":\"https:\/\/verkkokauppa.tahto.com\/\",\"logo\":{\"@type\":\"ImageObject\",\"inLanguage\":\"en-US\",\"@id\":\"https:\/\/verkkokauppa.tahto.com\/#\/schema\/logo\/image\/\",\"url\":\"https:\/\/verkkokauppa.tahto.com\/wp-content\/uploads\/2022\/05\/cropped-cropped-TAHTO-logo_MV-plain-17.png\",\"contentUrl\":\"https:\/\/verkkokauppa.tahto.com\/wp-content\/uploads\/2022\/05\/cropped-cropped-TAHTO-logo_MV-plain-17.png\",\"width\":1442,\"height\":311,\"caption\":\"TAHTO Urheilun ja liikunnan kulttuurikeskus\"},\"image\":{\"@id\":\"https:\/\/verkkokauppa.tahto.com\/#\/schema\/logo\/image\/\"},\"sameAs\":[\"https:\/\/www.facebook.com\/Urheilumuseo\"]}]}<\/script>\n<!-- \/ Yoast SEO plugin. -->","yoast_head_json":{"title":"Hiljainen mestari - TAHTO Shop","robots":{"index":"index","follow":"follow","max-snippet":"max-snippet:-1","max-image-preview":"max-image-preview:large","max-video-preview":"max-video-preview:-1"},"canonical":"https:\/\/verkkokauppa.tahto.com\/tuote\/hiljainen-mestari\/","og_locale":"en_US","og_type":"article","og_title":"Hiljainen mestari - TAHTO Shop","og_description":"Suomen menestynein ampumahiiht\u00e4j\u00e4 Heikki Ikola (s. 1947) oli hiljainen mestari, joka ei halunnut korostaa itse\u00e4\u00e4n. H\u00e4n oli huipulla 1970-luvulla ja 1980-luvun alussa saavuttaen yhteens\u00e4 kymmenen MM- ja olympiamitalia. Vain olympialaisten kultamitali j\u00e4i kaksinkertaiselta Vuoden urheilijalta puuttumaan.   Kirjassa seurataan Ikolan lapsuutta Etel\u00e4-Pohjanmaalla Jurvassa ja Kanadan Timminsiss\u00e4 ja sen j\u00e4lkeen urheilijauran alkua sek\u00e4 huippuvuosia ampumahiiht\u00e4j\u00e4n\u00e4. Palvelu aktiiviupseerina Porin prikaatissa S\u00e4kyl\u00e4ss\u00e4 tarjosi Ikolalle hyv\u00e4t harjoitteluolosuhteet. Vuoden 1981 Lahden MM-kisojen j\u00e4lkeen Ikola l\u00e4hti tavoittelemaan puuttuvaa olympiakultaa. Eritt\u00e4in kova harjoittelu kostautui. Ikola valmensi itsens\u00e4 uuvuksiin.   Urheilijauransa j\u00e4lkeen Ikola jatkoi armeijan palveluksessa ja kouluttautui ampumahiihdon valmentajaksi. Suomen Ampumahiihtoliitto kutsui Ikolan t\u00f6ihin, ja t\u00e4m\u00e4 valmensikin pitk\u00e4st\u00e4 aikaa suomalaisen ampumahiiht\u00e4j\u00e4n \u2013 Harri Elorannan \u2013 palkintokorokkeelle 1992 Albertvillen talviolympialaisissa. Valmentajapesti liiton kanssa p\u00e4\u00e4ttyi sill\u00e4 er\u00e4\u00e4 erimielisyyksiin. Ikola jatkoi valmentamista paikallisesti. Kirjassa Ikola pohtii syit\u00e4 sille, miksi ampumahiiht\u00e4j\u00e4mme eiv\u00e4t ole \u2013 Kaisa M\u00e4k\u00e4r\u00e4ist\u00e4 lukuun ottamatta \u2013 menestyneet kansainv\u00e4lisesti.  Kilpailu- ja harjoitusmatkojen kulisseissa sattui ja tapahtui. Teoksesta selvi\u00e4\u00e4, miksi Suomen ampumahiihtomaajoukkue joutui poliisien saartamaksi harjoitusleirill\u00e4 Italiassa joulukuussa 1979 valmistautuessaan 1980 Lake Placidin talviolympialaisiin.","og_url":"https:\/\/verkkokauppa.tahto.com\/tuote\/hiljainen-mestari\/","og_site_name":"TAHTO Shop","article_publisher":"https:\/\/www.facebook.com\/Urheilumuseo","article_modified_time":"2021-10-18T10:32:24+00:00","og_image":[{"width":1768,"height":2560,"url":"https:\/\/verkkokauppa.tahto.com\/wp-content\/uploads\/2021\/10\/ikola_kansi-scaled.jpg","type":"image\/jpeg"}],"twitter_card":"summary_large_image","twitter_misc":{"Est. reading time":"1 minute"},"schema":{"@context":"https:\/\/schema.org","@graph":[{"@type":"WebPage","@id":"https:\/\/verkkokauppa.tahto.com\/tuote\/hiljainen-mestari\/","url":"https:\/\/verkkokauppa.tahto.com\/tuote\/hiljainen-mestari\/","name":"Hiljainen mestari - TAHTO Shop","isPartOf":{"@id":"https:\/\/verkkokauppa.tahto.com\/#website"},"primaryImageOfPage":{"@id":"https:\/\/verkkokauppa.tahto.com\/tuote\/hiljainen-mestari\/#primaryimage"},"image":{"@id":"https:\/\/verkkokauppa.tahto.com\/tuote\/hiljainen-mestari\/#primaryimage"},"thumbnailUrl":"https:\/\/verkkokauppa.tahto.com\/wp-content\/uploads\/2021\/10\/ikola_kansi-scaled.jpg","datePublished":"2021-10-18T08:32:24+00:00","dateModified":"2021-10-18T10:32:24+00:00","breadcrumb":{"@id":"https:\/\/verkkokauppa.tahto.com\/tuote\/hiljainen-mestari\/#breadcrumb"},"inLanguage":"en-US","potentialAction":[{"@type":"ReadAction","target":["https:\/\/verkkokauppa.tahto.com\/tuote\/hiljainen-mestari\/"]}]},{"@type":"ImageObject","inLanguage":"en-US","@id":"https:\/\/verkkokauppa.tahto.com\/tuote\/hiljainen-mestari\/#primaryimage","url":"https:\/\/verkkokauppa.tahto.com\/wp-content\/uploads\/2021\/10\/ikola_kansi-scaled.jpg","contentUrl":"https:\/\/verkkokauppa.tahto.com\/wp-content\/uploads\/2021\/10\/ikola_kansi-scaled.jpg","width":1768,"height":2560},{"@type":"BreadcrumbList","@id":"https:\/\/verkkokauppa.tahto.com\/tuote\/hiljainen-mestari\/#breadcrumb","itemListElement":[{"@type":"ListItem","position":1,"name":"Etusivu","item":"https:\/\/verkkokauppa.tahto.com\/en\/"},{"@type":"ListItem","position":2,"name":"Kauppa","item":"https:\/\/verkkokauppa.tahto.com\/kauppa\/"},{"@type":"ListItem","position":3,"name":"Hiljainen mestari"}]},{"@type":"WebSite","@id":"https:\/\/verkkokauppa.tahto.com\/#website","url":"https:\/\/verkkokauppa.tahto.com\/","name":"TAHTO Shop","description":"","publisher":{"@id":"https:\/\/verkkokauppa.tahto.com\/#organization"},"potentialAction":[{"@type":"SearchAction","target":{"@type":"EntryPoint","urlTemplate":"https:\/\/verkkokauppa.tahto.com\/?s={search_term_string}"},"query-input":{"@type":"PropertyValueSpecification","valueRequired":true,"valueName":"search_term_string"}}],"inLanguage":"en-US"},{"@type":"Organization","@id":"https:\/\/verkkokauppa.tahto.com\/#organization","name":"TAHTO Urheilun ja liikunnan kulttuurikeskus","url":"https:\/\/verkkokauppa.tahto.com\/","logo":{"@type":"ImageObject","inLanguage":"en-US","@id":"https:\/\/verkkokauppa.tahto.com\/#\/schema\/logo\/image\/","url":"https:\/\/verkkokauppa.tahto.com\/wp-content\/uploads\/2022\/05\/cropped-cropped-TAHTO-logo_MV-plain-17.png","contentUrl":"https:\/\/verkkokauppa.tahto.com\/wp-content\/uploads\/2022\/05\/cropped-cropped-TAHTO-logo_MV-plain-17.png","width":1442,"height":311,"caption":"TAHTO Urheilun ja liikunnan kulttuurikeskus"},"image":{"@id":"https:\/\/verkkokauppa.tahto.com\/#\/schema\/logo\/image\/"},"sameAs":["https:\/\/www.facebook.com\/Urheilumuseo"]}]}},"_links":{"self":[{"href":"https:\/\/verkkokauppa.tahto.com\/en\/wp-json\/wp\/v2\/product\/28507","targetHints":{"allow":["GET"]}}],"collection":[{"href":"https:\/\/verkkokauppa.tahto.com\/en\/wp-json\/wp\/v2\/product"}],"about":[{"href":"https:\/\/verkkokauppa.tahto.com\/en\/wp-json\/wp\/v2\/types\/product"}],"replies":[{"embeddable":true,"href":"https:\/\/verkkokauppa.tahto.com\/en\/wp-json\/wp\/v2\/comments?post=28507"}],"wp:featuredmedia":[{"embeddable":true,"href":"https:\/\/verkkokauppa.tahto.com\/en\/wp-json\/wp\/v2\/media\/28505"}],"wp:attachment":[{"href":"https:\/\/verkkokauppa.tahto.com\/en\/wp-json\/wp\/v2\/media?parent=28507"}],"wp:term":[{"taxonomy":"product_brand","embeddable":true,"href":"https:\/\/verkkokauppa.tahto.com\/en\/wp-json\/wp\/v2\/product_brand?post=28507"},{"taxonomy":"product_cat","embeddable":true,"href":"https:\/\/verkkokauppa.tahto.com\/en\/wp-json\/wp\/v2\/product_cat?post=28507"},{"taxonomy":"product_tag","embeddable":true,"href":"https:\/\/verkkokauppa.tahto.com\/en\/wp-json\/wp\/v2\/product_tag?post=28507"}],"curies":[{"name":"wp","href":"https:\/\/api.w.org\/{rel}","templated":true}]}}