{"id":5967,"date":"2016-04-22T12:43:41","date_gmt":"2016-04-22T10:43:41","guid":{"rendered":"https:\/\/verkkokauppa.tahto.com\/tuote\/jalkapalloelamaa\/"},"modified":"2016-04-22T12:43:41","modified_gmt":"2016-04-22T12:43:41","slug":"jalkapalloelamaa","status":"publish","type":"product","link":"https:\/\/verkkokauppa.tahto.com\/en\/tuote\/jalkapalloelamaa\/","title":{"rendered":"Jalkapalloel\u00e4m\u00e4\u00e4"},"content":{"rendered":"","protected":false},"excerpt":{"rendered":"<p>alkapalloel\u00e4m\u00e4\u00e4 on teos, jollaista ei Suomessa ole aiemmin julkaistu. Kootessaan yhteen el\u00e4myksi\u00e4, tunnelmia ja huippuhetki\u00e4 viidelt\u00e4 vuosikymmenelt\u00e4 kirja tulee kuvanneeksi kaikkea sit\u00e4 luovuutta, kekseli\u00e4isyytt\u00e4 ja tiedonjanoa, jota suomalaiselta vaaditaan kansainv\u00e4liseen jalkapalloon perehtymiseksi. Ennen kaikkea t\u00e4m\u00e4 asiantuntevasti kirjoitettu teos pyrkii v\u00e4litt\u00e4m\u00e4\u00e4n jalkapallon synnytt\u00e4m\u00e4\u00e4 onnistumisen, oivaltamisen ja osalllisuuden iloa, olipa kirjoittaja sitten totaalisen jalkapallon lumoissa, saksalaista jalkapallosielua etsim\u00e4ss\u00e4, kulttiseura FC Sankt Paulin jalanj\u00e4ljill\u00e4, Liverpoolin seuraidentiteetti\u00e4 tutkailemassa, managerilegenda Brian Cloughin oivalluksia pohdiskelemassa tai todistamassa Jari Litmasen sensaatiomaista l\u00e4pimurtokautta Ajaxissa.<\/p>\n","protected":false},"featured_media":5965,"comment_status":"open","ping_status":"closed","template":"","meta":[],"product_brand":[],"product_cat":[516],"product_tag":[],"class_list":{"0":"post-5967","1":"product","2":"type-product","3":"status-publish","4":"has-post-thumbnail","6":"product_cat-julkaisusarja-en","7":"pa_book_authors-erikrosendahl-en","8":"pa_book_isbn-978_952_6644_08_0-en","9":"pa_book_issn-0782_3843-en","10":"pa_book_keywords-jalkapallo_fani-en","11":"pa_book_language-suomi-en","12":"pa_book_pages-319-en","13":"pa_book_publisher-suomenurheilumuseosaatio-en","14":"pa_book_year-2015-en","16":"first","17":"instock","18":"sale","19":"taxable","20":"shipping-taxable","21":"purchasable","22":"product-type-simple"},"wcpa_form_fields":null,"yoast_head":"<!-- This site is optimized with the Yoast SEO plugin v27.5 - https:\/\/yoast.com\/product\/yoast-seo-wordpress\/ -->\n<title>Jalkapalloel\u00e4m\u00e4\u00e4 - TAHTO Shop<\/title>\n<meta name=\"robots\" content=\"index, follow, max-snippet:-1, max-image-preview:large, max-video-preview:-1\" \/>\n<link rel=\"canonical\" href=\"https:\/\/verkkokauppa.tahto.com\/en\/tuote\/jalkapalloelamaa\/\" \/>\n<meta property=\"og:locale\" content=\"en_US\" \/>\n<meta property=\"og:type\" content=\"article\" \/>\n<meta property=\"og:title\" content=\"Jalkapalloel\u00e4m\u00e4\u00e4 - TAHTO Shop\" \/>\n<meta property=\"og:description\" content=\"alkapalloel\u00e4m\u00e4\u00e4 on teos, jollaista ei Suomessa ole aiemmin julkaistu. Kootessaan yhteen el\u00e4myksi\u00e4, tunnelmia ja huippuhetki\u00e4 viidelt\u00e4 vuosikymmenelt\u00e4 kirja tulee kuvanneeksi kaikkea sit\u00e4 luovuutta, kekseli\u00e4isyytt\u00e4 ja tiedonjanoa, jota suomalaiselta vaaditaan kansainv\u00e4liseen jalkapalloon perehtymiseksi. Ennen kaikkea t\u00e4m\u00e4 asiantuntevasti kirjoitettu teos pyrkii v\u00e4litt\u00e4m\u00e4\u00e4n jalkapallon synnytt\u00e4m\u00e4\u00e4 onnistumisen, oivaltamisen ja osalllisuuden iloa, olipa kirjoittaja sitten totaalisen jalkapallon lumoissa, saksalaista jalkapallosielua etsim\u00e4ss\u00e4, kulttiseura FC Sankt Paulin jalanj\u00e4ljill\u00e4, Liverpoolin seuraidentiteetti\u00e4 tutkailemassa, managerilegenda Brian Cloughin oivalluksia pohdiskelemassa tai todistamassa Jari Litmasen sensaatiomaista l\u00e4pimurtokautta Ajaxissa.\" \/>\n<meta property=\"og:url\" content=\"https:\/\/verkkokauppa.tahto.com\/en\/tuote\/jalkapalloelamaa\/\" \/>\n<meta property=\"og:site_name\" content=\"TAHTO Shop\" \/>\n<meta property=\"article:publisher\" content=\"https:\/\/www.facebook.com\/Urheilumuseo\" \/>\n<meta property=\"article:modified_time\" content=\"2016-04-22T12:43:41+00:00\" \/>\n<meta property=\"og:image\" content=\"https:\/\/verkkokauppa.tahto.com\/wp-content\/uploads\/2016\/04\/julkaisusarja_jalkapalloelamaa_copy.jpg\" \/>\n\t<meta property=\"og:image:width\" content=\"300\" \/>\n\t<meta property=\"og:image:height\" content=\"436\" \/>\n\t<meta property=\"og:image:type\" content=\"image\/jpeg\" \/>\n<meta name=\"twitter:card\" content=\"summary_large_image\" \/>\n<script type=\"application\/ld+json\" class=\"yoast-schema-graph\">{\"@context\":\"https:\\\/\\\/schema.org\",\"@graph\":[{\"@type\":\"WebPage\",\"@id\":\"https:\\\/\\\/verkkokauppa.tahto.com\\\/en\\\/tuote\\\/jalkapalloelamaa\\\/\",\"url\":\"https:\\\/\\\/verkkokauppa.tahto.com\\\/en\\\/tuote\\\/jalkapalloelamaa\\\/\",\"name\":\"Jalkapalloel\u00e4m\u00e4\u00e4 - TAHTO Shop\",\"isPartOf\":{\"@id\":\"https:\\\/\\\/verkkokauppa.tahto.com\\\/#website\"},\"primaryImageOfPage\":{\"@id\":\"https:\\\/\\\/verkkokauppa.tahto.com\\\/en\\\/tuote\\\/jalkapalloelamaa\\\/#primaryimage\"},\"image\":{\"@id\":\"https:\\\/\\\/verkkokauppa.tahto.com\\\/en\\\/tuote\\\/jalkapalloelamaa\\\/#primaryimage\"},\"thumbnailUrl\":\"https:\\\/\\\/verkkokauppa.tahto.com\\\/wp-content\\\/uploads\\\/2016\\\/04\\\/julkaisusarja_jalkapalloelamaa_copy.jpg\",\"datePublished\":\"2016-04-22T10:43:41+00:00\",\"dateModified\":\"2016-04-22T12:43:41+00:00\",\"breadcrumb\":{\"@id\":\"https:\\\/\\\/verkkokauppa.tahto.com\\\/en\\\/tuote\\\/jalkapalloelamaa\\\/#breadcrumb\"},\"inLanguage\":\"en-US\",\"potentialAction\":[{\"@type\":\"ReadAction\",\"target\":[\"https:\\\/\\\/verkkokauppa.tahto.com\\\/en\\\/tuote\\\/jalkapalloelamaa\\\/\"]}]},{\"@type\":\"ImageObject\",\"inLanguage\":\"en-US\",\"@id\":\"https:\\\/\\\/verkkokauppa.tahto.com\\\/en\\\/tuote\\\/jalkapalloelamaa\\\/#primaryimage\",\"url\":\"https:\\\/\\\/verkkokauppa.tahto.com\\\/wp-content\\\/uploads\\\/2016\\\/04\\\/julkaisusarja_jalkapalloelamaa_copy.jpg\",\"contentUrl\":\"https:\\\/\\\/verkkokauppa.tahto.com\\\/wp-content\\\/uploads\\\/2016\\\/04\\\/julkaisusarja_jalkapalloelamaa_copy.jpg\",\"width\":300,\"height\":436},{\"@type\":\"BreadcrumbList\",\"@id\":\"https:\\\/\\\/verkkokauppa.tahto.com\\\/en\\\/tuote\\\/jalkapalloelamaa\\\/#breadcrumb\",\"itemListElement\":[{\"@type\":\"ListItem\",\"position\":1,\"name\":\"Etusivu\",\"item\":\"https:\\\/\\\/verkkokauppa.tahto.com\\\/en\\\/\"},{\"@type\":\"ListItem\",\"position\":2,\"name\":\"Kauppa\",\"item\":\"https:\\\/\\\/verkkokauppa.tahto.com\\\/kauppa\\\/\"},{\"@type\":\"ListItem\",\"position\":3,\"name\":\"Jalkapalloel\u00e4m\u00e4\u00e4\"}]},{\"@type\":\"WebSite\",\"@id\":\"https:\\\/\\\/verkkokauppa.tahto.com\\\/#website\",\"url\":\"https:\\\/\\\/verkkokauppa.tahto.com\\\/\",\"name\":\"TAHTO Shop\",\"description\":\"\",\"publisher\":{\"@id\":\"https:\\\/\\\/verkkokauppa.tahto.com\\\/#organization\"},\"potentialAction\":[{\"@type\":\"SearchAction\",\"target\":{\"@type\":\"EntryPoint\",\"urlTemplate\":\"https:\\\/\\\/verkkokauppa.tahto.com\\\/?s={search_term_string}\"},\"query-input\":{\"@type\":\"PropertyValueSpecification\",\"valueRequired\":true,\"valueName\":\"search_term_string\"}}],\"inLanguage\":\"en-US\"},{\"@type\":\"Organization\",\"@id\":\"https:\\\/\\\/verkkokauppa.tahto.com\\\/#organization\",\"name\":\"TAHTO Urheilun ja liikunnan kulttuurikeskus\",\"url\":\"https:\\\/\\\/verkkokauppa.tahto.com\\\/\",\"logo\":{\"@type\":\"ImageObject\",\"inLanguage\":\"en-US\",\"@id\":\"https:\\\/\\\/verkkokauppa.tahto.com\\\/#\\\/schema\\\/logo\\\/image\\\/\",\"url\":\"https:\\\/\\\/verkkokauppa.tahto.com\\\/wp-content\\\/uploads\\\/2022\\\/05\\\/cropped-cropped-TAHTO-logo_MV-plain-17.png\",\"contentUrl\":\"https:\\\/\\\/verkkokauppa.tahto.com\\\/wp-content\\\/uploads\\\/2022\\\/05\\\/cropped-cropped-TAHTO-logo_MV-plain-17.png\",\"width\":1442,\"height\":311,\"caption\":\"TAHTO Urheilun ja liikunnan kulttuurikeskus\"},\"image\":{\"@id\":\"https:\\\/\\\/verkkokauppa.tahto.com\\\/#\\\/schema\\\/logo\\\/image\\\/\"},\"sameAs\":[\"https:\\\/\\\/www.facebook.com\\\/Urheilumuseo\"]}]}<\/script>\n<!-- \/ Yoast SEO plugin. -->","yoast_head_json":{"title":"Jalkapalloel\u00e4m\u00e4\u00e4 - TAHTO Shop","robots":{"index":"index","follow":"follow","max-snippet":"max-snippet:-1","max-image-preview":"max-image-preview:large","max-video-preview":"max-video-preview:-1"},"canonical":"https:\/\/verkkokauppa.tahto.com\/en\/tuote\/jalkapalloelamaa\/","og_locale":"en_US","og_type":"article","og_title":"Jalkapalloel\u00e4m\u00e4\u00e4 - TAHTO Shop","og_description":"alkapalloel\u00e4m\u00e4\u00e4 on teos, jollaista ei Suomessa ole aiemmin julkaistu. Kootessaan yhteen el\u00e4myksi\u00e4, tunnelmia ja huippuhetki\u00e4 viidelt\u00e4 vuosikymmenelt\u00e4 kirja tulee kuvanneeksi kaikkea sit\u00e4 luovuutta, kekseli\u00e4isyytt\u00e4 ja tiedonjanoa, jota suomalaiselta vaaditaan kansainv\u00e4liseen jalkapalloon perehtymiseksi. Ennen kaikkea t\u00e4m\u00e4 asiantuntevasti kirjoitettu teos pyrkii v\u00e4litt\u00e4m\u00e4\u00e4n jalkapallon synnytt\u00e4m\u00e4\u00e4 onnistumisen, oivaltamisen ja osalllisuuden iloa, olipa kirjoittaja sitten totaalisen jalkapallon lumoissa, saksalaista jalkapallosielua etsim\u00e4ss\u00e4, kulttiseura FC Sankt Paulin jalanj\u00e4ljill\u00e4, Liverpoolin seuraidentiteetti\u00e4 tutkailemassa, managerilegenda Brian Cloughin oivalluksia pohdiskelemassa tai todistamassa Jari Litmasen sensaatiomaista l\u00e4pimurtokautta Ajaxissa.","og_url":"https:\/\/verkkokauppa.tahto.com\/en\/tuote\/jalkapalloelamaa\/","og_site_name":"TAHTO Shop","article_publisher":"https:\/\/www.facebook.com\/Urheilumuseo","article_modified_time":"2016-04-22T12:43:41+00:00","og_image":[{"width":300,"height":436,"url":"https:\/\/verkkokauppa.tahto.com\/wp-content\/uploads\/2016\/04\/julkaisusarja_jalkapalloelamaa_copy.jpg","type":"image\/jpeg"}],"twitter_card":"summary_large_image","schema":{"@context":"https:\/\/schema.org","@graph":[{"@type":"WebPage","@id":"https:\/\/verkkokauppa.tahto.com\/en\/tuote\/jalkapalloelamaa\/","url":"https:\/\/verkkokauppa.tahto.com\/en\/tuote\/jalkapalloelamaa\/","name":"Jalkapalloel\u00e4m\u00e4\u00e4 - TAHTO Shop","isPartOf":{"@id":"https:\/\/verkkokauppa.tahto.com\/#website"},"primaryImageOfPage":{"@id":"https:\/\/verkkokauppa.tahto.com\/en\/tuote\/jalkapalloelamaa\/#primaryimage"},"image":{"@id":"https:\/\/verkkokauppa.tahto.com\/en\/tuote\/jalkapalloelamaa\/#primaryimage"},"thumbnailUrl":"https:\/\/verkkokauppa.tahto.com\/wp-content\/uploads\/2016\/04\/julkaisusarja_jalkapalloelamaa_copy.jpg","datePublished":"2016-04-22T10:43:41+00:00","dateModified":"2016-04-22T12:43:41+00:00","breadcrumb":{"@id":"https:\/\/verkkokauppa.tahto.com\/en\/tuote\/jalkapalloelamaa\/#breadcrumb"},"inLanguage":"en-US","potentialAction":[{"@type":"ReadAction","target":["https:\/\/verkkokauppa.tahto.com\/en\/tuote\/jalkapalloelamaa\/"]}]},{"@type":"ImageObject","inLanguage":"en-US","@id":"https:\/\/verkkokauppa.tahto.com\/en\/tuote\/jalkapalloelamaa\/#primaryimage","url":"https:\/\/verkkokauppa.tahto.com\/wp-content\/uploads\/2016\/04\/julkaisusarja_jalkapalloelamaa_copy.jpg","contentUrl":"https:\/\/verkkokauppa.tahto.com\/wp-content\/uploads\/2016\/04\/julkaisusarja_jalkapalloelamaa_copy.jpg","width":300,"height":436},{"@type":"BreadcrumbList","@id":"https:\/\/verkkokauppa.tahto.com\/en\/tuote\/jalkapalloelamaa\/#breadcrumb","itemListElement":[{"@type":"ListItem","position":1,"name":"Etusivu","item":"https:\/\/verkkokauppa.tahto.com\/en\/"},{"@type":"ListItem","position":2,"name":"Kauppa","item":"https:\/\/verkkokauppa.tahto.com\/kauppa\/"},{"@type":"ListItem","position":3,"name":"Jalkapalloel\u00e4m\u00e4\u00e4"}]},{"@type":"WebSite","@id":"https:\/\/verkkokauppa.tahto.com\/#website","url":"https:\/\/verkkokauppa.tahto.com\/","name":"TAHTO Shop","description":"","publisher":{"@id":"https:\/\/verkkokauppa.tahto.com\/#organization"},"potentialAction":[{"@type":"SearchAction","target":{"@type":"EntryPoint","urlTemplate":"https:\/\/verkkokauppa.tahto.com\/?s={search_term_string}"},"query-input":{"@type":"PropertyValueSpecification","valueRequired":true,"valueName":"search_term_string"}}],"inLanguage":"en-US"},{"@type":"Organization","@id":"https:\/\/verkkokauppa.tahto.com\/#organization","name":"TAHTO Urheilun ja liikunnan kulttuurikeskus","url":"https:\/\/verkkokauppa.tahto.com\/","logo":{"@type":"ImageObject","inLanguage":"en-US","@id":"https:\/\/verkkokauppa.tahto.com\/#\/schema\/logo\/image\/","url":"https:\/\/verkkokauppa.tahto.com\/wp-content\/uploads\/2022\/05\/cropped-cropped-TAHTO-logo_MV-plain-17.png","contentUrl":"https:\/\/verkkokauppa.tahto.com\/wp-content\/uploads\/2022\/05\/cropped-cropped-TAHTO-logo_MV-plain-17.png","width":1442,"height":311,"caption":"TAHTO Urheilun ja liikunnan kulttuurikeskus"},"image":{"@id":"https:\/\/verkkokauppa.tahto.com\/#\/schema\/logo\/image\/"},"sameAs":["https:\/\/www.facebook.com\/Urheilumuseo"]}]}},"_links":{"self":[{"href":"https:\/\/verkkokauppa.tahto.com\/en\/wp-json\/wp\/v2\/product\/5967","targetHints":{"allow":["GET"]}}],"collection":[{"href":"https:\/\/verkkokauppa.tahto.com\/en\/wp-json\/wp\/v2\/product"}],"about":[{"href":"https:\/\/verkkokauppa.tahto.com\/en\/wp-json\/wp\/v2\/types\/product"}],"replies":[{"embeddable":true,"href":"https:\/\/verkkokauppa.tahto.com\/en\/wp-json\/wp\/v2\/comments?post=5967"}],"wp:featuredmedia":[{"embeddable":true,"href":"https:\/\/verkkokauppa.tahto.com\/en\/wp-json\/wp\/v2\/media\/5965"}],"wp:attachment":[{"href":"https:\/\/verkkokauppa.tahto.com\/en\/wp-json\/wp\/v2\/media?parent=5967"}],"wp:term":[{"taxonomy":"product_brand","embeddable":true,"href":"https:\/\/verkkokauppa.tahto.com\/en\/wp-json\/wp\/v2\/product_brand?post=5967"},{"taxonomy":"product_cat","embeddable":true,"href":"https:\/\/verkkokauppa.tahto.com\/en\/wp-json\/wp\/v2\/product_cat?post=5967"},{"taxonomy":"product_tag","embeddable":true,"href":"https:\/\/verkkokauppa.tahto.com\/en\/wp-json\/wp\/v2\/product_tag?post=5967"}],"curies":[{"name":"wp","href":"https:\/\/api.w.org\/{rel}","templated":true}]}}