{"id":5975,"date":"2016-04-22T13:21:32","date_gmt":"2016-04-22T11:21:32","guid":{"rendered":"https:\/\/verkkokauppa.tahto.com\/tuote\/pohjola-leiri-60-kuusi-vuosikymmenta-jaakiekon-pelaaja-aarteita\/"},"modified":"2016-04-22T13:21:32","modified_gmt":"2016-04-22T13:21:32","slug":"pohjola-leiri-60-kuusi-vuosikymmenta-jaakiekon-pelaaja-aarteita","status":"publish","type":"product","link":"https:\/\/verkkokauppa.tahto.com\/en\/tuote\/pohjola-leiri-60-kuusi-vuosikymmenta-jaakiekon-pelaaja-aarteita\/","title":{"rendered":"Pohjola-leiri 60. Kuusi vuosikymment\u00e4 j\u00e4\u00e4kiekon pelaaja-aarteita."},"content":{"rendered":"","protected":false},"excerpt":{"rendered":"<p>Pohjola-leiri on J\u00e4\u00e4kiekkoliiton Leijonanpolun t\u00e4htihetki. Jo 60 vuoden ajan ik\u00e4luokkansa parhaat pelaajat ovat hakeneet leirilt\u00e4 vauhtia uralleen. Leiri on ollut maajoukkuepelaajien hautomo, jonka kautta kansainv\u00e4lisiin kaukaloihin on kehittynyt satoja pelaajia. Millainen on Pohjola-leirin kuuden vuosikymmenen pituinen tarina? Mik\u00e4 on ollut leirin merkitys pelaajille? Miten leiri on muuttunut ja kehittynyt? Pohjola-leirin paras pelaaja on valittu vuodesta 1978. Ensimm\u00e4inen palkittu oli Timo Jutila, joka my\u00f6hemmin toimi kapteenina vuoden 1995 MM-kultajoukkueessa. Ketk\u00e4 muut on valittu leirin parhaiksi pelaajiksi? Miten leirin merkityksen arvioivat sen k\u00e4yneet huippupelaajat? Ent\u00e4 he, jotka eiv\u00e4t leirille osallistuneet? Michael Sundst\u00e9nin toimittamassa kirjassa on k\u00e4ytetty p\u00e4\u00e4l\u00e4hteen\u00e4 Jari Ruottisen tutkimusta &#8220;Pohjola-leirin historia &#8211; Leirin tarina alkuvuosista nykyp\u00e4iv\u00e4\u00e4n&#8221; (2006).<\/p>\n","protected":false},"featured_media":28776,"comment_status":"open","ping_status":"closed","template":"","meta":[],"product_brand":[],"product_cat":[516],"product_tag":[],"class_list":{"0":"post-5975","1":"product","2":"type-product","3":"status-publish","4":"has-post-thumbnail","6":"product_cat-julkaisusarja-en","7":"pa_book_authors-toimmichaelsundsten-en","8":"pa_book_isbn-978_952_6644_09_7-en","9":"pa_book_issn-0782_3843-en","10":"pa_book_keywords-5d-jaakiekko_pohjola_leiri_al-en","11":"pa_book_language-suomi-en","12":"pa_book_pages-240-en","13":"pa_book_publisher-suomenurheilumuseosaatio-en","14":"pa_book_year-2016-en","16":"first","17":"outofstock","18":"sale","19":"taxable","20":"shipping-taxable","21":"purchasable","22":"product-type-simple"},"wcpa_form_fields":null,"yoast_head":"<!-- This site is optimized with the Yoast SEO plugin v27.2 - https:\/\/yoast.com\/product\/yoast-seo-wordpress\/ -->\n<title>Pohjola-leiri 60. Kuusi vuosikymment\u00e4 j\u00e4\u00e4kiekon pelaaja-aarteita. - TAHTO Shop<\/title>\n<meta name=\"robots\" content=\"index, follow, max-snippet:-1, max-image-preview:large, max-video-preview:-1\" \/>\n<link rel=\"canonical\" href=\"https:\/\/verkkokauppa.tahto.com\/en\/tuote\/pohjola-leiri-60-kuusi-vuosikymmenta-jaakiekon-pelaaja-aarteita\/\" \/>\n<meta property=\"og:locale\" content=\"en_US\" \/>\n<meta property=\"og:type\" content=\"article\" \/>\n<meta property=\"og:title\" content=\"Pohjola-leiri 60. Kuusi vuosikymment\u00e4 j\u00e4\u00e4kiekon pelaaja-aarteita. - TAHTO Shop\" \/>\n<meta property=\"og:description\" content=\"Pohjola-leiri on J\u00e4\u00e4kiekkoliiton Leijonanpolun t\u00e4htihetki. Jo 60 vuoden ajan ik\u00e4luokkansa parhaat pelaajat ovat hakeneet leirilt\u00e4 vauhtia uralleen. Leiri on ollut maajoukkuepelaajien hautomo, jonka kautta kansainv\u00e4lisiin kaukaloihin on kehittynyt satoja pelaajia. Millainen on Pohjola-leirin kuuden vuosikymmenen pituinen tarina? Mik\u00e4 on ollut leirin merkitys pelaajille? Miten leiri on muuttunut ja kehittynyt? Pohjola-leirin paras pelaaja on valittu vuodesta 1978. Ensimm\u00e4inen palkittu oli Timo Jutila, joka my\u00f6hemmin toimi kapteenina vuoden 1995 MM-kultajoukkueessa. Ketk\u00e4 muut on valittu leirin parhaiksi pelaajiksi? Miten leirin merkityksen arvioivat sen k\u00e4yneet huippupelaajat? Ent\u00e4 he, jotka eiv\u00e4t leirille osallistuneet? Michael Sundst\u00e9nin toimittamassa kirjassa on k\u00e4ytetty p\u00e4\u00e4l\u00e4hteen\u00e4 Jari Ruottisen tutkimusta &quot;Pohjola-leirin historia - Leirin tarina alkuvuosista nykyp\u00e4iv\u00e4\u00e4n&quot; (2006).\" \/>\n<meta property=\"og:url\" content=\"https:\/\/verkkokauppa.tahto.com\/en\/tuote\/pohjola-leiri-60-kuusi-vuosikymmenta-jaakiekon-pelaaja-aarteita\/\" \/>\n<meta property=\"og:site_name\" content=\"TAHTO Shop\" \/>\n<meta property=\"article:publisher\" content=\"https:\/\/www.facebook.com\/Urheilumuseo\" \/>\n<meta property=\"article:modified_time\" content=\"2016-04-22T13:21:32+00:00\" \/>\n<meta property=\"og:image\" content=\"https:\/\/verkkokauppa.tahto.com\/wp-content\/uploads\/2016\/04\/pohjola_kansi_final-1.jpg\" \/>\n\t<meta property=\"og:image:width\" content=\"611\" \/>\n\t<meta property=\"og:image:height\" content=\"900\" \/>\n\t<meta property=\"og:image:type\" content=\"image\/jpeg\" \/>\n<meta name=\"twitter:card\" content=\"summary_large_image\" \/>\n<script type=\"application\/ld+json\" class=\"yoast-schema-graph\">{\"@context\":\"https:\/\/schema.org\",\"@graph\":[{\"@type\":\"WebPage\",\"@id\":\"https:\/\/verkkokauppa.tahto.com\/en\/tuote\/pohjola-leiri-60-kuusi-vuosikymmenta-jaakiekon-pelaaja-aarteita\/\",\"url\":\"https:\/\/verkkokauppa.tahto.com\/en\/tuote\/pohjola-leiri-60-kuusi-vuosikymmenta-jaakiekon-pelaaja-aarteita\/\",\"name\":\"Pohjola-leiri 60. Kuusi vuosikymment\u00e4 j\u00e4\u00e4kiekon pelaaja-aarteita. - TAHTO Shop\",\"isPartOf\":{\"@id\":\"https:\/\/verkkokauppa.tahto.com\/#website\"},\"primaryImageOfPage\":{\"@id\":\"https:\/\/verkkokauppa.tahto.com\/en\/tuote\/pohjola-leiri-60-kuusi-vuosikymmenta-jaakiekon-pelaaja-aarteita\/#primaryimage\"},\"image\":{\"@id\":\"https:\/\/verkkokauppa.tahto.com\/en\/tuote\/pohjola-leiri-60-kuusi-vuosikymmenta-jaakiekon-pelaaja-aarteita\/#primaryimage\"},\"thumbnailUrl\":\"https:\/\/verkkokauppa.tahto.com\/wp-content\/uploads\/2016\/04\/pohjola_kansi_final-1.jpg\",\"datePublished\":\"2016-04-22T11:21:32+00:00\",\"dateModified\":\"2016-04-22T13:21:32+00:00\",\"breadcrumb\":{\"@id\":\"https:\/\/verkkokauppa.tahto.com\/en\/tuote\/pohjola-leiri-60-kuusi-vuosikymmenta-jaakiekon-pelaaja-aarteita\/#breadcrumb\"},\"inLanguage\":\"en-US\",\"potentialAction\":[{\"@type\":\"ReadAction\",\"target\":[\"https:\/\/verkkokauppa.tahto.com\/en\/tuote\/pohjola-leiri-60-kuusi-vuosikymmenta-jaakiekon-pelaaja-aarteita\/\"]}]},{\"@type\":\"ImageObject\",\"inLanguage\":\"en-US\",\"@id\":\"https:\/\/verkkokauppa.tahto.com\/en\/tuote\/pohjola-leiri-60-kuusi-vuosikymmenta-jaakiekon-pelaaja-aarteita\/#primaryimage\",\"url\":\"https:\/\/verkkokauppa.tahto.com\/wp-content\/uploads\/2016\/04\/pohjola_kansi_final-1.jpg\",\"contentUrl\":\"https:\/\/verkkokauppa.tahto.com\/wp-content\/uploads\/2016\/04\/pohjola_kansi_final-1.jpg\",\"width\":611,\"height\":900},{\"@type\":\"BreadcrumbList\",\"@id\":\"https:\/\/verkkokauppa.tahto.com\/en\/tuote\/pohjola-leiri-60-kuusi-vuosikymmenta-jaakiekon-pelaaja-aarteita\/#breadcrumb\",\"itemListElement\":[{\"@type\":\"ListItem\",\"position\":1,\"name\":\"Etusivu\",\"item\":\"https:\/\/verkkokauppa.tahto.com\/en\/\"},{\"@type\":\"ListItem\",\"position\":2,\"name\":\"Kauppa\",\"item\":\"https:\/\/verkkokauppa.tahto.com\/kauppa\/\"},{\"@type\":\"ListItem\",\"position\":3,\"name\":\"Pohjola-leiri 60. Kuusi vuosikymment\u00e4 j\u00e4\u00e4kiekon pelaaja-aarteita.\"}]},{\"@type\":\"WebSite\",\"@id\":\"https:\/\/verkkokauppa.tahto.com\/#website\",\"url\":\"https:\/\/verkkokauppa.tahto.com\/\",\"name\":\"TAHTO Shop\",\"description\":\"\",\"publisher\":{\"@id\":\"https:\/\/verkkokauppa.tahto.com\/#organization\"},\"potentialAction\":[{\"@type\":\"SearchAction\",\"target\":{\"@type\":\"EntryPoint\",\"urlTemplate\":\"https:\/\/verkkokauppa.tahto.com\/?s={search_term_string}\"},\"query-input\":{\"@type\":\"PropertyValueSpecification\",\"valueRequired\":true,\"valueName\":\"search_term_string\"}}],\"inLanguage\":\"en-US\"},{\"@type\":\"Organization\",\"@id\":\"https:\/\/verkkokauppa.tahto.com\/#organization\",\"name\":\"TAHTO Urheilun ja liikunnan kulttuurikeskus\",\"url\":\"https:\/\/verkkokauppa.tahto.com\/\",\"logo\":{\"@type\":\"ImageObject\",\"inLanguage\":\"en-US\",\"@id\":\"https:\/\/verkkokauppa.tahto.com\/#\/schema\/logo\/image\/\",\"url\":\"https:\/\/verkkokauppa.tahto.com\/wp-content\/uploads\/2022\/05\/cropped-cropped-TAHTO-logo_MV-plain-17.png\",\"contentUrl\":\"https:\/\/verkkokauppa.tahto.com\/wp-content\/uploads\/2022\/05\/cropped-cropped-TAHTO-logo_MV-plain-17.png\",\"width\":1442,\"height\":311,\"caption\":\"TAHTO Urheilun ja liikunnan kulttuurikeskus\"},\"image\":{\"@id\":\"https:\/\/verkkokauppa.tahto.com\/#\/schema\/logo\/image\/\"},\"sameAs\":[\"https:\/\/www.facebook.com\/Urheilumuseo\"]}]}<\/script>\n<!-- \/ Yoast SEO plugin. -->","yoast_head_json":{"title":"Pohjola-leiri 60. Kuusi vuosikymment\u00e4 j\u00e4\u00e4kiekon pelaaja-aarteita. - TAHTO Shop","robots":{"index":"index","follow":"follow","max-snippet":"max-snippet:-1","max-image-preview":"max-image-preview:large","max-video-preview":"max-video-preview:-1"},"canonical":"https:\/\/verkkokauppa.tahto.com\/en\/tuote\/pohjola-leiri-60-kuusi-vuosikymmenta-jaakiekon-pelaaja-aarteita\/","og_locale":"en_US","og_type":"article","og_title":"Pohjola-leiri 60. Kuusi vuosikymment\u00e4 j\u00e4\u00e4kiekon pelaaja-aarteita. - TAHTO Shop","og_description":"Pohjola-leiri on J\u00e4\u00e4kiekkoliiton Leijonanpolun t\u00e4htihetki. Jo 60 vuoden ajan ik\u00e4luokkansa parhaat pelaajat ovat hakeneet leirilt\u00e4 vauhtia uralleen. Leiri on ollut maajoukkuepelaajien hautomo, jonka kautta kansainv\u00e4lisiin kaukaloihin on kehittynyt satoja pelaajia. Millainen on Pohjola-leirin kuuden vuosikymmenen pituinen tarina? Mik\u00e4 on ollut leirin merkitys pelaajille? Miten leiri on muuttunut ja kehittynyt? Pohjola-leirin paras pelaaja on valittu vuodesta 1978. Ensimm\u00e4inen palkittu oli Timo Jutila, joka my\u00f6hemmin toimi kapteenina vuoden 1995 MM-kultajoukkueessa. Ketk\u00e4 muut on valittu leirin parhaiksi pelaajiksi? Miten leirin merkityksen arvioivat sen k\u00e4yneet huippupelaajat? Ent\u00e4 he, jotka eiv\u00e4t leirille osallistuneet? Michael Sundst\u00e9nin toimittamassa kirjassa on k\u00e4ytetty p\u00e4\u00e4l\u00e4hteen\u00e4 Jari Ruottisen tutkimusta \"Pohjola-leirin historia - Leirin tarina alkuvuosista nykyp\u00e4iv\u00e4\u00e4n\" (2006).","og_url":"https:\/\/verkkokauppa.tahto.com\/en\/tuote\/pohjola-leiri-60-kuusi-vuosikymmenta-jaakiekon-pelaaja-aarteita\/","og_site_name":"TAHTO Shop","article_publisher":"https:\/\/www.facebook.com\/Urheilumuseo","article_modified_time":"2016-04-22T13:21:32+00:00","og_image":[{"width":611,"height":900,"url":"https:\/\/verkkokauppa.tahto.com\/wp-content\/uploads\/2016\/04\/pohjola_kansi_final-1.jpg","type":"image\/jpeg"}],"twitter_card":"summary_large_image","schema":{"@context":"https:\/\/schema.org","@graph":[{"@type":"WebPage","@id":"https:\/\/verkkokauppa.tahto.com\/en\/tuote\/pohjola-leiri-60-kuusi-vuosikymmenta-jaakiekon-pelaaja-aarteita\/","url":"https:\/\/verkkokauppa.tahto.com\/en\/tuote\/pohjola-leiri-60-kuusi-vuosikymmenta-jaakiekon-pelaaja-aarteita\/","name":"Pohjola-leiri 60. Kuusi vuosikymment\u00e4 j\u00e4\u00e4kiekon pelaaja-aarteita. - TAHTO Shop","isPartOf":{"@id":"https:\/\/verkkokauppa.tahto.com\/#website"},"primaryImageOfPage":{"@id":"https:\/\/verkkokauppa.tahto.com\/en\/tuote\/pohjola-leiri-60-kuusi-vuosikymmenta-jaakiekon-pelaaja-aarteita\/#primaryimage"},"image":{"@id":"https:\/\/verkkokauppa.tahto.com\/en\/tuote\/pohjola-leiri-60-kuusi-vuosikymmenta-jaakiekon-pelaaja-aarteita\/#primaryimage"},"thumbnailUrl":"https:\/\/verkkokauppa.tahto.com\/wp-content\/uploads\/2016\/04\/pohjola_kansi_final-1.jpg","datePublished":"2016-04-22T11:21:32+00:00","dateModified":"2016-04-22T13:21:32+00:00","breadcrumb":{"@id":"https:\/\/verkkokauppa.tahto.com\/en\/tuote\/pohjola-leiri-60-kuusi-vuosikymmenta-jaakiekon-pelaaja-aarteita\/#breadcrumb"},"inLanguage":"en-US","potentialAction":[{"@type":"ReadAction","target":["https:\/\/verkkokauppa.tahto.com\/en\/tuote\/pohjola-leiri-60-kuusi-vuosikymmenta-jaakiekon-pelaaja-aarteita\/"]}]},{"@type":"ImageObject","inLanguage":"en-US","@id":"https:\/\/verkkokauppa.tahto.com\/en\/tuote\/pohjola-leiri-60-kuusi-vuosikymmenta-jaakiekon-pelaaja-aarteita\/#primaryimage","url":"https:\/\/verkkokauppa.tahto.com\/wp-content\/uploads\/2016\/04\/pohjola_kansi_final-1.jpg","contentUrl":"https:\/\/verkkokauppa.tahto.com\/wp-content\/uploads\/2016\/04\/pohjola_kansi_final-1.jpg","width":611,"height":900},{"@type":"BreadcrumbList","@id":"https:\/\/verkkokauppa.tahto.com\/en\/tuote\/pohjola-leiri-60-kuusi-vuosikymmenta-jaakiekon-pelaaja-aarteita\/#breadcrumb","itemListElement":[{"@type":"ListItem","position":1,"name":"Etusivu","item":"https:\/\/verkkokauppa.tahto.com\/en\/"},{"@type":"ListItem","position":2,"name":"Kauppa","item":"https:\/\/verkkokauppa.tahto.com\/kauppa\/"},{"@type":"ListItem","position":3,"name":"Pohjola-leiri 60. Kuusi vuosikymment\u00e4 j\u00e4\u00e4kiekon pelaaja-aarteita."}]},{"@type":"WebSite","@id":"https:\/\/verkkokauppa.tahto.com\/#website","url":"https:\/\/verkkokauppa.tahto.com\/","name":"TAHTO Shop","description":"","publisher":{"@id":"https:\/\/verkkokauppa.tahto.com\/#organization"},"potentialAction":[{"@type":"SearchAction","target":{"@type":"EntryPoint","urlTemplate":"https:\/\/verkkokauppa.tahto.com\/?s={search_term_string}"},"query-input":{"@type":"PropertyValueSpecification","valueRequired":true,"valueName":"search_term_string"}}],"inLanguage":"en-US"},{"@type":"Organization","@id":"https:\/\/verkkokauppa.tahto.com\/#organization","name":"TAHTO Urheilun ja liikunnan kulttuurikeskus","url":"https:\/\/verkkokauppa.tahto.com\/","logo":{"@type":"ImageObject","inLanguage":"en-US","@id":"https:\/\/verkkokauppa.tahto.com\/#\/schema\/logo\/image\/","url":"https:\/\/verkkokauppa.tahto.com\/wp-content\/uploads\/2022\/05\/cropped-cropped-TAHTO-logo_MV-plain-17.png","contentUrl":"https:\/\/verkkokauppa.tahto.com\/wp-content\/uploads\/2022\/05\/cropped-cropped-TAHTO-logo_MV-plain-17.png","width":1442,"height":311,"caption":"TAHTO Urheilun ja liikunnan kulttuurikeskus"},"image":{"@id":"https:\/\/verkkokauppa.tahto.com\/#\/schema\/logo\/image\/"},"sameAs":["https:\/\/www.facebook.com\/Urheilumuseo"]}]}},"_links":{"self":[{"href":"https:\/\/verkkokauppa.tahto.com\/en\/wp-json\/wp\/v2\/product\/5975","targetHints":{"allow":["GET"]}}],"collection":[{"href":"https:\/\/verkkokauppa.tahto.com\/en\/wp-json\/wp\/v2\/product"}],"about":[{"href":"https:\/\/verkkokauppa.tahto.com\/en\/wp-json\/wp\/v2\/types\/product"}],"replies":[{"embeddable":true,"href":"https:\/\/verkkokauppa.tahto.com\/en\/wp-json\/wp\/v2\/comments?post=5975"}],"wp:featuredmedia":[{"embeddable":true,"href":"https:\/\/verkkokauppa.tahto.com\/en\/wp-json\/wp\/v2\/media\/28776"}],"wp:attachment":[{"href":"https:\/\/verkkokauppa.tahto.com\/en\/wp-json\/wp\/v2\/media?parent=5975"}],"wp:term":[{"taxonomy":"product_brand","embeddable":true,"href":"https:\/\/verkkokauppa.tahto.com\/en\/wp-json\/wp\/v2\/product_brand?post=5975"},{"taxonomy":"product_cat","embeddable":true,"href":"https:\/\/verkkokauppa.tahto.com\/en\/wp-json\/wp\/v2\/product_cat?post=5975"},{"taxonomy":"product_tag","embeddable":true,"href":"https:\/\/verkkokauppa.tahto.com\/en\/wp-json\/wp\/v2\/product_tag?post=5975"}],"curies":[{"name":"wp","href":"https:\/\/api.w.org\/{rel}","templated":true}]}}