{"id":5983,"date":"2016-04-22T13:40:29","date_gmt":"2016-04-22T11:40:29","guid":{"rendered":"https:\/\/verkkokauppa.tahto.com\/tuote\/tarinapelia-sponsorin-kasikirja\/"},"modified":"2016-04-22T13:40:29","modified_gmt":"2016-04-22T13:40:29","slug":"tarinapelia-sponsorin-kasikirja","status":"publish","type":"product","link":"https:\/\/verkkokauppa.tahto.com\/en\/tuote\/tarinapelia-sponsorin-kasikirja\/","title":{"rendered":"Tarinapeli\u00e4 &#8211; Sponsorin k\u00e4sikirja"},"content":{"rendered":"","protected":false},"excerpt":{"rendered":"<p>Kirjan p\u00e4\u00e4tavoitteena on luoda kokonaisvaltainen kuva nykyaikaisesta sponsorointiyhteisty\u00f6st\u00e4. Kirjan runko muodostuu teoreettisesta viitekehyksest\u00e4 ja TARINA-toimintaohjelmasta. Ohjelma kertoo konkreettisesti ja yksityiskohtaisesti, mit\u00e4 miss\u00e4kin vaiheessa tulee tehd\u00e4. Kirjassa on my\u00f6s t\u00e4ydent\u00e4v\u00e4\u00e4 tietoa, ajatuksia her\u00e4tt\u00e4vi\u00e4 asiantuntijan\u00e4kemyksi\u00e4 ja esimerkkej\u00e4 el\u00e4v\u00e4st\u00e4 el\u00e4m\u00e4st\u00e4. Kirja on julkaistu yhteisty\u00f6ss\u00e4 Mainostajien Liiton kanssa.<\/p>\n","protected":false},"featured_media":5981,"comment_status":"open","ping_status":"closed","template":"","meta":[],"product_brand":[],"product_cat":[516],"product_tag":[],"class_list":{"0":"post-5983","1":"product","2":"type-product","3":"status-publish","4":"has-post-thumbnail","6":"product_cat-julkaisusarja-en","7":"pa_book_authors-erkkialaja_christinaforssell-en","8":"pa_book_isbn-952_99075_1_6-en","9":"pa_book_issn-0782_3843-en","10":"pa_book_keywords-df-urheilumarkkinointi_urheil-en","11":"pa_book_language-suomi-en","12":"pa_book_pages-184-en","13":"pa_book_publisher-suomenurheilumuseosaatio-en","14":"pa_book_year-2004-en","16":"first","17":"instock","18":"sale","19":"taxable","20":"shipping-taxable","21":"purchasable","22":"product-type-simple"},"wcpa_form_fields":null,"yoast_head":"<!-- This site is optimized with the Yoast SEO plugin v27.2 - https:\/\/yoast.com\/product\/yoast-seo-wordpress\/ -->\n<title>Tarinapeli\u00e4 - Sponsorin k\u00e4sikirja - TAHTO Shop<\/title>\n<meta name=\"robots\" content=\"index, follow, max-snippet:-1, max-image-preview:large, max-video-preview:-1\" \/>\n<link rel=\"canonical\" href=\"https:\/\/verkkokauppa.tahto.com\/en\/tuote\/tarinapelia-sponsorin-kasikirja\/\" \/>\n<meta property=\"og:locale\" content=\"en_US\" \/>\n<meta property=\"og:type\" content=\"article\" \/>\n<meta property=\"og:title\" content=\"Tarinapeli\u00e4 - Sponsorin k\u00e4sikirja - TAHTO Shop\" \/>\n<meta property=\"og:description\" content=\"Kirjan p\u00e4\u00e4tavoitteena on luoda kokonaisvaltainen kuva nykyaikaisesta sponsorointiyhteisty\u00f6st\u00e4. Kirjan runko muodostuu teoreettisesta viitekehyksest\u00e4 ja TARINA-toimintaohjelmasta. Ohjelma kertoo konkreettisesti ja yksityiskohtaisesti, mit\u00e4 miss\u00e4kin vaiheessa tulee tehd\u00e4. Kirjassa on my\u00f6s t\u00e4ydent\u00e4v\u00e4\u00e4 tietoa, ajatuksia her\u00e4tt\u00e4vi\u00e4 asiantuntijan\u00e4kemyksi\u00e4 ja esimerkkej\u00e4 el\u00e4v\u00e4st\u00e4 el\u00e4m\u00e4st\u00e4. Kirja on julkaistu yhteisty\u00f6ss\u00e4 Mainostajien Liiton kanssa.\" \/>\n<meta property=\"og:url\" content=\"https:\/\/verkkokauppa.tahto.com\/en\/tuote\/tarinapelia-sponsorin-kasikirja\/\" \/>\n<meta property=\"og:site_name\" content=\"TAHTO Shop\" \/>\n<meta property=\"article:publisher\" content=\"https:\/\/www.facebook.com\/Urheilumuseo\" \/>\n<meta property=\"article:modified_time\" content=\"2016-04-22T13:40:29+00:00\" \/>\n<meta property=\"og:image\" content=\"https:\/\/verkkokauppa.tahto.com\/wp-content\/uploads\/2016\/04\/ums029_tarinapeli_._sponsorin_k_sikirja_kopio.jpg\" \/>\n\t<meta property=\"og:image:width\" content=\"638\" \/>\n\t<meta property=\"og:image:height\" content=\"900\" \/>\n\t<meta property=\"og:image:type\" content=\"image\/jpeg\" \/>\n<meta name=\"twitter:card\" content=\"summary_large_image\" \/>\n<script type=\"application\/ld+json\" class=\"yoast-schema-graph\">{\"@context\":\"https:\/\/schema.org\",\"@graph\":[{\"@type\":\"WebPage\",\"@id\":\"https:\/\/verkkokauppa.tahto.com\/en\/tuote\/tarinapelia-sponsorin-kasikirja\/\",\"url\":\"https:\/\/verkkokauppa.tahto.com\/en\/tuote\/tarinapelia-sponsorin-kasikirja\/\",\"name\":\"Tarinapeli\u00e4 - Sponsorin k\u00e4sikirja - TAHTO Shop\",\"isPartOf\":{\"@id\":\"https:\/\/verkkokauppa.tahto.com\/#website\"},\"primaryImageOfPage\":{\"@id\":\"https:\/\/verkkokauppa.tahto.com\/en\/tuote\/tarinapelia-sponsorin-kasikirja\/#primaryimage\"},\"image\":{\"@id\":\"https:\/\/verkkokauppa.tahto.com\/en\/tuote\/tarinapelia-sponsorin-kasikirja\/#primaryimage\"},\"thumbnailUrl\":\"https:\/\/verkkokauppa.tahto.com\/wp-content\/uploads\/2016\/04\/ums029_tarinapeli_._sponsorin_k_sikirja_kopio.jpg\",\"datePublished\":\"2016-04-22T11:40:29+00:00\",\"dateModified\":\"2016-04-22T13:40:29+00:00\",\"breadcrumb\":{\"@id\":\"https:\/\/verkkokauppa.tahto.com\/en\/tuote\/tarinapelia-sponsorin-kasikirja\/#breadcrumb\"},\"inLanguage\":\"en-US\",\"potentialAction\":[{\"@type\":\"ReadAction\",\"target\":[\"https:\/\/verkkokauppa.tahto.com\/en\/tuote\/tarinapelia-sponsorin-kasikirja\/\"]}]},{\"@type\":\"ImageObject\",\"inLanguage\":\"en-US\",\"@id\":\"https:\/\/verkkokauppa.tahto.com\/en\/tuote\/tarinapelia-sponsorin-kasikirja\/#primaryimage\",\"url\":\"https:\/\/verkkokauppa.tahto.com\/wp-content\/uploads\/2016\/04\/ums029_tarinapeli_._sponsorin_k_sikirja_kopio.jpg\",\"contentUrl\":\"https:\/\/verkkokauppa.tahto.com\/wp-content\/uploads\/2016\/04\/ums029_tarinapeli_._sponsorin_k_sikirja_kopio.jpg\",\"width\":638,\"height\":900},{\"@type\":\"BreadcrumbList\",\"@id\":\"https:\/\/verkkokauppa.tahto.com\/en\/tuote\/tarinapelia-sponsorin-kasikirja\/#breadcrumb\",\"itemListElement\":[{\"@type\":\"ListItem\",\"position\":1,\"name\":\"Etusivu\",\"item\":\"https:\/\/verkkokauppa.tahto.com\/en\/\"},{\"@type\":\"ListItem\",\"position\":2,\"name\":\"Kauppa\",\"item\":\"https:\/\/verkkokauppa.tahto.com\/kauppa\/\"},{\"@type\":\"ListItem\",\"position\":3,\"name\":\"Tarinapeli\u00e4 &#8211; Sponsorin k\u00e4sikirja\"}]},{\"@type\":\"WebSite\",\"@id\":\"https:\/\/verkkokauppa.tahto.com\/#website\",\"url\":\"https:\/\/verkkokauppa.tahto.com\/\",\"name\":\"TAHTO Shop\",\"description\":\"\",\"publisher\":{\"@id\":\"https:\/\/verkkokauppa.tahto.com\/#organization\"},\"potentialAction\":[{\"@type\":\"SearchAction\",\"target\":{\"@type\":\"EntryPoint\",\"urlTemplate\":\"https:\/\/verkkokauppa.tahto.com\/?s={search_term_string}\"},\"query-input\":{\"@type\":\"PropertyValueSpecification\",\"valueRequired\":true,\"valueName\":\"search_term_string\"}}],\"inLanguage\":\"en-US\"},{\"@type\":\"Organization\",\"@id\":\"https:\/\/verkkokauppa.tahto.com\/#organization\",\"name\":\"TAHTO Urheilun ja liikunnan kulttuurikeskus\",\"url\":\"https:\/\/verkkokauppa.tahto.com\/\",\"logo\":{\"@type\":\"ImageObject\",\"inLanguage\":\"en-US\",\"@id\":\"https:\/\/verkkokauppa.tahto.com\/#\/schema\/logo\/image\/\",\"url\":\"https:\/\/verkkokauppa.tahto.com\/wp-content\/uploads\/2022\/05\/cropped-cropped-TAHTO-logo_MV-plain-17.png\",\"contentUrl\":\"https:\/\/verkkokauppa.tahto.com\/wp-content\/uploads\/2022\/05\/cropped-cropped-TAHTO-logo_MV-plain-17.png\",\"width\":1442,\"height\":311,\"caption\":\"TAHTO Urheilun ja liikunnan kulttuurikeskus\"},\"image\":{\"@id\":\"https:\/\/verkkokauppa.tahto.com\/#\/schema\/logo\/image\/\"},\"sameAs\":[\"https:\/\/www.facebook.com\/Urheilumuseo\"]}]}<\/script>\n<!-- \/ Yoast SEO plugin. -->","yoast_head_json":{"title":"Tarinapeli\u00e4 - Sponsorin k\u00e4sikirja - TAHTO Shop","robots":{"index":"index","follow":"follow","max-snippet":"max-snippet:-1","max-image-preview":"max-image-preview:large","max-video-preview":"max-video-preview:-1"},"canonical":"https:\/\/verkkokauppa.tahto.com\/en\/tuote\/tarinapelia-sponsorin-kasikirja\/","og_locale":"en_US","og_type":"article","og_title":"Tarinapeli\u00e4 - Sponsorin k\u00e4sikirja - TAHTO Shop","og_description":"Kirjan p\u00e4\u00e4tavoitteena on luoda kokonaisvaltainen kuva nykyaikaisesta sponsorointiyhteisty\u00f6st\u00e4. Kirjan runko muodostuu teoreettisesta viitekehyksest\u00e4 ja TARINA-toimintaohjelmasta. Ohjelma kertoo konkreettisesti ja yksityiskohtaisesti, mit\u00e4 miss\u00e4kin vaiheessa tulee tehd\u00e4. Kirjassa on my\u00f6s t\u00e4ydent\u00e4v\u00e4\u00e4 tietoa, ajatuksia her\u00e4tt\u00e4vi\u00e4 asiantuntijan\u00e4kemyksi\u00e4 ja esimerkkej\u00e4 el\u00e4v\u00e4st\u00e4 el\u00e4m\u00e4st\u00e4. Kirja on julkaistu yhteisty\u00f6ss\u00e4 Mainostajien Liiton kanssa.","og_url":"https:\/\/verkkokauppa.tahto.com\/en\/tuote\/tarinapelia-sponsorin-kasikirja\/","og_site_name":"TAHTO Shop","article_publisher":"https:\/\/www.facebook.com\/Urheilumuseo","article_modified_time":"2016-04-22T13:40:29+00:00","og_image":[{"width":638,"height":900,"url":"https:\/\/verkkokauppa.tahto.com\/wp-content\/uploads\/2016\/04\/ums029_tarinapeli_._sponsorin_k_sikirja_kopio.jpg","type":"image\/jpeg"}],"twitter_card":"summary_large_image","schema":{"@context":"https:\/\/schema.org","@graph":[{"@type":"WebPage","@id":"https:\/\/verkkokauppa.tahto.com\/en\/tuote\/tarinapelia-sponsorin-kasikirja\/","url":"https:\/\/verkkokauppa.tahto.com\/en\/tuote\/tarinapelia-sponsorin-kasikirja\/","name":"Tarinapeli\u00e4 - Sponsorin k\u00e4sikirja - TAHTO Shop","isPartOf":{"@id":"https:\/\/verkkokauppa.tahto.com\/#website"},"primaryImageOfPage":{"@id":"https:\/\/verkkokauppa.tahto.com\/en\/tuote\/tarinapelia-sponsorin-kasikirja\/#primaryimage"},"image":{"@id":"https:\/\/verkkokauppa.tahto.com\/en\/tuote\/tarinapelia-sponsorin-kasikirja\/#primaryimage"},"thumbnailUrl":"https:\/\/verkkokauppa.tahto.com\/wp-content\/uploads\/2016\/04\/ums029_tarinapeli_._sponsorin_k_sikirja_kopio.jpg","datePublished":"2016-04-22T11:40:29+00:00","dateModified":"2016-04-22T13:40:29+00:00","breadcrumb":{"@id":"https:\/\/verkkokauppa.tahto.com\/en\/tuote\/tarinapelia-sponsorin-kasikirja\/#breadcrumb"},"inLanguage":"en-US","potentialAction":[{"@type":"ReadAction","target":["https:\/\/verkkokauppa.tahto.com\/en\/tuote\/tarinapelia-sponsorin-kasikirja\/"]}]},{"@type":"ImageObject","inLanguage":"en-US","@id":"https:\/\/verkkokauppa.tahto.com\/en\/tuote\/tarinapelia-sponsorin-kasikirja\/#primaryimage","url":"https:\/\/verkkokauppa.tahto.com\/wp-content\/uploads\/2016\/04\/ums029_tarinapeli_._sponsorin_k_sikirja_kopio.jpg","contentUrl":"https:\/\/verkkokauppa.tahto.com\/wp-content\/uploads\/2016\/04\/ums029_tarinapeli_._sponsorin_k_sikirja_kopio.jpg","width":638,"height":900},{"@type":"BreadcrumbList","@id":"https:\/\/verkkokauppa.tahto.com\/en\/tuote\/tarinapelia-sponsorin-kasikirja\/#breadcrumb","itemListElement":[{"@type":"ListItem","position":1,"name":"Etusivu","item":"https:\/\/verkkokauppa.tahto.com\/en\/"},{"@type":"ListItem","position":2,"name":"Kauppa","item":"https:\/\/verkkokauppa.tahto.com\/kauppa\/"},{"@type":"ListItem","position":3,"name":"Tarinapeli\u00e4 &#8211; Sponsorin k\u00e4sikirja"}]},{"@type":"WebSite","@id":"https:\/\/verkkokauppa.tahto.com\/#website","url":"https:\/\/verkkokauppa.tahto.com\/","name":"TAHTO Shop","description":"","publisher":{"@id":"https:\/\/verkkokauppa.tahto.com\/#organization"},"potentialAction":[{"@type":"SearchAction","target":{"@type":"EntryPoint","urlTemplate":"https:\/\/verkkokauppa.tahto.com\/?s={search_term_string}"},"query-input":{"@type":"PropertyValueSpecification","valueRequired":true,"valueName":"search_term_string"}}],"inLanguage":"en-US"},{"@type":"Organization","@id":"https:\/\/verkkokauppa.tahto.com\/#organization","name":"TAHTO Urheilun ja liikunnan kulttuurikeskus","url":"https:\/\/verkkokauppa.tahto.com\/","logo":{"@type":"ImageObject","inLanguage":"en-US","@id":"https:\/\/verkkokauppa.tahto.com\/#\/schema\/logo\/image\/","url":"https:\/\/verkkokauppa.tahto.com\/wp-content\/uploads\/2022\/05\/cropped-cropped-TAHTO-logo_MV-plain-17.png","contentUrl":"https:\/\/verkkokauppa.tahto.com\/wp-content\/uploads\/2022\/05\/cropped-cropped-TAHTO-logo_MV-plain-17.png","width":1442,"height":311,"caption":"TAHTO Urheilun ja liikunnan kulttuurikeskus"},"image":{"@id":"https:\/\/verkkokauppa.tahto.com\/#\/schema\/logo\/image\/"},"sameAs":["https:\/\/www.facebook.com\/Urheilumuseo"]}]}},"_links":{"self":[{"href":"https:\/\/verkkokauppa.tahto.com\/en\/wp-json\/wp\/v2\/product\/5983","targetHints":{"allow":["GET"]}}],"collection":[{"href":"https:\/\/verkkokauppa.tahto.com\/en\/wp-json\/wp\/v2\/product"}],"about":[{"href":"https:\/\/verkkokauppa.tahto.com\/en\/wp-json\/wp\/v2\/types\/product"}],"replies":[{"embeddable":true,"href":"https:\/\/verkkokauppa.tahto.com\/en\/wp-json\/wp\/v2\/comments?post=5983"}],"wp:featuredmedia":[{"embeddable":true,"href":"https:\/\/verkkokauppa.tahto.com\/en\/wp-json\/wp\/v2\/media\/5981"}],"wp:attachment":[{"href":"https:\/\/verkkokauppa.tahto.com\/en\/wp-json\/wp\/v2\/media?parent=5983"}],"wp:term":[{"taxonomy":"product_brand","embeddable":true,"href":"https:\/\/verkkokauppa.tahto.com\/en\/wp-json\/wp\/v2\/product_brand?post=5983"},{"taxonomy":"product_cat","embeddable":true,"href":"https:\/\/verkkokauppa.tahto.com\/en\/wp-json\/wp\/v2\/product_cat?post=5983"},{"taxonomy":"product_tag","embeddable":true,"href":"https:\/\/verkkokauppa.tahto.com\/en\/wp-json\/wp\/v2\/product_tag?post=5983"}],"curies":[{"name":"wp","href":"https:\/\/api.w.org\/{rel}","templated":true}]}}